{"id":28899,"date":"2019-05-29T10:57:21","date_gmt":"2019-05-29T08:57:21","guid":{"rendered":"http:\/\/linguisticaaplicada.webs.uvigo.gal\/informacion\/xustificacion\/"},"modified":"2020-09-23T09:21:13","modified_gmt":"2020-09-23T07:21:13","slug":"justification","status":"publish","type":"page","link":"http:\/\/mila.uvigo.gal\/en\/information\/justification\/","title":{"rendered":"Justification"},"content":{"rendered":"<div id=\"accordion0\" class=\"accordion \" role=\"tablist\" aria-multiselectable=\"true\" >\n<div class=\"card\" >\n<div class=\"card-header\"><a class=\"collapse \" data-toggle=\"collapse\" data-parent=\"#accordion0\" href=\"#collapse0\" aria-controls=\"collapse0\"> Degree justification. Academic, scientific and professional interest <\/a><\/div>\n<div id=\"collapse0\" class=\"collapse show\" role=\"tabpanel\" data-parent=\"#accordion0\"><div class=\"card-body\">\n<p class=\"card-text\">This Master\u2019s Degree has been designed to offer students a solid background in theoretical and applied linguistics. The mandatory subject module provides students with the theoretical-practical basis necessary for any type of Linguistics Master\u2019s Degrees Final Project. The optional subject module enables students to specialise in different fields of their choice. We want to train highly qualified specialists in linguistics, who can work in multidisciplinary environments, possess communicative skills, know and manage specific languages, master the new technologies and virtual environments, and know how to manage and organise information, as demanded by the labour market. The Master\u2019s Degree is also intended as a period of previous training to access a PhD programme in the linguistic field.<\/p>\n<p class=\"card-text\">The essentially applied nature of this Master\u2019s Degree we think will be one of the main basis for its success. During the last few years we assist to a quick European and worldwide evolution in the field of applied linguistics. There are more and more fields implied in which theoretical research on language is being applied.  From the traditional field of the languages teaching to the current field of communication in companies, many of the current linguistics work on getting specialised to face professional specific tasks. To address the new challenges of modern society and the labour market needs new professions have come to existence, like linguistic and intercultural mediators, communication in companies\u2019 experts, lexicographer computer scientists, educational advisor, language advisor for the deaf community, etc. The teaching, researching and professional experience of the teaching staff from the Master\u2019s Degrees from which this Master\u2019s Degree arises has enabled to provide an innovative training for our students in terms of research, but also for the business world.<\/p>\n<p class=\"card-text\">This Master\u2019s Degree has a very relevant academic interest, as it enable students, depending on their origins (graduated in languages, philology, communication, psychology, sociology, translation, advertising, etc.) to acquire or reinforce an advanced linguistic training (mandatory subjects module, with methodological and fundamental subjects) and to specialise in one of the applied options which group the optional subjects.<\/p>\n<p class=\"card-text\">The students of the Master\u2019s Degree must carry out professional internships, as the first step into the labour market. To perform these internships, there are agreements signed by the participating universities and also specific agreements. Hereafter you can find some of the current agreements: Cultural Group Alexandre B\u00f3veda, Publisher Alvarellos, Library Gonz\u00e1lez- Garc\u00e9s, House Museum Emilia Pardo Baz\u00e1n, Supercomputing Centre of Galicia (CESGA), Red Cross, Publisher Netbiblo, Ferrol Sport Management, Galebook, Publisher H\u00e9rcules, Imaxin Software, A Opini\u00f3n, MACUF (Museum of Modern Art, Internet manufacturers (Koinedigital.com), Meubook, Netex Knowledge Factory S. L., Linguistic Normalisation Service of Betanzos Council, Linguistic Normalisation Service of Coru\u00f1a Council, Publisher Urco, Hotel School (A Barcia\/Santiago), Publisher Obradoiro and Galician TV.<\/p>\n<\/div><\/div>\n<\/div>\n<div class=\"card\" >\n<div class=\"card-header\"><a class=\"collapse  collapsed\" data-toggle=\"collapse\" data-parent=\"#accordion0\" href=\"#collapse1\" aria-controls=\"collapse1\"> Referents external to the University <\/a><\/div>\n<div id=\"collapse1\" class=\"collapse\" role=\"tabpanel\" data-parent=\"#accordion0\"><div class=\"card-body\">\n<p class=\"card-text\">The field of Applied Linguistics has been clearly nationally and internationally recognised and defined and there is a wide variety of Master\u2019s Degree in applied Linguistics in different universities all over the world. <\/p>\n<p class=\"card-text\">Within our country, there are different Master\u2019s Degrees in Linguistics and Applied Linguistics which are similar to ours in various aspects. There are, for example, Master\u2019s Degrees in Applied Linguistics focused on the Spanish as a Foreign Language or second language teaching all over the country. These are some:<\/p>\n<p class=\"card-text\"><a href=\"https:\/\/www.ub.edu\/web\/ub\/es\/estudis\/oferta_formativa\/master_universitari\/fitxa\/F\/M0204\/index.html\" target=\"_blank\" rel=\"noopener noreferrer\" class=\"card-link card-link\">Interuniversity Master\u2019s Degree in Training of Teachers of Spanish as a Foreign Language<\/a> (University of Barcelona and University of Pompeu Fabra).<\/p>\n<p class=\"card-text\"><a href=\"https:\/\/fundacion.unirioja.es\/formacion_cursos\/view\/245\/master-en-didactica-del-espanol-como-segunda-lengua-o-lengua-extranjera-on-line\" target=\"_blank\" rel=\"noopener noreferrer\" class=\"card-link card-link\">Master\u2019s Degree in Spanish as a Second Language or Foreign Languages Didactics (on line)<\/a> (University of Rioja).<\/p>\n<p class=\"card-text\"><a href=\"https:\/\/www.nebrija.com\/programas-postgrado\/master\/espanol-ele\/\" target=\"_blank\" rel=\"noopener noreferrer\" class=\"card-link card-link\">Master\u2019s Degree in Linguistics Applied to Spanish as a Second Language Teaching<\/a> (University of Nebrija).<\/p>\n<p class=\"card-text\"><a href=\"http:\/\/www.uimp.es\/postgrado\/estudios\/fichaestudio.php?plan=P03L&amp;any=2019-20&amp;verasi=N&amp;lan=es\/\" target=\"_blank\" rel=\"noopener noreferrer\" class=\"card-link card-link\">Official Master\u2019s Degree in SSL Teaching <\/a>(Cervantes Institute and University Men\u00e9ndez Pelayo).<\/p>\n<p class=\"card-text\"><a href=\"https:\/\/www.us.es\/estudiar\/que-estudiar\/oferta-de-masteres\/master-universitario-en-ensenanza-del-espanol-como-lengua\/\" target=\"_blank\" rel=\"noopener noreferrer\" class=\"card-link card-link\">Master\u2019s Degree in Spanish and other Modern Languages as Second Languages Teaching<\/a> (University of Sevilla).<\/p>\n<p class=\"card-text\"><a href=\"https:\/\/www.usal.es\/ensenanza-de-espanol-como-lengua-extranjera\/\" target=\"_blank\" rel=\"noopener noreferrer\" class=\"card-link card-link\">Official Master\u2019s Degree \u201cSpanish as a Second Language Teaching\u201d<\/a> (University of Salamanca).<\/p>\n<p class=\"card-text\"><a href=\"https:\/\/www.ull.es\/masteres\/aprendizaje-integrado-contenidos-lenguas-extranjeras\/\" target=\"_blank\" rel=\"noopener noreferrer\" class=\"card-link card-link\">University Master\u2019s Degree in Spanish as a Foreign Language Teaching<\/a> (University of la Laguna).<\/p>\n<p class=\"card-text\">With a very similar approach to our first speciality we can find the<a href=\"http:\/\/www.ub.edu\/masteroficial\/laalcm\/\" target=\"_blank\" rel=\"noopener noreferrer\" class=\"card-link card-link\"> Master\u2019s Degree in Applied Linguistics and Languages Acquirement in Multilinguistic Contexts<\/a> of the University of Barcelona (fully taught in English).<\/p>\n<p class=\"card-text\">Our Master\u2019s Degree has the peculiarity of that, in the field of teaching, learning and acquiring languages, it brings special attention to the Spanish Sign Language, which has been a constant focus of interest for students from the previous Master\u2019s Degree.<br>\nThe offer of Master\u2019s Degrees with this content in our country is very limited, although the <a href=\"http:\/\/www.feyts.uva.es\/?q=node\/34\/\" target=\"_blank\" rel=\"noopener noreferrer\" class=\"card-link card-link\">Official Master\u2019s Degree in Sign Language<\/a> has been successfully taught for several years in the University of Valladolid.<\/p>\n<p class=\"card-text\">The fact that both the University of Vigo and the University of Coru\u00f1a count on linguists specialised in sign language makes our Master\u2019s Degree an attraction for different researchers interested in the world of deaf people, not only from Linguistics but also from Psychology and Pedagogy.<\/p>\n<p class=\"card-text\">There is also a certain settled tradition in the last years Master\u2019s Degrees focused in the area of language and technology, following our 2 speciality line. For example, there is the <a href=\"https:\/\/www.upv.es\/titulaciones\/MULT\/\" target=\"_blank\" rel=\"noopener noreferrer\" class=\"card-link card-link\">Master\u2019s Degree in Languages and Technology<\/a> (Polytechnic University of Valencia), even though some of these correspond in our proposal to the shared module.<\/p>\n<p class=\"card-text\">The <a href=\"https:\/\/www.upf.edu\/web\/masters\/master-en-linguistica-teorica-i-aplicada\/\" target=\"_blank\" rel=\"noopener noreferrer\" class=\"card-link card-link\">Master\u2019s Degree in Theoretical and Applied Linguistics<\/a> (University Pompeu Fabra) has a similar structure to ours, even though contents would mainly correspond to our 2nd and 3rd specialities, being organised partially differently.<\/p>\n<p class=\"card-text\">The <a href=\"https:\/\/www.um.es\/web\/estudios\/masteres\/malta\/#:~:text=El%20M%C3%A1ster%20Universitario%20en%20Ling%C3%BC%C3%ADstica,grado%20mayor%20de%20formaci%C3%B3n%20y\/\" target=\"_blank\" rel=\"noopener noreferrer\" class=\"card-link card-link\">Master\u2019s Degree in Theoretical and Applied Linguistic<\/a> of the University of Murcia offers, on its side, many optional subjects, but the offer is in general less structured and coherent than ours or Pomepeu Fabra\u2019s.<\/p>\n<p class=\"card-text\">The offer in Master\u2019s Degrees in Applied Linguistics, for which we have just offered some examples, it\u2019s not only wide at a national level, but also in many foreign universities. We can point out some of the following Master\u2019s Degrees:<\/p>\n<p class=\"card-text\">The<a href=\"http:\/\/www.posgrado.unam.mx\/linguistica\/\" target=\"_blank\" rel=\"noopener noreferrer\" class=\"card-link card-link\"> Master\u2019s Degree in Linguistics<\/a> in the UNAM (M\u00e9xico) offers an itinerary in Applied Linguistics quite similar to ours, particularly in the mandatory subjects.<\/p>\n<p class=\"card-text\">The University of Guadalajara (M\u00e9xico) also offers a <a href=\"http:\/\/www.udg.mx\/es\/oferta-academica\/posgrados\/maestrias\/maestria-en-lingueistica-aplicada\/\" target=\"_blank\" rel=\"noopener noreferrer\" class=\"card-link card-link\">Master\u2019s Degree in Applied Linguistics<\/a> with a study plan similar to ours (it offers, among other, an itinerary focused in languages teaching, acquisition and learning).<\/p>\n<p class=\"card-text\">The <a href=\"https:\/\/uclouvain.be\/en-prog-2020-ling2m\/\" target=\"_blank\" rel=\"noopener noreferrer\" class=\"card-link card-link\">Master\u2019s Degree in Linguistics<\/a> offered by the Universit\u00e9 Catholique of Lovain is similarly structured to ours, with a shared part of methodological subjects (and of deepening in fundamental subjects in linguistics), in addition to two itineraries, one of which is Linguistics applied to Languages Teaching.<\/p>\n<p class=\"card-text\">If we open to the English speaking area, the panoramic of the Master\u2019s Degrees in Applied Linguistic is very rich. It goes from extremely actual fields like languages learning assisted by computer, taught in the <a href=\"https:\/\/study.unimelb.edu.au\/find\/courses\/graduate\/master-of-applied-linguistics\/\" target=\"_blank\" rel=\"noopener noreferrer\" class=\"card-link card-link\">Master\u2019s Degree in Applied Linguistics<\/a> in the University of Melbourne to the hundreds of universities offering Master\u2019s Degrees in English as a foreign language teaching. The University of Boston, for example, offers PhD and <a href=\"https:\/\/www.bu.edu\/academics\/grs\/programs\/applied-linguistics\/ma\/\" target=\"_blank\" rel=\"noopener noreferrer\" class=\"card-link card-link\">Master\u2019s Degree programmes in Applied Linguistics<\/a> focused on the language acquisition, second languages and bilingualism, American Sign Language, Theoretical Linguistics, among others, which offers similarities with our proposal.<\/p>\n<\/div><\/div>\n<\/div>\n<div class=\"card\" >\n<div class=\"card-header\"><a class=\"collapse  collapsed\" data-toggle=\"collapse\" data-parent=\"#accordion0\" href=\"#collapse2\" aria-controls=\"collapse2\"> Consult Procedures used <\/a><\/div>\n<div id=\"collapse2\" class=\"collapse\" role=\"tabpanel\" data-parent=\"#accordion0\"><div class=\"card-body\">\n<p class=\"card-text\">This Master\u2019s Degree proposal implying the three universities originally arises from the conviction of the three parts that it is completely necessary to have a Master\u2019s Degree in Linguistics in Galicia. The number of students that the four original Master\u2019s Degrees add up in recent years (between 45 and 50 students), even not ensuring the survival for all of them with the new conditions (a minimum of 20 enrolled student), makes clear the good prospects for viability of the joint proposal and the need to offer such studies.<\/p>\n<p class=\"card-text\">The Committee in charge of preparing this new proposal was originally composed by the three implied faculties\u2019 Deans, with the coordinators of the four previous Master\u2019s Degrees.  This Committee, after several on-site and on-line meetings, and after different inquiries with representatives of the mainly implied departments, drafted a proposal for the new Master\u2019s Degree structure. Once chosen the subjects for the shared part of the Master\u2019s Degree and defined the three optional specialities, the design of these ones was given to three sub-committees, each of them chaired by one of the Deans and made up of representatives from the three universities. The design of the 1st speciality was coordinated by the UVigo, the 2nd by the UDC and the 3rd by the USC.<\/p>\n<p class=\"card-text\">To design the subjects files the collaboration of teaching staff from the three Universities, of whom many were implied in the previous Master\u2019s Degrees, was also requested.<\/p>\n<p class=\"card-text\">In addition to the opinion of the teaching staff and the departments\u2019 representatives, to prepare this proposal, the Committee took into account:<\/p>\n<ul class=\"list-peak\">\n<li>The design of other Master\u2019s Degrees in Languages and Linguistics taught in Spain proposals, as shown in the previous section.<\/li>\n<li>Students\u2019 opinion on the pre-existing programmes (of which three are still being taught), through the analyse of the satisfaction enquiries.<\/li>\n<\/ul>\n<p class=\"card-text\">To create the Study Plan the main criteria was the configuration offered by the Bachelor\u2019s Degrees in the three centres implied in the Master\u2019s Degree, in order to ensure a basic education for students in those subjects which are considered vital in the education of a linguistic.<\/p>\n<p class=\"card-text\">During the drafting of the Plan configuring the mandatory and optional subjects integrating the training period of students, the contributions made by the coordinators of the previous Master\u2019s Degree was particularly relevant, and their experience was vital in the design of the final proposal. In particular, in the selection of those contents that ended up configuring the specialities it was determining the previous experience, as it enabled us to understand the students\u2019 preferences regarding optional subjects and specialities. Similarly, the monitoring of the graduated students (part of whom are still linked with our PhD Programmes) let us know their opinion on the usefulness of the received education once into the labour market.<\/p>\n<p class=\"card-text\">The protocol drafted by the participating universities covers a public exposition period, through their web pages, of the drafting of the Master\u2019s Degrees, with the mechanisms assuring the possibility of submitting the allegations of the University Departments and of professional associations and social agents in general. All of this together, the Master\u2019s Degree proposal was directly submitted to different associations, institutions and companies linked with different themes included in each speciality (Official Language Schools, Galician Association of Entrepreneurs, Royal Galician Academy, Galician Federation of the Deaf, etc.).<\/p>\n<\/div><\/div>\n<\/div>\n<\/div>\n","protected":false},"excerpt":{"rendered":"","protected":false},"author":2,"featured_media":0,"parent":28893,"menu_order":2,"comment_status":"closed","ping_status":"closed","template":"","meta":{"footnotes":""},"class_list":["post-28899","page","type-page","status-publish","hentry"],"_links":{"self":[{"href":"http:\/\/mila.uvigo.gal\/en\/wp-json\/wp\/v2\/pages\/28899","targetHints":{"allow":["GET"]}}],"collection":[{"href":"http:\/\/mila.uvigo.gal\/en\/wp-json\/wp\/v2\/pages"}],"about":[{"href":"http:\/\/mila.uvigo.gal\/en\/wp-json\/wp\/v2\/types\/page"}],"author":[{"embeddable":true,"href":"http:\/\/mila.uvigo.gal\/en\/wp-json\/wp\/v2\/users\/2"}],"replies":[{"embeddable":true,"href":"http:\/\/mila.uvigo.gal\/en\/wp-json\/wp\/v2\/comments?post=28899"}],"version-history":[{"count":5,"href":"http:\/\/mila.uvigo.gal\/en\/wp-json\/wp\/v2\/pages\/28899\/revisions"}],"predecessor-version":[{"id":29204,"href":"http:\/\/mila.uvigo.gal\/en\/wp-json\/wp\/v2\/pages\/28899\/revisions\/29204"}],"up":[{"embeddable":true,"href":"http:\/\/mila.uvigo.gal\/en\/wp-json\/wp\/v2\/pages\/28893"}],"wp:attachment":[{"href":"http:\/\/mila.uvigo.gal\/en\/wp-json\/wp\/v2\/media?parent=28899"}],"curies":[{"name":"wp","href":"https:\/\/api.w.org\/{rel}","templated":true}]}}