{"id":28903,"date":"2019-05-29T11:02:59","date_gmt":"2019-05-29T09:02:59","guid":{"rendered":"http:\/\/linguisticaaplicada.webs.uvigo.gal\/informacion\/coordinacion\/"},"modified":"2020-09-21T12:39:59","modified_gmt":"2020-09-21T10:39:59","slug":"coordination","status":"publish","type":"page","link":"http:\/\/mila.uvigo.gal\/en\/information\/coordination\/","title":{"rendered":"Coordination"},"content":{"rendered":"<h2>Degree Coordination<\/h2>\n<div class=\"row\">\n<div class=\"col-sm-4\">\n<h3>Coordinator<\/h3>\n<p><strong>Margarita Alonso Ramos<\/strong><br \/>\n<a href=\"mailto:margarita.alonso@udc.es\">margarita.alonso@udc.es<\/a><\/p>\n<\/div>\n<div class=\"col-sm-4\">\n<h3>Secretary<\/h3>\n<p><strong>Esperanza Ac\u00edn Villa<\/strong><br \/>\n<a href=\"mailto:eacin@udc.es\">eacin@udc.es<\/a><\/p>\n<\/div>\n<div class=\"col-sm-4\">\n<h3>Coord. UVigo<\/h3>\n<p><strong>Fernando Ramallo<\/strong><br \/>\n<a href=\"mailto:mila@uvigo.gal\">mila@uvigo.gal<\/a><\/p>\n<\/div>\n<\/div>\n<p>&nbsp;<\/p>\n<h2>Academic Committees<\/h2>\n<div class=\"row\">\n<div class=\"col-sm-4\">\n<h3>UDC<\/h3>\n<p><strong>Coordinator<br \/>\n<\/strong>Margarita Alonso Ramos<\/p>\n<p><strong>Secretary<\/strong><br \/>\nEsperanza Ac\u00edn Villa<\/p>\n<p><strong>Dean Office Representative<\/strong><br \/>\nF\u00e9lix C\u00f3rdoba Rodr\u00edguez<\/p>\n<p><strong>Spokesperson<\/strong><br \/>\nIssac Lourido<\/p>\n<\/div>\n<div class=\"col-sm-4\">\n<h3>USC<\/h3>\n<p><strong>Coordinator<\/strong><br \/>\nGabriela V\u00e1zquez Prego<\/p>\n<p><strong>Secretary<\/strong><br \/>\nPablo Gamallo Otero<\/p>\n<p><strong>Dean Office Representative<\/strong><br \/>\nEl\u00edas Torres Feij\u00f3<\/p>\n<\/div>\n<div class=\"col-sm-4\">\n<h3>UVigo<\/h3>\n<p><strong>Coordinator<\/strong><br \/>\nFernando Ramallo<\/p>\n<p><strong>Secretary<\/strong><br \/>\nAlexandre Rodr\u00edguez Guerra<\/p>\n<p><strong>Dean Office Representative<\/strong><br \/>\nMar\u00eda Seijas Montero<\/p>\n<\/div>\n<\/div>\n<h3><\/h3>\n","protected":false},"excerpt":{"rendered":"<p>Degree Coordination &nbsp; Academic Committees<\/p>\n","protected":false},"author":2,"featured_media":0,"parent":28893,"menu_order":5,"comment_status":"closed","ping_status":"closed","template":"","meta":{"footnotes":""},"class_list":["post-28903","page","type-page","status-publish","hentry"],"_links":{"self":[{"href":"http:\/\/mila.uvigo.gal\/en\/wp-json\/wp\/v2\/pages\/28903","targetHints":{"allow":["GET"]}}],"collection":[{"href":"http:\/\/mila.uvigo.gal\/en\/wp-json\/wp\/v2\/pages"}],"about":[{"href":"http:\/\/mila.uvigo.gal\/en\/wp-json\/wp\/v2\/types\/page"}],"author":[{"embeddable":true,"href":"http:\/\/mila.uvigo.gal\/en\/wp-json\/wp\/v2\/users\/2"}],"replies":[{"embeddable":true,"href":"http:\/\/mila.uvigo.gal\/en\/wp-json\/wp\/v2\/comments?post=28903"}],"version-history":[{"count":3,"href":"http:\/\/mila.uvigo.gal\/en\/wp-json\/wp\/v2\/pages\/28903\/revisions"}],"predecessor-version":[{"id":29209,"href":"http:\/\/mila.uvigo.gal\/en\/wp-json\/wp\/v2\/pages\/28903\/revisions\/29209"}],"up":[{"embeddable":true,"href":"http:\/\/mila.uvigo.gal\/en\/wp-json\/wp\/v2\/pages\/28893"}],"wp:attachment":[{"href":"http:\/\/mila.uvigo.gal\/en\/wp-json\/wp\/v2\/media?parent=28903"}],"curies":[{"name":"wp","href":"https:\/\/api.w.org\/{rel}","templated":true}]}}