{"id":28946,"date":"2019-05-29T11:57:07","date_gmt":"2019-05-29T09:57:07","guid":{"rendered":"http:\/\/linguisticaaplicada.webs.uvigo.gal\/docencia\/practicas-externas\/"},"modified":"2024-04-26T12:04:24","modified_gmt":"2024-04-26T10:04:24","slug":"external-internships","status":"publish","type":"page","link":"http:\/\/mila.uvigo.gal\/en\/teaching\/external-internships\/","title":{"rendered":"External Internships"},"content":{"rendered":"<p>The internships performed in this Master\u2019s Degree are regulated by the universities External academic internships regulation for students.<\/p>\n<p>For this, students must be enrolled in the Master\u2019s Degree and request the performance of internships in the given deadlines.<\/p>\n<p>&nbsp;<\/p>\n<h2>External Internships &#8211; Year 2023\/2024<\/h2>\n<div class=\"row\">\n<div class=\"col-sm-6\">\n<p class=\"header-list\">Documentation<\/p>\n<ul class=\"list-peak\">\n<li><a href=\"\/images\/docs\/docencia\/practicas\/Convocatoria_practicas_MILA_2023-24.pdf\" target=\"_blank\" rel=\"noopener noreferrer\">Internships call<\/a><\/li>\n<li><a href=\"\/images\/docs\/docencia\/practicas\/Convocatoria_practicas_MILA_2023-24_anexo1.pdf\" target=\"_blank\" rel=\"noopener noreferrer\">Annex 1 &#8211; List of offered places<\/a><\/li>\n<li><a href=\"\/images\/docs\/docencia\/practicas\/Solicitude_practicas_MILA.pdf\" target=\"_blank\" rel=\"noopener noreferrer\">Annex 2 &#8211; Internships request form<\/a><\/li>\n<li><a href=\"\/images\/docs\/docencia\/practicas\/Convocatoria_practicas_MILA_2023-24_anexo3.pdf\" target=\"_blank\" rel=\"noopener noreferrer\">Annex 3 &#8211; Assessing Criteria<\/a><\/li>\n<li><a href=\"\/images\/docs\/informacion\/normativa\/practicas\/Guia_practicas_MILA.pdf\" target=\"_blank\" rel=\"noopener noreferrer\">Mentors and Students Guide<\/a><\/li>\n<\/ul>\n<\/div>\n<div class=\"col-sm-6\">\n<p class=\"header-list\">Forms<\/p>\n<ul class=\"list-peak\">\n<li><a href=\"\/images\/docs\/docencia\/practicas\/Informe_titor_academico_practicas_MILA.pdf\" target=\"_blank\" rel=\"noopener noreferrer\">Report of the academic mentor<\/a><\/li>\n<li><a href=\"\/images\/docs\/docencia\/practicas\/Informe_titor_profesional_practicas_MILA.pdf\" target=\"_blank\" rel=\"noopener noreferrer\">Report of the professional mentor<\/a><\/li>\n<li><a href=\"\/images\/docs\/docencia\/practicas\/Modelo_memoria_practicas.docx\" target=\"_blank\" rel=\"noopener noreferrer\">Template for internships report<\/a><\/li>\n<li><a href=\"\/images\/docs\/docencia\/practicas\/Proxecto_formativo_MILA.pdf\" target=\"_blank\" rel=\"noopener noreferrer\">Template for educative project<\/a><\/li>\n<\/ul>\n<\/div>\n<\/div>\n<p>&nbsp;<\/p>\n<h3>Internship award schedule<\/h3>\n<table>\n<thead>\n<tr>\n<th>Process<\/th>\n<th>Date<\/th>\n<\/tr>\n<\/thead>\n<tbody>\n<tr>\n<td>Call publication<\/td>\n<td>March 15 | <a href=\"\/images\/docs\/docencia\/practicas\/Convocatoria_practicas_MILA_2023-24.pdf\" target=\"_blank\" rel=\"noopener noreferrer\">Internships call<\/a><\/td>\n<\/tr>\n<tr>\n<td>Requests application<\/td>\n<td>From April 18 to 22 until 2 pm | <a href=\"\/images\/docs\/docencia\/practicas\/Solicitude_practicas_MILA.pdf\" target=\"_blank\" rel=\"noopener noreferrer\">Request form<\/a><\/td>\n<\/tr>\n<tr>\n<td>Publication of the places assessment provisional list<\/td>\n<td>April 5 | <i class=\"fa fa-file-pdf-o\"><\/i> <a href=\"\/images\/docs\/docencia\/practicas\/LP_adxudicacion_practicas_MILA_2023-24.pdf\" target=\"_blank\" rel=\"noopener noreferrer\">List<\/a><\/td>\n<\/tr>\n<tr>\n<td>Complaints to the places assessment provisional list<\/td>\n<td>From April 8 to 9 until 2 pm<\/td>\n<\/tr>\n<tr>\n<td>Publication of the places assessment final list<\/td>\n<td>April 12  | <i class=\"fa fa-file-pdf-o\"><\/i> <a href=\"\/images\/docs\/docencia\/practicas\/LD_adxudicacion_practicas_MILA_2023-24.pdf\" target=\"_blank\" rel=\"noopener noreferrer\">List<\/a><\/td>\n<\/tr>\n<\/tbody>\n<\/table>\n<p>&nbsp;<\/p>\n<h3>Collaborating companies and institutions<\/h3>\n<div class=\"row\">\n<div class=\"col-sm-6\">\n<ul class=\"list-peak\">\n<li>Instituto da Lingua Galega<\/li>\n<li>Servizo de Normalizaci\u00f3n Ling\u00fc\u00edstica -USC<\/li>\n<li>CiTIUS: Centro Singular de Investigaci\u00f3n en Tecnolox\u00edas Intelixentes<\/li>\n<li>Grupo Metaling\u00fc\u00edsTIC<\/li>\n<li>Grupo LitLInal<\/li>\n<li>Escolas Oficiais de Idiomas (Pontevedra, A Coru\u00f1a e Vigo)<\/li>\n<li>Consello da Cultura Galega<\/li>\n<li>Tagenata<\/li>\n<li>Real Academia Galega<\/li>\n<li>C\u00e1lamo @ Cran<\/li>\n<li>Centro Ram\u00f3n Pi\u00f1eiro para a investigaci\u00f3n en Humanidades<\/li>\n<li>Servicio de Publicaci\u00f3ns da USC<\/li>\n<li>Centro de Linguas Modernas \u2013 USC<\/li>\n<li>Centro de Linguas \u2013 UDC<\/li>\n<\/ul>\n<\/div>\n<div class=\"col-sm-6\">\n<ul class=\"list-peak\">\n<li>True Spanish Experience<\/li>\n<li>Servizo de Normalizaci\u00f3n Concello de Redondela<\/li>\n<li>Editorial Rinoceronte<\/li>\n<li>Imaxin<\/li>\n<li>Instituto da Lingua Galega<\/li>\n<li>Imaxin<\/li>\n<li>Servizo de Normalizaci\u00f3n Ling\u00fc\u00edstica- UDC<\/li>\n<li>\u00c1rea de Normalizaci\u00f3n Ling\u00fc\u00edstica- UVigo<\/li>\n<li>Centro de Normalizaci\u00f3n Ling\u00fc\u00edstica de la Lengua de Signos Espa\u00f1ola<\/li>\n<li>Fundaci\u00f3n Ux\u00edo Novoneyra<\/li>\n<li>Servizo de Publicaci\u00f3ns &#8211; UVigo<\/li>\n<li>Grupo de Investigaci\u00f3n TALG &#8211; UVigo<\/li>\n<li>Grupo de Investigaci\u00f3n GRILES &#8211; UVigo<\/li>\n<\/ul>\n<\/div>\n<\/div>\n","protected":false},"excerpt":{"rendered":"<p>The internships performed in this Master\u2019s Degree are regulated by the universities External academic internships regulation for students. For this, students must be enrolled in &hellip; <a class=\"excerpt_more\" href=\"http:\/\/mila.uvigo.gal\/en\/teaching\/external-internships\/\">Continued<\/a><\/p>\n","protected":false},"author":2,"featured_media":0,"parent":28925,"menu_order":8,"comment_status":"closed","ping_status":"closed","template":"","meta":{"footnotes":""},"class_list":["post-28946","page","type-page","status-publish","hentry"],"_links":{"self":[{"href":"http:\/\/mila.uvigo.gal\/en\/wp-json\/wp\/v2\/pages\/28946","targetHints":{"allow":["GET"]}}],"collection":[{"href":"http:\/\/mila.uvigo.gal\/en\/wp-json\/wp\/v2\/pages"}],"about":[{"href":"http:\/\/mila.uvigo.gal\/en\/wp-json\/wp\/v2\/types\/page"}],"author":[{"embeddable":true,"href":"http:\/\/mila.uvigo.gal\/en\/wp-json\/wp\/v2\/users\/2"}],"replies":[{"embeddable":true,"href":"http:\/\/mila.uvigo.gal\/en\/wp-json\/wp\/v2\/comments?post=28946"}],"version-history":[{"count":18,"href":"http:\/\/mila.uvigo.gal\/en\/wp-json\/wp\/v2\/pages\/28946\/revisions"}],"predecessor-version":[{"id":57596,"href":"http:\/\/mila.uvigo.gal\/en\/wp-json\/wp\/v2\/pages\/28946\/revisions\/57596"}],"up":[{"embeddable":true,"href":"http:\/\/mila.uvigo.gal\/en\/wp-json\/wp\/v2\/pages\/28925"}],"wp:attachment":[{"href":"http:\/\/mila.uvigo.gal\/en\/wp-json\/wp\/v2\/media?parent=28946"}],"curies":[{"name":"wp","href":"https:\/\/api.w.org\/{rel}","templated":true}]}}