{"id":25666,"date":"2019-05-29T11:14:06","date_gmt":"2019-05-29T09:14:06","guid":{"rendered":"http:\/\/linguisticaaplicada.webs7.uvigo.es\/matricula\/"},"modified":"2025-05-07T16:18:49","modified_gmt":"2025-05-07T14:18:49","slug":"matricula","status":"publish","type":"page","link":"http:\/\/mila.uvigo.gal\/es\/acceso\/matricula\/","title":{"rendered":"Matr\u00edcula"},"content":{"rendered":"<p><strong>Plazas ofertadas<\/strong><br \/>\n10 plazas (UDC) | 10 plazas (USC) | 10 plazas (UVigo)<\/p>\n<p><strong>Preinscripci\u00f3n y matr\u00edcula<\/strong><br \/>\n<a href=\"\/es\/acceso\/calendario-de-matricula\">Calendario de matr\u00edcula<\/a><\/p>\n<h3>Matr\u00edcula<\/h3>\n<table style=\"margin-left:0px;\" cellpadding=\"0\" cellspacing=\"0\">\n<thead>\n<tr>\n<th>Proceso<\/th>\n<th>UDC<\/th>\n<th>USC<\/th>\n<th>UVIGO<\/th>\n<\/tr>\n<tr>\n<td>Convocatoria<\/td>\n<td><a href=\"https:\/\/sede.udc.gal\/services\/electronic_board\/EXP2023\/013497\" target=\"_blank\" rel=\"noopener noreferrer\">CONV UDC<\/a> <i class=\"fa fa-external-link\"><\/i><\/td>\n<td><a target=\"_blank\" rel=\"noopener noreferrer\">CONV USC<\/a> <i class=\"fa fa-external-link\"><\/i><\/td>\n<td><a href=\"\/\/secretaria.uvigo.gal\/uv\/web\/convocatoria\/public\/show\/1568\" target=\"_blank\" rel=\"noopener noreferrer\">CONV UVIGO<\/a> <i class=\"fa fa-external-link\"><\/i><\/td>\n<\/tr>\n<tr>\n<td>Preinscripci\u00f3n<\/td>\n<td><a href=\"https:\/\/matricula.udc.es\/preinsMaster\/identif.asp\" target=\"_blank\" rel=\"noopener noreferrer\">PRE UDC<\/a> <i class=\"fa fa-external-link\"><\/td>\n<td>PRE USC <i class=\"fa fa-external-link\"><\/td>\n<td><a href=\"https:\/\/secretaria.uvigo.gal\/uv\/web\/axuda\/faq\/show\/32\/\" target=\"_blank\" rel=\"noopener noreferrer\">PRE UVIGO<\/a> <i class=\"fa fa-external-link\"><\/td>\n<\/tr>\n<tr>\n<td>Automatr\u00edcula<\/td>\n<td><a href=\"https:\/\/matricula.udc.es\/LoginX\" target=\"_blank\" rel=\"noopener noreferrer\">MAT UDC<\/a> <i class=\"fa fa-external-link\"><\/td>\n<td><a href=\"https:\/\/matricula.usc.es\/loginx\/Login.asp\" target=\"_blank\" rel=\"noopener noreferrer\">MAT USC<\/a> <i class=\"fa fa-external-link\"><\/td>\n<td><a href=\"https:\/\/matricula.uvigo.es\/loginX\/login.asp\" target=\"_blank\" rel=\"noopener noreferrer\">MAT UVIGO<\/a> <i class=\"fa fa-external-link\"><\/td>\n<\/tr>\n<tr>\n<td>Precios<\/td>\n<td><a href=\"https:\/\/matricula.udc.es\/LoginX\" target=\"_blank\" rel=\"noopener noreferrer\">Precios UDC<\/a> <i class=\"fa fa-external-link\"><\/td>\n<td><a href=\"https:\/\/www.usc.gal\/gl\/admision\/prezos-titulacions-academicas\" target=\"_blank\" rel=\"noopener noreferrer\">Precios USC<\/a> <i class=\"fa fa-external-link\"><\/td>\n<td><a href=\"https:\/\/www.uvigo.gal\/estudar\/xestions-estudantes\/matriculate\/prezos-publicos\" target=\"_blank\" rel=\"noopener noreferrer\">Precios UVIGO<\/a> <i class=\"fa fa-external-link\"><\/td>\n<\/tr>\n<\/thead>\n<\/table>\n<p>&nbsp;<\/p>\n<div class=\"custom-block graylight\">\n<h3>M\u00e1s informaci\u00f3n<\/h3>\n<div class=\"row\">\n<div class=\"col-lg-4\">\n<h4>UDC<\/h3>\n<p>\t\t<strong>Servicio de Org. Acad\u00e9mica<\/strong><br \/>\n\t\t+34 981 161 040<br \/>\n\t\t<a href=\"mailto:soa@udc.es\">soa@udc.es<\/a>\n\t<\/div>\n<div class=\"col-lg-4\">\n<h4>USC<\/h3>\n<p>\t\t<strong>Servicio de Gest. Acad\u00e9mica<\/strong><br \/>\n\t\t+34 881 814 530<br \/>\n\t\t<a href=\"mailto:sxa@usc.gal\">sxa@usc.gal<\/a>\n\t<\/div>\n<div class=\"col-lg-4\">\n<h4>UVIGO<\/h3>\n<p>\t\t<strong>\u00c1rea de estudios de postgrado<\/strong><br \/>\n\t\t+34 986 130 219<br \/>\n\t\t<a href=\"mailto:posgraoxsh4@uvigo.es\">posgraoxsh4@uvigo.es<\/a>\n\t<\/div>\n<\/div>\n<\/div>\n","protected":false},"excerpt":{"rendered":"<p>Plazas ofertadas 10 plazas (UDC) | 10 plazas (USC) | 10 plazas (UVigo) Preinscripci\u00f3n y matr\u00edcula Calendario de matr\u00edcula Matr\u00edcula Proceso UDC USC UVIGO Convocatoria &hellip; <a class=\"excerpt_more\" href=\"http:\/\/mila.uvigo.gal\/es\/acceso\/matricula\/\">Contin\u00faa<\/a><\/p>\n","protected":false},"author":2,"featured_media":0,"parent":25672,"menu_order":3,"comment_status":"closed","ping_status":"closed","template":"","meta":{"footnotes":""},"class_list":["post-25666","page","type-page","status-publish","hentry"],"_links":{"self":[{"href":"http:\/\/mila.uvigo.gal\/es\/wp-json\/wp\/v2\/pages\/25666","targetHints":{"allow":["GET"]}}],"collection":[{"href":"http:\/\/mila.uvigo.gal\/es\/wp-json\/wp\/v2\/pages"}],"about":[{"href":"http:\/\/mila.uvigo.gal\/es\/wp-json\/wp\/v2\/types\/page"}],"author":[{"embeddable":true,"href":"http:\/\/mila.uvigo.gal\/es\/wp-json\/wp\/v2\/users\/2"}],"replies":[{"embeddable":true,"href":"http:\/\/mila.uvigo.gal\/es\/wp-json\/wp\/v2\/comments?post=25666"}],"version-history":[{"count":14,"href":"http:\/\/mila.uvigo.gal\/es\/wp-json\/wp\/v2\/pages\/25666\/revisions"}],"predecessor-version":[{"id":57880,"href":"http:\/\/mila.uvigo.gal\/es\/wp-json\/wp\/v2\/pages\/25666\/revisions\/57880"}],"up":[{"embeddable":true,"href":"http:\/\/mila.uvigo.gal\/es\/wp-json\/wp\/v2\/pages\/25672"}],"wp:attachment":[{"href":"http:\/\/mila.uvigo.gal\/es\/wp-json\/wp\/v2\/media?parent=25666"}],"curies":[{"name":"wp","href":"https:\/\/api.w.org\/{rel}","templated":true}]}}