{"id":25678,"date":"2019-05-29T11:57:35","date_gmt":"2019-05-29T09:57:35","guid":{"rendered":"http:\/\/linguisticaaplicada.webs7.uvigo.es\/docencia\/profesorado\/"},"modified":"2022-11-09T15:32:06","modified_gmt":"2022-11-09T14:32:06","slug":"profesorado","status":"publish","type":"page","link":"http:\/\/mila.uvigo.gal\/es\/docencia\/profesorado\/","title":{"rendered":"Profesorado"},"content":{"rendered":"<h2>Universidade de Vigo<\/h2>\n\r\n<div class=\"row\">\r\n<div class=\"col-sm-6\">\r\n<ul class=\"list-peak\">\r\n\r\n    <li><a href=\"http:\/\/mila.uvigo.gal\/es\/docencia\/profesorado\/inmaculada-concepcion-baez-montero-2\/\" >B\u00e1ez Montero, Inmaculada C.<\/a><\/li>\r\n            <li><a href=\"http:\/\/mila.uvigo.gal\/es\/docencia\/profesorado\/inmaculada-concepcion-baez-montero\/\" >B\u00e1ez Montero, Inmaculada C.<\/a><\/li>\r\n            <li><a href=\"http:\/\/mila.uvigo.gal\/es\/docencia\/profesorado\/maria-carmen-cabeza-pereiro-2\/\" >Cabeza Pereiro, M\u00aa del Carmen<\/a><\/li>\r\n            <li><a href=\"http:\/\/mila.uvigo.gal\/es\/docencia\/profesorado\/maria-carmen-cabeza-pereiro\/\" >Cabeza Pereiro, M\u00aa del Carmen<\/a><\/li>\r\n            <li><a href=\"http:\/\/mila.uvigo.gal\/es\/docencia\/profesorado\/miguel-cuevas-alonso-2\/\" >Cuevas Alonso, Miguel<\/a><\/li>\r\n            <li><a href=\"http:\/\/mila.uvigo.gal\/es\/docencia\/profesorado\/miguel-cuevas-alonso\/\" >Cuevas Alonso, Miguel<\/a><\/li>\r\n            <li><a href=\"http:\/\/mila.uvigo.gal\/es\/docencia\/profesorado\/benigno-fernandez-salgado\/\" >Fern\u00e1ndez Salgado, Benigno<\/a><\/li>\r\n            <li><a href=\"http:\/\/mila.uvigo.gal\/es\/docencia\/profesorado\/xose-antonio-fernandez-salgado\/\" >Fern\u00e1ndez Salgado, Xos\u00e9 Antonio<\/a><\/li>\r\n            <li><a href=\"http:\/\/mila.uvigo.gal\/es\/docencia\/profesorado\/ana-maria-fernandez-soneira-2\/\" >Fern\u00e1ndez Soneira, Ana Mar\u00eda<\/a><\/li>\r\n            <li><a href=\"http:\/\/mila.uvigo.gal\/es\/docencia\/profesorado\/ana-maria-fernandez-soneira\/\" >Fern\u00e1ndez Soneira, Ana Mar\u00eda<\/a><\/li>\r\n            <li><a href=\"http:\/\/mila.uvigo.gal\/es\/docencia\/profesorado\/jose-maria-garcia-miguel-gallego-2\/\" >Garc\u00eda-Miguel Gallego, Jos\u00e9 Mar\u00eda<\/a><\/li>\r\n            <li><a href=\"http:\/\/mila.uvigo.gal\/es\/docencia\/profesorado\/jose-maria-garcia-miguel-gallego\/\" >Garc\u00eda-Miguel Gallego, Jos\u00e9 Mar\u00eda<\/a><\/li>\r\n            <li><a href=\"http:\/\/mila.uvigo.gal\/es\/docencia\/profesorado\/xose-maria-gomez-clemente-2\/\" >G\u00f3mez Clemente, Xos\u00e9 Mar\u00eda<\/a><\/li>\r\n            <li><a href=\"http:\/\/mila.uvigo.gal\/es\/docencia\/profesorado\/xose-maria-gomez-clemente\/\" >G\u00f3mez Clemente, Xos\u00e9 Mar\u00eda<\/a><\/li>\r\n            <li><a href=\"http:\/\/mila.uvigo.gal\/es\/docencia\/profesorado\/maria-mercedes-gonzalez-vazquez-2\/\" >Gonz\u00e1lez V\u00e1zquez, Mar\u00eda Mercedes<\/a><\/li>\r\n            <li><a href=\"http:\/\/mila.uvigo.gal\/es\/docencia\/profesorado\/maria-mercedes-gonzalez-vazquez\/\" >Gonz\u00e1lez V\u00e1zquez, Mar\u00eda Mercedes<\/a><\/li>\r\n        <\/ul><\/div><div class=\"col-sm-6\"><ul class=\"list-peak\">    <li><a href=\"http:\/\/mila.uvigo.gal\/es\/docencia\/profesorado\/ana-maria-iglesias-alvarez\/\" >Iglesias \u00c1lvarez, Ana Mar\u00eda<\/a><\/li>\r\n            <li><a href=\"http:\/\/mila.uvigo.gal\/es\/docencia\/profesorado\/maria-rosa-perez-rodriguez-2\/\" >P\u00e9rez Rodr\u00edguez, Mar\u00eda Rosa<\/a><\/li>\r\n            <li><a href=\"http:\/\/mila.uvigo.gal\/es\/docencia\/profesorado\/maria-rosa-perez-rodriguez\/\" >P\u00e9rez Rodr\u00edguez, Mar\u00eda Rosa<\/a><\/li>\r\n            <li><a href=\"http:\/\/mila.uvigo.gal\/es\/docencia\/profesorado\/fernando-ramallo-fernandez-2\/\" >Ramallo Fern\u00e1ndez, Fernando<\/a><\/li>\r\n            <li><a href=\"http:\/\/mila.uvigo.gal\/es\/docencia\/profesorado\/fernando-ramallo-fernandez\/\" >Ramallo Fern\u00e1ndez, Fernando<\/a><\/li>\r\n            <li><a href=\"http:\/\/mila.uvigo.gal\/es\/docencia\/profesorado\/susana-rodriguez-barcia-2\/\" >Rodr\u00edguez Barcia, Susana<\/a><\/li>\r\n            <li><a href=\"http:\/\/mila.uvigo.gal\/es\/docencia\/profesorado\/susana-rodriguez-barcia\/\" >Rodr\u00edguez Barcia, Susana<\/a><\/li>\r\n            <li><a href=\"http:\/\/mila.uvigo.gal\/es\/docencia\/profesorado\/alexandre-rodriguez-guerra\/\" >Rodr\u00edguez Guerra, Alexandre<\/a><\/li>\r\n            <li><a href=\"http:\/\/mila.uvigo.gal\/es\/docencia\/profesorado\/alexandre-rodriguez-guerra-2\/\" >Rodr\u00edguez Guerra, Alexandre<\/a><\/li>\r\n            <li><a href=\"http:\/\/mila.uvigo.gal\/es\/docencia\/profesorado\/maria-elena-sanchez-trigo\/\" >S\u00e1nchez Trigo, Mar\u00eda Elena<\/a><\/li>\r\n            <li><a href=\"http:\/\/mila.uvigo.gal\/es\/docencia\/profesorado\/maria-elena-sanchez-trigo-2\/\" >S\u00e1nchez Trigo, Mar\u00eda Elena<\/a><\/li>\r\n            <li><a href=\"http:\/\/mila.uvigo.gal\/es\/docencia\/profesorado\/xose-soto-andion\/\" >Soto Andi\u00f3n, Xos\u00e9<\/a><\/li>\r\n            <li><a href=\"http:\/\/mila.uvigo.gal\/es\/docencia\/profesorado\/xose-soto-andion-2\/\" >Soto Andi\u00f3n, Xos\u00e9<\/a><\/li>\r\n            <li><a href=\"http:\/\/mila.uvigo.gal\/es\/docencia\/profesorado\/carlos-valcarcel-riveiro\/\" >Valc\u00e1rcel Riveiro, Carlos<\/a><\/li>\r\n            <li><a href=\"http:\/\/mila.uvigo.gal\/es\/docencia\/profesorado\/carlos-valcarcel-riveiro-2\/\" >Valc\u00e1rcel Riveiro, Carlos<\/a><\/li>\r\n        <\/div>\n<\/div>\n<p>&nbsp;<\/p>\n<div class=\"row\">\n<div class=\"col-lg-6\">\n<h2>Universidade de Santiago<\/h2>\n<ul class=\"list-peak\" style=\"margin-top: 10px;\">\n<li><a href=\"http:\/\/www.usc.es\/es\/centros\/filoloxia\/profesor.html?Num_Puesto=21076&amp;Num_Persona=981&amp;ano=70\" target=\"_blank\" rel=\"noopener noreferrer\">\u00c1lvarez De La Granja, Mar\u00eda<\/a><\/li>\n<li><a href=\"http:\/\/www.usc.es\/es\/centros\/filoloxia\/profesor.html?Num_Puesto=7068&amp;Num_Persona=826&amp;ano=70\" target=\"_blank\" rel=\"noopener noreferrer\">Blanco Dom\u00ednguez, Marta<\/a><\/li>\n<li><a href=\"http:\/\/www.usc.es\/es\/centros\/filoloxia\/profesor.html?Num_Puesto=2204&amp;Num_Persona=2041&amp;ano=70\" target=\"_blank\" rel=\"noopener noreferrer\">Cidr\u00e1s Esc\u00e1neo, Francisco Antonio<\/a><\/li>\n<li><a href=\"http:\/\/www.usc.es\/es\/centros\/filoloxia\/profesor.html?Num_Puesto=7328&amp;Num_Persona=990&amp;ano=70\" target=\"_blank\" rel=\"noopener noreferrer\">Codesido Garc\u00eda, Ana Isabel<\/a><\/li>\n<li><a href=\"http:\/\/www.usc.es\/es\/centros\/filoloxia\/profesor.html?Num_Puesto=6784&amp;Num_Persona=939&amp;ano=70\" target=\"_blank\" rel=\"noopener noreferrer\">Dom\u00ednguez V\u00e1zquez, Mar\u00eda Jos\u00e9<\/a><\/li>\n<li><a href=\"http:\/\/www.usc.es\/es\/centros\/filoloxia\/profesor.html?Num_Puesto=335&amp;Num_Persona=341&amp;ano=70\" target=\"_blank\" rel=\"noopener noreferrer\">Doval Reixa, Irene<\/a><\/li>\n<li><a href=\"http:\/\/www.usc.es\/es\/centros\/filoloxia\/profesor.html?Num_Puesto=1301&amp;Num_Persona=1226&amp;ano=70\" target=\"_blank\" rel=\"noopener noreferrer\">Fern\u00e1ndez P\u00e9rez, Milagros<\/a><\/li>\n<li><a href=\"http:\/\/www.usc.es\/es\/centros\/filoloxia\/profesor.html?Num_Puesto=13440&amp;Num_Persona=102609&amp;ano=70\" target=\"_blank\" rel=\"noopener noreferrer\">Gamallo Otero, Pablo<\/a><\/li>\n<li><a href=\"http:\/\/www.usc.es\/es\/centros\/filoloxia\/profesor.html?Num_Puesto=18981&amp;Num_Persona=637&amp;ano=70\" target=\"_blank\" rel=\"noopener noreferrer\">Garc\u00eda Gondar, Francisco Jos\u00e9 Servando<\/a><\/li>\n<li><a href=\"http:\/\/www.usc.es\/es\/centros\/filoloxia\/profesor.html?Num_Puesto=1279&amp;Num_Persona=1205\" target=\"_blank\" rel=\"noopener noreferrer\">Jim\u00e9nez Juli\u00e1, Tom\u00e1s Eduardo<\/a><\/li>\n<li><a href=\"http:\/\/www.usc.es\/es\/centros\/filoloxia\/profesor.html?Num_Puesto=7695&amp;Num_Persona=7&amp;ano=70\" target=\"_blank\" rel=\"noopener noreferrer\">L\u00f3pez Mart\u00ednez, Mar\u00eda Sol<\/a><\/li>\n<li><a href=\"http:\/\/www.usc.es\/es\/centros\/filoloxia\/profesor.html?Num_Puesto=6152&amp;Num_Persona=2106&amp;ano=70\" target=\"_blank\" rel=\"noopener noreferrer\">Meliss, Meike<\/a><\/li>\n<li><a href=\"http:\/\/www.usc.es\/es\/centros\/filoloxia\/profesor.html?Num_Puesto=1618&amp;Num_Persona=1514&amp;ano=70\" target=\"_blank\" rel=\"noopener noreferrer\">Montero Cartelle, Emilio<\/a><\/li>\n<li><a href=\"http:\/\/www.usc.es\/es\/centros\/filoloxia\/profesor.html?ano=70&amp;Num_Persona=209&amp;Num_Puesto=194\" target=\"_blank\" rel=\"noopener noreferrer\">Moure Pereiro, Mar\u00eda Teresa<\/a><\/li>\n<li><a href=\"http:\/\/www.usc.es\/es\/departamentos\/fcfi\/profesor.html?Num_Puesto=22642&amp;Num_Persona=681459&amp;ano=70\" target=\"_blank\" rel=\"noopener noreferrer\">Olbertz, Hella<\/a><\/li>\n<li><a href=\"http:\/\/www.usc.es\/es\/centros\/filoloxia\/profesor.html?Num_Puesto=6993&amp;Num_Persona=1991&amp;ano=70\" target=\"_blank\" rel=\"noopener noreferrer\">Regueira Fern\u00e1ndez, Xos\u00e9 Lu\u00eds<\/a><\/li>\n<li><a href=\"http:\/\/www.usc.es\/es\/centros\/filoloxia\/profesor.html?Num_Puesto=1859&amp;Num_Persona=1725&amp;ano=70\" target=\"_blank\" rel=\"noopener noreferrer\">Rojo S\u00e1nchez, Guillermo<\/a><\/li>\n<li><a href=\"http:\/\/www.usc.es\/es\/centros\/filoloxia\/profesor.html?Num_Puesto=391&amp;Num_Persona=395&amp;ano=70\" target=\"_blank\" rel=\"noopener noreferrer\">Sousa Fern\u00e1ndez, Xulio<\/a><\/li>\n<li><a href=\"http:\/\/www.usc.es\/es\/centros\/filoloxia\/profesor.html?Num_Puesto=2221&amp;Num_Persona=2056&amp;ano=70\" target=\"_blank\" rel=\"noopener noreferrer\">Varela Barreiro, Francisco Javier<\/a><\/li>\n<li><a href=\"http:\/\/www.usc.es\/es\/centros\/filoloxia\/profesor.html?Num_Puesto=21042&amp;Num_Persona=707&amp;ano=70\" target=\"_blank\" rel=\"noopener noreferrer\">Zas Varela, Mar\u00eda Luz<\/a><\/li>\n<\/ul>\n<\/div>\n<div class=\"col-lg-6\">\n<h2>Universidade da Coru\u00f1a<\/h2>\n<ul class=\"list-peak\" style=\"margin-top: 10px;\">\n<li><a href=\"http:\/\/pdi.udc.es\/gl\/File\/Pdi\/LF49E\" target=\"_blank\" rel=\"noopener noreferrer\">Ac\u00edn Villa, Esperanza<\/a><\/li>\n<li><a href=\"http:\/\/pdi.udc.es\/gl\/File\/Pdi\/E269E\" target=\"_blank\" rel=\"noopener noreferrer\">Alonso Pardo, Miguel \u00c1ngel<\/a><\/li>\n<li><a href=\"http:\/\/pdi.udc.es\/gl\/File\/Pdi\/HF9AF\" target=\"_blank\" rel=\"noopener noreferrer\">Alonso Ramos, Margarita<\/a><\/li>\n<li><a href=\"http:\/\/pdi.udc.es\/gl\/File\/Pdi\/7E7AF\" target=\"_blank\" rel=\"noopener noreferrer\">\u00c1lvarez C\u00e1ccamo, Celso Mar\u00eda Alfonso<\/a><\/li>\n<li><a href=\"http:\/\/pdi.udc.es\/gl\/File\/Pdi\/WF69E\" target=\"_blank\" rel=\"noopener noreferrer\">C\u00f3rdoba Rodr\u00edguez, F\u00e9lix<\/a><\/li>\n<li><a href=\"http:\/\/pdi.udc.es\/gl\/File\/Pdi\/F879E\" target=\"_blank\" rel=\"noopener noreferrer\">Fern\u00e1ndez Ferreiro, Manuel<\/a><\/li>\n<li><a href=\"http:\/\/pdi.udc.es\/gl\/File\/Pdi\/ZU9BH\" target=\"_blank\" rel=\"noopener noreferrer\">G\u00f3mez Rodr\u00edguez, Carlos<\/a><\/li>\n<li><a href=\"http:\/\/pdi.udc.es\/gl\/File\/Pdi\/CB49E\" target=\"_blank\" rel=\"noopener noreferrer\">Gonz\u00e1lez Garc\u00eda, Luis<\/a><\/li>\n<li><a href=\"http:\/\/pdi.udc.es\/gl\/File\/Pdi\/3J38G\" target=\"_blank\" rel=\"noopener noreferrer\">L\u00f3pez Vi\u00f1as, Xo\u00e1n Lu\u00eds<\/a><\/li>\n<li><a href=\"http:\/\/pdi.udc.es\/gl\/File\/Pdi\/7M76H\" target=\"_blank\" rel=\"noopener noreferrer\">Lourido Hermida, Isaac<\/a><\/li>\n<li><a href=\"http:\/\/pdi.udc.es\/gl\/File\/Pdi\/2F2UL\" target=\"_blank\" rel=\"noopener noreferrer\">Mascato Rey, Rosario<\/a><\/li>\n<li><a href=\"http:\/\/pdi.udc.es\/gl\/File\/Pdi\/RC99E\" target=\"_blank\" rel=\"noopener noreferrer\">Morales L\u00f3pez, Esperanza<\/a><\/li>\n<li><a href=\"http:\/\/pdi.udc.es\/gl\/File\/Pdi\/BN39E\" target=\"_blank\" rel=\"noopener noreferrer\">P\u00e9rez Pascual, Jos\u00e9 Ignacio<\/a><\/li>\n<li><a href=\"http:\/\/pdi.udc.es\/gl\/File\/Pdi\/PL7AF\" target=\"_blank\" rel=\"noopener noreferrer\">Saavedra Places, Mar\u00eda de los \u00c1ngeles<\/a><\/li>\n<li><a href=\"http:\/\/pdi.udc.es\/gl\/File\/Pdi\/KP39E\" target=\"_blank\" rel=\"noopener noreferrer\">S\u00e1nchez Palomino, Mar\u00eda Dolores<\/a><\/li>\n<li><a href=\"http:\/\/pdi.udc.es\/gl\/File\/Pdi\/C249E\" target=\"_blank\" rel=\"noopener noreferrer\">V\u00e1zquez Veiga, Nancy Josefina<\/a><\/li>\n<li><a href=\"http:\/\/pdi.udc.es\/gl\/File\/Pdi\/7Y79E\" target=\"_blank\" rel=\"noopener noreferrer\">Veleiro P\u00e9rez, Ana Mar\u00eda<\/a><\/li>\n<li><a href=\"http:\/\/pdi.udc.es\/gl\/File\/Pdi\/RF9AF\" target=\"_blank\" rel=\"noopener noreferrer\">Vilares Ferro, Jes\u00fas<\/a><\/li>\n<\/ul>\n<\/div>\n<\/div>\n","protected":false},"excerpt":{"rendered":"<p>Universidade de Vigo &nbsp; Universidade de Santiago \u00c1lvarez De La Granja, Mar\u00eda Blanco Dom\u00ednguez, Marta Cidr\u00e1s Esc\u00e1neo, Francisco Antonio Codesido Garc\u00eda, Ana Isabel Dom\u00ednguez V\u00e1zquez, &hellip; <a class=\"excerpt_more\" href=\"http:\/\/mila.uvigo.gal\/es\/docencia\/profesorado\/carlos-valcarcel-riveiro-2\/\">Contin\u00faa<\/a><\/p>\n","protected":false},"author":2,"featured_media":0,"parent":25674,"menu_order":3,"comment_status":"closed","ping_status":"closed","template":"","meta":{"footnotes":""},"class_list":["post-25678","page","type-page","status-publish","hentry"],"_links":{"self":[{"href":"http:\/\/mila.uvigo.gal\/es\/wp-json\/wp\/v2\/pages\/25678","targetHints":{"allow":["GET"]}}],"collection":[{"href":"http:\/\/mila.uvigo.gal\/es\/wp-json\/wp\/v2\/pages"}],"about":[{"href":"http:\/\/mila.uvigo.gal\/es\/wp-json\/wp\/v2\/types\/page"}],"author":[{"embeddable":true,"href":"http:\/\/mila.uvigo.gal\/es\/wp-json\/wp\/v2\/users\/2"}],"replies":[{"embeddable":true,"href":"http:\/\/mila.uvigo.gal\/es\/wp-json\/wp\/v2\/comments?post=25678"}],"version-history":[{"count":3,"href":"http:\/\/mila.uvigo.gal\/es\/wp-json\/wp\/v2\/pages\/25678\/revisions"}],"predecessor-version":[{"id":57313,"href":"http:\/\/mila.uvigo.gal\/es\/wp-json\/wp\/v2\/pages\/25678\/revisions\/57313"}],"up":[{"embeddable":true,"href":"http:\/\/mila.uvigo.gal\/es\/wp-json\/wp\/v2\/pages\/25674"}],"wp:attachment":[{"href":"http:\/\/mila.uvigo.gal\/es\/wp-json\/wp\/v2\/media?parent=25678"}],"curies":[{"name":"wp","href":"https:\/\/api.w.org\/{rel}","templated":true}]}}