{"id":25690,"date":"2019-05-29T11:24:51","date_gmt":"2019-05-29T09:24:51","guid":{"rendered":"http:\/\/linguisticaaplicada.webs7.uvigo.es\/docencia\/traballo-fin-de-master\/"},"modified":"2024-11-14T18:19:14","modified_gmt":"2024-11-14T17:19:14","slug":"trabajo-fin-de-master","status":"publish","type":"page","link":"http:\/\/mila.uvigo.gal\/es\/docencia\/trabajo-fin-de-master\/","title":{"rendered":"Trabajo Fin de M\u00e1ster"},"content":{"rendered":"<p>El Trabajo Fin de M\u00e1ster consiste en un trabajo de investigaci\u00f3n vinculado a la pr\u00e1ctica profesional, original e in\u00e9dito.<\/p>\n<p>Para poder defender el trabajo de fin de m\u00e1ster ser\u00e1 necesario superar los restantes 54 cr\u00e9ditos ECTS de la titulaci\u00f3n. El trabajo fin de m\u00e1ster se realizar\u00e1 de acuerdo con las directrices que aprobar\u00e1 la Comisi\u00f3n Acad\u00e9mica a partir de la normativa ya existente en las universidades participantes.<\/p>\n<p>La evaluaci\u00f3n del trabajo fin de m\u00e1ster ser\u00e1 realizada por varias comisiones designadas anualmente por la Comisi\u00f3n Acad\u00e9mica, que estar\u00e1n compuestas por 3 personas, dos de ellas necesariamente profesores doctores con vinculaci\u00f3n permanente a la universidad. El acto de defensa del TFM ser\u00e1 p\u00fablico y el alumnado tendr\u00e1 que realizar una exposici\u00f3n resumida de su trabajo en un tiempo m\u00e1ximo de 20 minutos y deber\u00e1 responder a las cuestiones que le formulen los miembros de la comisi\u00f3n. Las caracter\u00edsticas formales del trabajo se recoger\u00e1n en las citadas directrices.<\/p>\n<p>&nbsp;<\/p>\n<h2>Trabajo Fin de M\u00e1ster &#8211; curso 2024\/2025<\/h2>\n<p class=\"header-list\">Documentaci\u00f3n<\/p>\n<ul class=\"list-peak\">\n<li><a href=\"\/images\/docs\/docencia\/tfm\/Calendario_TFM_MILA_2024-25.pdf\" target=\"_blank\" rel=\"noopener noreferrer\">Calendario y pautas de redacci\u00f3n y presentaci\u00f3n del TFM<\/a><\/li>\n<li><a href=\"\/images\/docs\/docencia\/tfm\/Oferta_TFM_MILA_2024-25.pdf\" target=\"_blank\" rel=\"noopener noreferrer\">Oferta de l\u00edneas de TFM<\/a><\/li>\n<li><!--<a href=\"\/images\/docs\/docencia\/tfm\/LP_asignacion_TFM_MILA_2024-25.pdf\" target=\"_blank\" rel=\"noopener noreferrer\">-->Adjudicaci\u00f3n provisional de l\u00edneas de TFM<\/a><\/li>\n<li><!--<a href=\"\/images\/docs\/docencia\/tfm\/LD_asignacion_TFM_MILA_2024-25.pdf\" target=\"_blank\" rel=\"noopener noreferrer\">-->Adjudicaci\u00f3n definitiva de l\u00edneas de TFM<\/a><\/li>\n<\/ul>\n<p><!--\n\n\n<h3>Calendario de defensa del TFM<\/h3>\n\n\n\n[tabs type=\"tabs\"]\n\n\n[tab title=\"UDC\" active fade]\n\n\n<p class=\"header-list\">Universidade da Coru\u00f1a<\/p>\n\n\n\n\n<table>\n\n\n<thead>\n\n\n<tr>\n\n\n<th>Convocatoria<\/th>\n\n\n\n\n<th>Fecha de dep\u00f3sito<\/th>\n\n\n\n\n<th>Defensa<\/th>\n\n\n<\/tr>\n\n\n<\/thead>\n\n\n\n\n<tbody>\n\n\n<tr>\n\n\n<td>Febrero<\/td>\n\n\n\n\n<td>Hasta el 14 de febrero de 2024<\/td>\n\n\n\n\n<td>26-27 de febrero de 2024<\/td>\n\n\n<\/tr>\n\n\n\n\n<tr>\n\n\n<td>Junio<\/td>\n\n\n\n\n<td>-<\/td>\n\n\n\n\n<td>-<\/td>\n\n\n<\/tr>\n\n\n\n\n<tr>\n\n\n<td>Julio<\/td>\n\n\n\n\n<td>Hasta el 10 de julio de 2024<\/td>\n\n\n\n\n<td>22-23 de julio de 2024<\/td>\n\n\n<\/tr>\n\n\n\n\n<tr>\n\n\n<td>Septiembre<\/td>\n\n\n\n\n<td>Hasta el 10 de septiembre de 2024<\/td>\n\n\n\n\n<td>19-20 de septiembre de 2024<\/td>\n\n\n<\/tr>\n\n\n<\/tbody>\n\n\n<\/table>\n\n\n\n&nbsp;\n[\/tab]\n\n[tab title=\"USC\" fade]\n\n\n<p class=\"header-list\">Universidade de Santiago de Compostela<\/p>\n\n\n\n\n<table>\n\n\n<thead>\n\n\n<tr>\n\n\n<th>Convocatoria<\/th>\n\n\n\n\n<th>Fecha de dep\u00f3sito<\/th>\n\n\n\n\n<th>Defensa<\/th>\n\n\n<\/tr>\n\n\n<\/thead>\n\n\n\n\n<tbody>\n\n\n<tr>\n\n\n<td>Febrero<\/td>\n\n\n\n\n<td>8-9 de febrero de 2024<\/td>\n\n\n\n\n<td>19-20 de febrero de 2024<\/td>\n\n\n<\/tr>\n\n\n\n\n<tr>\n\n\n<td>Junio<\/td>\n\n\n\n\n<td>-<\/td>\n\n\n\n\n<td>-<\/td>\n\n\n<\/tr>\n\n\n\n\n<tr>\n\n\n<td>Julio<\/td>\n\n\n\n\n<td>8-9 de julio de 2024<\/td>\n\n\n\n\n<td>22-23 de julio de 2024<\/td>\n\n\n<\/tr>\n\n\n\n\n<tr>\n\n\n<td>Septiembre<\/td>\n\n\n\n\n<td>10-11 de septiembre de 2024<\/td>\n\n\n\n\n<td>19-20 de septiembre de 2024<\/td>\n\n\n<\/tr>\n\n\n<\/tbody>\n\n\n<\/table>\n\n\n\n&nbsp;\n\n[\/tab]\n[tab title=\"UVIGO\" fade]\n\n\n<p class=\"header-list\">Universidade de Vigo<\/p>\n\n\n\n\n<table>\n\n\n<thead>\n\n\n<tr>\n\n\n<th>Convocatoria<\/th>\n\n\n\n\n<th>Fecha de dep\u00f3sito<\/th>\n\n\n\n\n<th>Defensa<\/th>\n\n\n<\/tr>\n\n\n<\/thead>\n\n\n\n\n<tbody>\n\n\n<tr>\n\n\n<td>Febrero<\/td>\n\n\n\n\n<td>Hasta el 31 de enero de 2024<\/td>\n\n\n\n\n<td>21-23 de febrero de 2024<\/td>\n\n\n<\/tr>\n\n\n\n\n<tr>\n\n\n<td>Junio<\/td>\n\n\n\n\n<td>Hasta el 31 de mayo de 2024<\/td>\n\n\n\n\n<td>19-21 de junio de 2024<\/td>\n\n\n<\/tr>\n\n\n\n\n<tr>\n\n\n<td>Julio<\/td>\n\n\n\n\n<td>Hasta el 2 de julio de 2024<\/td>\n\n\n\n\n<td>17-19 de julio de 2024<\/td>\n\n\n<\/tr>\n\n\n\n\n<tr>\n\n\n<td>Septiembre<\/td>\n\n\n\n\n<td>Hasta el 2 de septiembre de 2024<\/td>\n\n\n\n\n<td>10-12 de septiembre de 2024<\/td>\n\n\n<\/tr>\n\n\n<\/tbody>\n\n\n<\/table>\n\n\n\n&nbsp;\n\n[\/tab]\n\n[\/tabs] \n--><\/p>\n","protected":false},"excerpt":{"rendered":"<p>El Trabajo Fin de M\u00e1ster consiste en un trabajo de investigaci\u00f3n vinculado a la pr\u00e1ctica profesional, original e in\u00e9dito. Para poder defender el trabajo de &hellip; <a class=\"excerpt_more\" href=\"http:\/\/mila.uvigo.gal\/es\/docencia\/trabajo-fin-de-master\/\">Contin\u00faa<\/a><\/p>\n","protected":false},"author":2,"featured_media":0,"parent":25674,"menu_order":9,"comment_status":"closed","ping_status":"closed","template":"","meta":{"footnotes":""},"class_list":["post-25690","page","type-page","status-publish","hentry"],"_links":{"self":[{"href":"http:\/\/mila.uvigo.gal\/es\/wp-json\/wp\/v2\/pages\/25690","targetHints":{"allow":["GET"]}}],"collection":[{"href":"http:\/\/mila.uvigo.gal\/es\/wp-json\/wp\/v2\/pages"}],"about":[{"href":"http:\/\/mila.uvigo.gal\/es\/wp-json\/wp\/v2\/types\/page"}],"author":[{"embeddable":true,"href":"http:\/\/mila.uvigo.gal\/es\/wp-json\/wp\/v2\/users\/2"}],"replies":[{"embeddable":true,"href":"http:\/\/mila.uvigo.gal\/es\/wp-json\/wp\/v2\/comments?post=25690"}],"version-history":[{"count":26,"href":"http:\/\/mila.uvigo.gal\/es\/wp-json\/wp\/v2\/pages\/25690\/revisions"}],"predecessor-version":[{"id":57815,"href":"http:\/\/mila.uvigo.gal\/es\/wp-json\/wp\/v2\/pages\/25690\/revisions\/57815"}],"up":[{"embeddable":true,"href":"http:\/\/mila.uvigo.gal\/es\/wp-json\/wp\/v2\/pages\/25674"}],"wp:attachment":[{"href":"http:\/\/mila.uvigo.gal\/es\/wp-json\/wp\/v2\/media?parent=25690"}],"curies":[{"name":"wp","href":"https:\/\/api.w.org\/{rel}","templated":true}]}}