{"id":25705,"date":"2019-05-29T11:28:42","date_gmt":"2019-05-29T09:28:42","guid":{"rendered":"http:\/\/linguisticaaplicada.webs7.uvigo.es\/calidad\/sistema-de-garantia-de-calidade\/"},"modified":"2020-07-23T01:08:57","modified_gmt":"2020-07-22T23:08:57","slug":"sistema-de-garantia-de-calidad","status":"publish","type":"page","link":"http:\/\/mila.uvigo.gal\/es\/calidad\/sistema-de-garantia-de-calidad\/","title":{"rendered":"Sistema de Garant\u00eda de Calidad"},"content":{"rendered":"<p>El Sistema de Garant\u00eda de Calidad de la Facultad de Filolog\u00eda y Traducci\u00f3n constituye una herramienta estrat\u00e9gica b\u00e1sica para conseguir una mejora continua del centro y de sus titulaciones oficiales.<\/p>\n<div class=\"row\">\n<div class=\"col-sm-6\">\n<p>En este sentido, hay que se\u00f1alar que el RD 1393\/2007 de 29 de octubre de 2007, por el que se establece la ordenaci\u00f3n de las ense\u00f1anzas universitarias oficiales, exige, para la verificaci\u00f3n y acreditaci\u00f3n de un t\u00edtulo, la incorporaci\u00f3n de un sistema de garant\u00eda interno para la evaluaci\u00f3n, seguimiento y mejora de la calidad de la oferta formativa.<\/p>\n<\/div>\n<div class=\"col-sm-6\">\n<p><img loading=\"lazy\" decoding=\"async\" class=\"alignnone wp-image-25232 size-full\" src=\"http:\/\/linguisticaaplicada.webs7.uvigo.es\/wp-content\/uploads\/2020\/07\/sello.jpg\" alt=\"\" width=\"538\" height=\"138\" srcset=\"http:\/\/mila.uvigo.gal\/wp-content\/uploads\/2020\/07\/sello.jpg 538w, http:\/\/mila.uvigo.gal\/wp-content\/uploads\/2020\/07\/sello-300x77.jpg 300w\" sizes=\"auto, (max-width: 538px) 100vw, 538px\" \/><\/p>\n<\/div>\n<\/div>\n<p>El RD 420\/2015, de 29 de mayo, de creaci\u00f3n, reconocimiento, autorizaci\u00f3n y acreditaci\u00f3n de universidades y centros universitarios determina, por su parte, que, para obtener la acreditaci\u00f3n institucional, los centros universitarios debieron obtener la certificaci\u00f3n de la implantaci\u00f3n de su SGC y haber renovado la acreditaci\u00f3n inicial de acuerdo al procedimiento general de, por lo menos, la mitad de los t\u00edtulos oficiales de grado y m\u00e1ster que se imparten en el centro.<\/p>\n<p>Documentaci\u00f3n b\u00e1sica del SGC de la FFT:<\/p>\n<ul class=\"list-peak\">\n<li><a href=\"http:\/\/fft.uvigo.es\/gl\/calidade\/sgc\/manual-de-calidade\" target=\"_blank\" rel=\"noopener noreferrer\">Manual de Calidad<\/a><\/li>\n<li><a href=\"http:\/\/fft.uvigo.es\/gl\/calidade\/sgc\/politica-e-obxectivos-de-calidade\" target=\"_blank\" rel=\"noopener noreferrer\">Pol\u00edtica y objetivos de calidad<\/a><\/li>\n<li><a href=\"http:\/\/fft.uvigo.es\/gl\/calidade\/sgc\/procedementos\" target=\"_blank\" rel=\"noopener noreferrer\">Procedimientos del SGC<\/a><\/li>\n<li><a href=\"http:\/\/fft.uvigo.es\/gl\/calidade\/sgc\/rexistros-e-evidencias\" target=\"_blank\" rel=\"noopener noreferrer\">Evidencias del SGC<\/a><\/li>\n<\/ul>\n","protected":false},"excerpt":{"rendered":"<p>El Sistema de Garant\u00eda de Calidad de la Facultad de Filolog\u00eda y Traducci\u00f3n constituye una herramienta estrat\u00e9gica b\u00e1sica para conseguir una mejora continua del centro &hellip; <a class=\"excerpt_more\" href=\"http:\/\/mila.uvigo.gal\/es\/calidad\/sistema-de-garantia-de-calidad\/\">Contin\u00faa<\/a><\/p>\n","protected":false},"author":2,"featured_media":0,"parent":25702,"menu_order":1,"comment_status":"closed","ping_status":"closed","template":"","meta":{"footnotes":""},"class_list":["post-25705","page","type-page","status-publish","hentry"],"_links":{"self":[{"href":"http:\/\/mila.uvigo.gal\/es\/wp-json\/wp\/v2\/pages\/25705","targetHints":{"allow":["GET"]}}],"collection":[{"href":"http:\/\/mila.uvigo.gal\/es\/wp-json\/wp\/v2\/pages"}],"about":[{"href":"http:\/\/mila.uvigo.gal\/es\/wp-json\/wp\/v2\/types\/page"}],"author":[{"embeddable":true,"href":"http:\/\/mila.uvigo.gal\/es\/wp-json\/wp\/v2\/users\/2"}],"replies":[{"embeddable":true,"href":"http:\/\/mila.uvigo.gal\/es\/wp-json\/wp\/v2\/comments?post=25705"}],"version-history":[{"count":2,"href":"http:\/\/mila.uvigo.gal\/es\/wp-json\/wp\/v2\/pages\/25705\/revisions"}],"predecessor-version":[{"id":25707,"href":"http:\/\/mila.uvigo.gal\/es\/wp-json\/wp\/v2\/pages\/25705\/revisions\/25707"}],"up":[{"embeddable":true,"href":"http:\/\/mila.uvigo.gal\/es\/wp-json\/wp\/v2\/pages\/25702"}],"wp:attachment":[{"href":"http:\/\/mila.uvigo.gal\/es\/wp-json\/wp\/v2\/media?parent=25705"}],"curies":[{"name":"wp","href":"https:\/\/api.w.org\/{rel}","templated":true}]}}