{"id":25716,"date":"2019-05-29T11:48:50","date_gmt":"2019-05-29T09:48:50","guid":{"rendered":"http:\/\/linguisticaaplicada.webs7.uvigo.es\/estudiantes\/orientacion-ao-estudantado\/"},"modified":"2020-07-23T01:17:44","modified_gmt":"2020-07-22T23:17:44","slug":"orientacion-al-estudiantado","status":"publish","type":"page","link":"http:\/\/mila.uvigo.gal\/es\/estudiantes\/orientacion-al-estudiantado\/","title":{"rendered":"Orientaci\u00f3n al estudiantado"},"content":{"rendered":"<h2>En la Facultad de Filolog\u00eda y Traducci\u00f3n<\/h2>\n<p>La Facultad de Filolog\u00eda y Traducci\u00f3n dispone de los siguientes mecanismos de apoyo y orientaci\u00f3n al estudiantado matriculado en el centro:<\/p>\n<h3>Plan de Acci\u00f3n Tutorial<\/h3>\n<p>El Plan de Acci\u00f3n Tutorial (PAT) se configura como el instrumento a trav\u00e9s del cual se dise\u00f1a el contenido y la ejecuci\u00f3n de las distintas acciones relativas a la tutor\u00eda universitaria. Se le presta una especial atenci\u00f3n al estudiantado de nuevo ingreso, de cara a favorecer su integraci\u00f3n en la vida universitaria y a atender sus necesidades formativas e informativas, y a lo que est\u00e1 finalizando sus estudios.<\/p>\n<a href=\"http:\/\/fft.uvigo.es\/es\/estudiantes\/plan-de-accion-tutorial\/\" target=\"_blank\" rel=\"noopener noreferrer\" class=\"btn btn-outline-primary btn-icon\">M\u00e1s informaci\u00f3n<\/a>\n<p>&nbsp;<\/p>\n<h2>En la Universidade de Vigo<\/h2>\n<p>La Universidade de Vigo cuenta con los siguientes sistemas de apoyo y orientaci\u00f3n del estudiantado una vez matriculado:<\/p>\n<div id=\"accordion0\" class=\"accordion \" role=\"tablist\" aria-multiselectable=\"true\" >\n<div class=\"card\" >\n<div class=\"card-header\"><a class=\"collapse  collapsed\" data-toggle=\"collapse\" data-parent=\"#accordion0\" href=\"#collapse0\" aria-controls=\"collapse0\">Gabinete psicopedag\u00f3gico<\/a><\/div>\n<div id=\"collapse0\" class=\"collapse\" role=\"tabpanel\" data-parent=\"#accordion0\"><div class=\"card-body\">\n<p class=\"card-text\">A disposici\u00f3n del estudiantado para orientar y asistir tanto en cuestiones acad\u00e9micas c\u00f3mo en otras de \u00edndole personal. Se pretende cumplir los siguientes objetivos:<\/p>\n<ul class=\"list-peak\" style=\"margin-top: 10px;\">\n<li>Asesorar al estudiantado en la planificaci\u00f3n y desarrollo de su trayectoria acad\u00e9mica y profesional<\/li>\n<li>Adecuar y optimizar las decisiones acad\u00e9micas, maximizando la variedad de las posibilidades de las salidas profesionales<\/li>\n<li>Incrementar los niveles de autoestima y de motivaci\u00f3n personal y profesional<\/li>\n<li>Mejorar los h\u00e1bitos de estudio, la organizaci\u00f3n de los trabajos y aprender distintas t\u00e9cnicas de estudio para conseguir un mayor \u00e9xito a lo largo de la carrera<\/li>\n<\/ul>\n<a href=\"https:\/\/www.uvigo.gal\/campus\/saude-benestar\/gabinete-psicopedagoxico\" target=\"_blank\" rel=\"noopener noreferrer\" class=\"card-link btn btn-outline-primary btn-icon\">Visita la web del gabinete<\/a>\n<\/div><\/div>\n<\/div>\n<div class=\"card\" >\n<div class=\"card-header\"><a class=\"collapse  collapsed\" data-toggle=\"collapse\" data-parent=\"#accordion0\" href=\"#collapse1\" aria-controls=\"collapse1\">Apoyo al estudiantado con Necesidades Especiales<\/a><\/div>\n<div id=\"collapse1\" class=\"collapse\" role=\"tabpanel\" data-parent=\"#accordion0\"><div class=\"card-body\">\n<p class=\"card-text\">El Programa de Apoyo a la Integraci\u00f3n del Alumnado con Necesidades Especiales (PIUNE) fue dise\u00f1ado para facilitar su vida acad\u00e9mica y garantizar su derecho al estudio.<\/p>\n<p class=\"card-text\">\u00a0<\/p>\n<a href=\"https:\/\/www.uvigo.gal\/campus\/atencion-diversidad\/que-podemos-ayudar\" target=\"_blank\" rel=\"noopener noreferrer\" class=\"card-link btn btn-outline-primary btn-icon\">Visita la web del PIUNE<\/a>\n<\/div><\/div>\n<\/div>\n<div class=\"card\" >\n<div class=\"card-header\"><a class=\"collapse  collapsed\" data-toggle=\"collapse\" data-parent=\"#accordion0\" href=\"#collapse2\" aria-controls=\"collapse2\">Secci\u00f3n de informaci\u00f3n al estudiante (SIE)<\/a><\/div>\n<div id=\"collapse2\" class=\"collapse\" role=\"tabpanel\" data-parent=\"#accordion0\"><div class=\"card-body\">\n<p class=\"card-text\">Los objetivos de este servicio son:<\/p>\n<ul class=\"list-peak\" style=\"margin-top: 10px;\">\n<li>Informar y orientar al futuro estudiantado universitario sobre:\n<ul class=\"list-peak\" style=\"margin-top: 10px;\">\n<li>El acceso a la universidad, notas de corte, vinculaciones de los estudios medios con los universitarios, pasarelas, etc\u2026<\/li>\n<li>La oferta educativa de la Universidade de Vigo y otras universidades nacionales.<\/li>\n<\/ul>\n<\/li>\n<li>Informar tanto al actual estudiantado universitario, como al que ya finaliz\u00f3 su carrera sobre:\n<ul class=\"list-peak\" style=\"margin-top: 10px;\">\n<li>Todo lo que la Universidade de Vigo ofrece durante su permanencia en la misma.<\/li>\n<li>Las posibilidades de formaci\u00f3n una vez finalizada la carrera (m\u00e1steres y cursos de especializaci\u00f3n, otros cursos, jornadas, premios, congresos\u2026) y tambi\u00e9n becas o ayudas convocadas por instituciones externas a la Universidade de Vigo.<\/li>\n<\/ul>\n<\/li>\n<\/ul>\n<a href=\"https:\/\/www.uvigo.gal\/estudar\/asesoramoste\" target=\"_blank\" rel=\"noopener noreferrer\" class=\"card-link btn btn-outline-primary btn-icon\">Visita la web del SIE<\/a>\n<\/div><\/div>\n<\/div>\n<div class=\"card\" >\n<div class=\"card-header\"><a class=\"collapse  collapsed\" data-toggle=\"collapse\" data-parent=\"#accordion0\" href=\"#collapse3\" aria-controls=\"collapse3\">Fundaci\u00f3n Universidad de Vigo<\/a><\/div>\n<div id=\"collapse3\" class=\"collapse\" role=\"tabpanel\" data-parent=\"#accordion0\"><div class=\"card-body\">\n<p class=\"card-text\">Se encuentra dotada de personal t\u00e9cnico que trabaja para:<\/p>\n<ul class=\"list-peak\" style=\"margin-top: 10px;\">\n<li>Proporcionar un servicio integral de informaci\u00f3n, asesoramiento y formaci\u00f3n en el \u00e1mbito de la orientaci\u00f3n profesional para el empleo.<\/li>\n<li>Fomentar las oportunidades de acercamiento a la pr\u00e1ctica y al ejercicio profesional del estudiantado.<\/li>\n<li>Las principales \u00e1reas de actuaci\u00f3n son:\n<ul class=\"list-peak\" style=\"margin-top: 10px;\">\n<li>Gesti\u00f3n de pr\u00e1cticas en empresas e instituciones p\u00fablicas y privadas.<\/li>\n<li>Gesti\u00f3n de ofertas de empleo.<\/li>\n<li>Orientaci\u00f3n y asesoramiento individualizado en la b\u00fasqueda de empleo.<\/li>\n<li>Formaci\u00f3n para el empleo.<\/li>\n<\/ul>\n<\/li>\n<\/ul>\n<a href=\"http:\/\/www.fundacionuvigo.es\/\" target=\"_blank\" rel=\"noopener noreferrer\" class=\"card-link btn btn-outline-primary btn-icon\">Visita la web de la FUVI<\/a>\n<\/div><\/div>\n<\/div>\n<div class=\"card\" >\n<div class=\"card-header\"><a class=\"collapse  collapsed\" data-toggle=\"collapse\" data-parent=\"#accordion0\" href=\"#collapse4\" aria-controls=\"collapse4\">\u00c1rea de Empleo<\/a><\/div>\n<div id=\"collapse4\" class=\"collapse\" role=\"tabpanel\" data-parent=\"#accordion0\"><div class=\"card-body\">\n<p class=\"card-text\">Las principales \u00e1reas de actuaci\u00f3n son:<\/p>\n<ul class=\"list-peak\" style=\"margin-top: 10px;\">\n<li>Gesti\u00f3n de pr\u00e1cticas preprofesionales en empresas e instituciones p\u00fablicas y privadas.<\/li>\n<li>Gesti\u00f3n de ofertas de empleo.<\/li>\n<li>Asesoramiento personalizado para la elaboraci\u00f3n del itinerario profesional ajustado la cada perfil.<\/li>\n<li>Orientaci\u00f3n y asesoramiento individualizado en la b\u00fasqueda de empleo.<\/li>\n<li>Acciones en grupo para la b\u00fasqueda activa de empleo.<\/li>\n<li>Informaci\u00f3n y asesoramiento a empresas e instituciones en la b\u00fasqueda del perfil universitario ajustado para cubrir pr\u00e1cticas\/puestos de trabajo.<\/li>\n<li>Dise\u00f1o e implementaci\u00f3n de estudios sobre diversos temas que afecten al mercado laboral y a la inserci\u00f3n laboral del estudiantado.<\/li>\n<\/ul>\n<a href=\"https:\/\/www.uvigo.gal\/estudar\/empregabilidade\" target=\"_blank\" rel=\"noopener noreferrer\" class=\"card-link btn btn-outline-primary btn-icon\">Visita la web del \u00e1rea de Empleo<\/a>\n<\/div><\/div>\n<\/div>\n<div class=\"card\" >\n<div class=\"card-header\"><a class=\"collapse  collapsed\" data-toggle=\"collapse\" data-parent=\"#accordion0\" href=\"#collapse5\" aria-controls=\"collapse5\">Oficina de Relaciones Internacionales (ORI)<\/a><\/div>\n<div id=\"collapse5\" class=\"collapse\" role=\"tabpanel\" data-parent=\"#accordion0\"><div class=\"card-body\">\n<p class=\"card-text\">Lleva a cabo, entre otras, las siguientes actividades:<\/p>\n<ul class=\"list-peak\" style=\"margin-top: 10px;\">\n<li>Informaci\u00f3n y asesoramiento a la comunidad universitaria sobre los diferentes programas internacionales en el \u00e1mbito de la educaci\u00f3n superior.<\/li>\n<li>Fomento y gesti\u00f3n de la movilidad de estudiantado y profesorado propio y extranjero, en especial en el marco de los programas S\u00f3crates, ISEP, becas MAE y programas de cooperaci\u00f3n de la Universidade de Vigo.<\/li>\n<li>Con respeto al estudiantado de la Universidade de Vigo proporciona: asesoramiento a las personas seleccionadas con estos programas sobre la documentaci\u00f3n que deben presentar, informaci\u00f3n sobre la cuant\u00eda de las becas y posibles ayudas complementarias, as\u00ed como sobre las gestiones que tienen que realizar con las universidades de destino.<\/li>\n<li>Con respeto al profesorado de la Universidade de Vigo, la ORI facilita informaci\u00f3n sobre los programas de intercambio de docencia y programas de cooperaci\u00f3n internacional.<\/li>\n<li>Con respeto al estudiantado extranjero, gestiona la aceptaci\u00f3n del que participa en un programa de intercambio, elabora la Gu\u00eda del estudiantado extranjero y env\u00eda los paquetes informativos sobre la Universidade de Vigo, con informaci\u00f3n sobre los diferentes campus y ciudades, recepci\u00f3n, visados, viaje, b\u00fasqueda de alojamiento, matr\u00edcula y posibilidades de estudios en colaboraci\u00f3n con los responsables de relaciones internacionales.<\/li>\n<li>Elaboraci\u00f3n y negociaci\u00f3n de acuerdos de cooperaci\u00f3n internacional.<\/li>\n<li>Asegura la presencia de la Universidad de Vigo en foros y encuentros de educaci\u00f3n internacionales.<\/li>\n<\/ul>\n<a href=\"https:\/\/www.uvigo.gal\/estudar\/mobilidade\" target=\"_blank\" rel=\"noopener noreferrer\" class=\"card-link btn btn-outline-primary btn-icon\">Visita la web de la ORI<\/a>\n<\/div><\/div>\n<\/div>\n<div class=\"card\" >\n<div class=\"card-header\"><a class=\"collapse  collapsed\" data-toggle=\"collapse\" data-parent=\"#accordion0\" href=\"#collapse6\" aria-controls=\"collapse6\">Unidad de Igualdad<\/a><\/div>\n<div id=\"collapse6\" class=\"collapse\" role=\"tabpanel\" data-parent=\"#accordion0\"><div class=\"card-body\">\n<p class=\"card-text\">La Universidade de Vigo tiene como prioridad, en l\u00ednea con la Agenda 2030, favorecer la cultura del respeto, de la igualdad y de la inclusi\u00f3n, garantizando que todas las personas que conforman nuestra comunidad puedan desarrollar su actividad acad\u00e9mica y laboral con dignidad y en un espacio libre de violencias de g\u00e9nero y de m\u00e1ximo respeto de los derechos humanos.<\/p>\n<p class=\"card-text\">La Unidad de Igualdad dispone de los siguientes recursos:<\/p>\n<ul class=\"list-peak\" style=\"margin-top: 10px;\">\n<li><a href=\"https:\/\/www.uvigo.gal\/campus\/igualdade\/politicas-igualdad\" target=\"_blank\" rel=\"noopener noreferrer\" class=\"card-link\">Pol\u00edticas de igualdad<\/a><\/li>\n<li><a href=\"https:\/\/www.uvigo.gal\/campus\/igualdade\/prevencion-acoso-sexual-razon-sexo\" target=\"_blank\" rel=\"noopener noreferrer\" class=\"card-link\">Prevenci\u00f3n del acoso<\/a><\/li>\n<li><a href=\"https:\/\/www.uvigo.gal\/campus\/igualdade\/afondar-igualdad\" target=\"_blank\" rel=\"noopener noreferrer\" class=\"card-link\">Para profundizar en la igualdad<\/a><\/li>\n<li><a href=\"https:\/\/www.uvigo.gal\/campus\/igualdade\/boletin-recursos\" target=\"_blank\" rel=\"noopener noreferrer\" class=\"card-link\">Bolet\u00edn y recursos<\/a><\/li>\n<\/ul>\n<a href=\"https:\/\/www.uvigo.gal\/campus\/igualdade\" target=\"_blank\" rel=\"noopener noreferrer\" class=\"card-link btn btn-outline-primary btn-icon\">Visita la web de Igualdad<\/a>\n<\/div><\/div>\n<\/div>\n<\/div>\n","protected":false},"excerpt":{"rendered":"<p>En la Facultad de Filolog\u00eda y Traducci\u00f3n La Facultad de Filolog\u00eda y Traducci\u00f3n dispone de los siguientes mecanismos de apoyo y orientaci\u00f3n al estudiantado matriculado &hellip; <a class=\"excerpt_more\" href=\"http:\/\/mila.uvigo.gal\/es\/estudiantes\/orientacion-al-estudiantado\/\">Contin\u00faa<\/a><\/p>\n","protected":false},"author":2,"featured_media":0,"parent":25696,"menu_order":1,"comment_status":"closed","ping_status":"closed","template":"","meta":{"footnotes":""},"class_list":["post-25716","page","type-page","status-publish","hentry"],"_links":{"self":[{"href":"http:\/\/mila.uvigo.gal\/es\/wp-json\/wp\/v2\/pages\/25716","targetHints":{"allow":["GET"]}}],"collection":[{"href":"http:\/\/mila.uvigo.gal\/es\/wp-json\/wp\/v2\/pages"}],"about":[{"href":"http:\/\/mila.uvigo.gal\/es\/wp-json\/wp\/v2\/types\/page"}],"author":[{"embeddable":true,"href":"http:\/\/mila.uvigo.gal\/es\/wp-json\/wp\/v2\/users\/2"}],"replies":[{"embeddable":true,"href":"http:\/\/mila.uvigo.gal\/es\/wp-json\/wp\/v2\/comments?post=25716"}],"version-history":[{"count":2,"href":"http:\/\/mila.uvigo.gal\/es\/wp-json\/wp\/v2\/pages\/25716\/revisions"}],"predecessor-version":[{"id":25718,"href":"http:\/\/mila.uvigo.gal\/es\/wp-json\/wp\/v2\/pages\/25716\/revisions\/25718"}],"up":[{"embeddable":true,"href":"http:\/\/mila.uvigo.gal\/es\/wp-json\/wp\/v2\/pages\/25696"}],"wp:attachment":[{"href":"http:\/\/mila.uvigo.gal\/es\/wp-json\/wp\/v2\/media?parent=25716"}],"curies":[{"name":"wp","href":"https:\/\/api.w.org\/{rel}","templated":true}]}}