{"id":1719,"date":"2019-05-29T11:28:42","date_gmt":"2019-05-29T09:28:42","guid":{"rendered":"http:\/\/masteravogacia.webs7.uvigo.es\/?page_id=1719"},"modified":"2020-07-23T01:09:10","modified_gmt":"2020-07-22T23:09:10","slug":"sistema-de-garantia-de-calidade","status":"publish","type":"page","link":"http:\/\/mila.uvigo.gal\/gl\/calidade\/sistema-de-garantia-de-calidade\/","title":{"rendered":"Sistema de Garant\u00eda de Calidade"},"content":{"rendered":"<p>O Sistema de Garant\u00eda de Calidade da Facultade de Filolox\u00eda e Traduci\u00f3n constit\u00fae unha ferramenta estrat\u00e9xica b\u00e1sica para acadar unha mellora continua do centro e das s\u00faas titulaci\u00f3ns oficiais.<\/p>\n<div class=\"row\">\n<div class=\"col-sm-6\">\n<p>Neste sentido, hai que sinalar que o RD 1393\/2007 do 29 de outubro de 2007, polo que se establece a ordenaci\u00f3n dos ensinos universitarios oficiais, esixe, para a verificaci\u00f3n e acreditaci\u00f3n dun t\u00edtulo, a incorporaci\u00f3n dun sistema de garant\u00eda interno para a avaliaci\u00f3n, seguimento e mellora da calidade da oferta formativa.<\/p>\n<\/div>\n<div class=\"col-sm-6\">\n<p><img loading=\"lazy\" decoding=\"async\" class=\"alignnone wp-image-25232 size-full\" src=\"http:\/\/linguisticaaplicada.webs7.uvigo.es\/wp-content\/uploads\/2020\/07\/sello.jpg\" alt=\"\" width=\"538\" height=\"138\" srcset=\"http:\/\/mila.uvigo.gal\/wp-content\/uploads\/2020\/07\/sello.jpg 538w, http:\/\/mila.uvigo.gal\/wp-content\/uploads\/2020\/07\/sello-300x77.jpg 300w\" sizes=\"auto, (max-width: 538px) 100vw, 538px\" \/><\/p>\n<\/div>\n<\/div>\n<p>O RD 420\/2015, de 29 de maio, de creaci\u00f3n, reco\u00f1ecemento, autorizaci\u00f3n e acreditaci\u00f3n de universidades e centros universitarios determina, pola s\u00faa banda, que, para obter a acreditaci\u00f3n institucional, os centros universitarios deberon obter a certificaci\u00f3n da implantaci\u00f3n do seu SGC e ter renovada a acreditaci\u00f3n inicial de acordo ao procedemento xeral de, polo menos, a metade dos t\u00edtulos oficiais de grao e m\u00e1ster que se imparten no centro.<\/p>\n<p>Documentaci\u00f3n b\u00e1sica do SGC da FFT:<\/p>\n<ul class=\"list-peak\">\n<li><a href=\"http:\/\/fft.uvigo.es\/gl\/calidade\/sgc\/manual-de-calidade\" target=\"_blank\" rel=\"noopener noreferrer\">Manual de Calidade<\/a><\/li>\n<li><a href=\"http:\/\/fft.uvigo.es\/gl\/calidade\/sgc\/politica-e-obxectivos-de-calidade\" target=\"_blank\" rel=\"noopener noreferrer\">Pol\u00edtica e obxectivos de calidade<\/a><\/li>\n<li><a href=\"http:\/\/fft.uvigo.es\/gl\/calidade\/sgc\/procedementos\" target=\"_blank\" rel=\"noopener noreferrer\">Procedementos do SGC<\/a><\/li>\n<li><a href=\"http:\/\/fft.uvigo.es\/gl\/calidade\/sgc\/rexistros-e-evidencias\" target=\"_blank\" rel=\"noopener noreferrer\">Evidencias do SGC<\/a><\/li>\n<\/ul>\n","protected":false},"excerpt":{"rendered":"<p>O Sistema de Garant\u00eda de Calidade da Facultade de Filolox\u00eda e Traduci\u00f3n constit\u00fae unha ferramenta estrat\u00e9xica b\u00e1sica para acadar unha mellora continua do centro e &hellip; <a class=\"excerpt_more\" href=\"http:\/\/mila.uvigo.gal\/gl\/calidade\/sistema-de-garantia-de-calidade\/\">Continuar<\/a><\/p>\n","protected":false},"author":2,"featured_media":0,"parent":1717,"menu_order":1,"comment_status":"closed","ping_status":"closed","template":"","meta":{"footnotes":""},"class_list":["post-1719","page","type-page","status-publish","hentry"],"_links":{"self":[{"href":"http:\/\/mila.uvigo.gal\/gl\/wp-json\/wp\/v2\/pages\/1719","targetHints":{"allow":["GET"]}}],"collection":[{"href":"http:\/\/mila.uvigo.gal\/gl\/wp-json\/wp\/v2\/pages"}],"about":[{"href":"http:\/\/mila.uvigo.gal\/gl\/wp-json\/wp\/v2\/types\/page"}],"author":[{"embeddable":true,"href":"http:\/\/mila.uvigo.gal\/gl\/wp-json\/wp\/v2\/users\/2"}],"replies":[{"embeddable":true,"href":"http:\/\/mila.uvigo.gal\/gl\/wp-json\/wp\/v2\/comments?post=1719"}],"version-history":[{"count":19,"href":"http:\/\/mila.uvigo.gal\/gl\/wp-json\/wp\/v2\/pages\/1719\/revisions"}],"predecessor-version":[{"id":25708,"href":"http:\/\/mila.uvigo.gal\/gl\/wp-json\/wp\/v2\/pages\/1719\/revisions\/25708"}],"up":[{"embeddable":true,"href":"http:\/\/mila.uvigo.gal\/gl\/wp-json\/wp\/v2\/pages\/1717"}],"wp:attachment":[{"href":"http:\/\/mila.uvigo.gal\/gl\/wp-json\/wp\/v2\/media?parent=1719"}],"curies":[{"name":"wp","href":"https:\/\/api.w.org\/{rel}","templated":true}]}}