{"id":16,"date":"2018-11-08T17:13:58","date_gmt":"2018-11-08T16:13:58","guid":{"rendered":"http:\/\/masteravogacia.webs7.uvigo.es\/pagina-principal\/"},"modified":"2020-07-23T00:19:36","modified_gmt":"2020-07-22T22:19:36","slug":"inicio-2","status":"publish","type":"page","link":"https:\/\/mila.uvigo.gal\/es\/","title":{"rendered":"Inicio"},"content":{"rendered":"<section class=\"uvigo-slide\">\n    <div class=\"slick-slider sliderbehaviour\"\n      data-slick='{\"slidesToShow\": 1, \"slidesToScroll\": 1, \"autoplay\": 1, \"autoplaySpeed\": 6000}'>\n                 <div>\n          <div class=\"uvigo-slide__item\" style=\"background-image: url('https:\/\/mila.uvigo.gal\/wp-content\/uploads\/2018\/11\/Babel-1440x540.jpg')\">\n            \n                            <div class=\"uvigo-slide__item__content\">\n                                    <div class=\"container\">\n                        <div class=\"row\" style=\"background-color: rgba(0, 0, 0, 0.5);\">\n<div class=\"col-lg-12\">\n<p>&nbsp;<\/p>\n<h2>M\u00e1ster Interuniversitario en Ling\u00fc\u00edstica Aplicada<\/h2>\n<p>Este m\u00e1ster es una propuesta que implica las tres Universidades del Sistema Universitario de Galicia, a trav\u00e9s de las Facultades de Filolog\u00eda de la Universidade da Coru\u00f1a y la Universidade de Santiago de Compostela, y de la Facultad de Filolog\u00eda y Traducci\u00f3n de la Universidade de Vigo.<\/p>\n<\/div>\n<div class=\"col-lg-3\"><a href=\"https:\/\/www.udc.es\" target=\"_blank\" rel=\"noopener noreferrer\"><img loading=\"lazy\" decoding=\"async\" class=\"aligncenter\" src=\"\/wp-content\/uploads\/2021\/06\/udc1.png\" width=\"165\" height=\"50\" \/><\/a><\/div>\n<div class=\"col-lg-3\"><a href=\"https:\/\/www.usc.gal\" target=\"_blank\" rel=\"noopener noreferrer\"><img loading=\"lazy\" decoding=\"async\" src=\"\/wp-content\/uploads\/2021\/06\/usc1.png\" width=\"165\" height=\"50\" \/><\/a><\/div>\n<div class=\"col-lg-3\"><a href=\"https:\/\/www.uvigo.gal\" target=\"_blank\" rel=\"noopener noreferrer\"><img loading=\"lazy\" decoding=\"async\" class=\"aligncenter\" src=\"\/wp-content\/uploads\/2021\/06\/uvigo1.png\" width=\"165\" height=\"50\" \/><\/a><\/div>\n<\/div>\n<p>&nbsp;<br \/>\n&nbsp;<\/p>\n                    <\/div>\n                                <\/div>\n                      <\/div>\n          <div class=\"uvigo-slide__item__footer\">\n            <div class=\"container\">\n                <div class=\"row\" style=\"background-color: rgba(0, 0, 0, 0.5);\">\n<div class=\"col-lg-12\">\n<p>&nbsp;<\/p>\n<h2>M\u00e1ster Interuniversitario en Ling\u00fc\u00edstica Aplicada<\/h2>\n<p>Este m\u00e1ster es una propuesta que implica las tres Universidades del Sistema Universitario de Galicia, a trav\u00e9s de las Facultades de Filolog\u00eda de la Universidade da Coru\u00f1a y la Universidade de Santiago de Compostela, y de la Facultad de Filolog\u00eda y Traducci\u00f3n de la Universidade de Vigo.<\/p>\n<\/div>\n<div class=\"col-lg-3\"><a href=\"https:\/\/www.udc.es\" target=\"_blank\" rel=\"noopener noreferrer\"><img loading=\"lazy\" decoding=\"async\" class=\"aligncenter\" src=\"\/wp-content\/uploads\/2021\/06\/udc1.png\" width=\"165\" height=\"50\" \/><\/a><\/div>\n<div class=\"col-lg-3\"><a href=\"https:\/\/www.usc.gal\" target=\"_blank\" rel=\"noopener noreferrer\"><img loading=\"lazy\" decoding=\"async\" src=\"\/wp-content\/uploads\/2021\/06\/usc1.png\" width=\"165\" height=\"50\" \/><\/a><\/div>\n<div class=\"col-lg-3\"><a href=\"https:\/\/www.uvigo.gal\" target=\"_blank\" rel=\"noopener noreferrer\"><img loading=\"lazy\" decoding=\"async\" class=\"aligncenter\" src=\"\/wp-content\/uploads\/2021\/06\/uvigo1.png\" width=\"165\" height=\"50\" \/><\/a><\/div>\n<\/div>\n<p>&nbsp;<br \/>\n&nbsp;<\/p>\n            <\/div>\n          <\/div>\n        <\/div>\n            <\/div>\n\n                 \n  <\/section>\n\n\n\r\n<section class=\"featured-announcements\">\r\n  <div class=\"featured pt-4 pb-8\">\r\n    <div class=\"container\">\r\n      <h2 class=\"featured__title h2 mt-10 mb-10\">Avisos<\/h2>\r\n\r\n      <div class=\"row justify-content-start\">\r\n\r\n\t  \t\t\t\r\n\t\t<div class=\"col-md-6 col-lg-3\">\r\n\t\t\t<div class=\"featured-item featured-item--noback item-announcement card mb-8\">\r\n\t\t\t\t<div class=\"entry-meta\">\r\n\t\t\t\t\t<time class=\"updated\" datetime=\"2025-04-07T10:00:49+02:00\">07\/04\/2025<\/time>\r\n\t\t\t\t<\/div>\r\n\t\t\t\t<div class=\"featured-card-body\">\r\n\t\t\t\t\t<p class=\"featured-item-title\"><a href=\"https:\/\/mila.uvigo.gal\/es\/avisos\/convocatoria-de-matricula-en-estudos-de-posgrao-para-o-curso-2025-2026\/\">Convocatoria de matr\u00edcula en estudos de posgrao para o curso 2025\/2026<\/a><\/p>\r\n\t\t\t\t<\/div>\r\n\t\t\t<\/div>\r\n\t\t<\/div>\r\n\r\n\t\t\r\n\t\t<div class=\"col-md-6 col-lg-3\">\r\n\t\t\t<div class=\"featured-item featured-item--noback item-announcement card mb-8\">\r\n\t\t\t\t<div class=\"entry-meta\">\r\n\t\t\t\t\t<time class=\"updated\" datetime=\"2025-03-01T10:00:27+01:00\">01\/03\/2025<\/time>\r\n\t\t\t\t<\/div>\r\n\t\t\t\t<div class=\"featured-card-body\">\r\n\t\t\t\t\t<p class=\"featured-item-title\"><a href=\"https:\/\/mila.uvigo.gal\/es\/avisos\/calendario-de-preinscricion-e-matricula-para-o-curso-2025-2026\/\">Calendario de preinscrici\u00f3n e matr\u00edcula para o curso 2025\/2026<\/a><\/p>\r\n\t\t\t\t<\/div>\r\n\t\t\t<\/div>\r\n\t\t<\/div>\r\n\r\n\t\t\r\n\t\t<div class=\"col-md-6 col-lg-3\">\r\n\t\t\t<div class=\"featured-item featured-item--noback item-announcement card mb-8\">\r\n\t\t\t\t<div class=\"entry-meta\">\r\n\t\t\t\t\t<time class=\"updated\" datetime=\"2024-05-22T18:23:09+02:00\">22\/05\/2024<\/time>\r\n\t\t\t\t<\/div>\r\n\t\t\t\t<div class=\"featured-card-body\">\r\n\t\t\t\t\t<p class=\"featured-item-title\"><a href=\"https:\/\/mila.uvigo.gal\/es\/avisos\/convocatoria-de-matricula-en-estudos-de-posgrao-para-o-curso-2024-2025\/\">Convocatoria de matr\u00edcula en estudos de posgrao para o curso 2024\/2025<\/a><\/p>\r\n\t\t\t\t<\/div>\r\n\t\t\t<\/div>\r\n\t\t<\/div>\r\n\r\n\t\t\r\n\t\t<div class=\"col-md-6 col-lg-3\">\r\n\t\t\t<div class=\"featured-item featured-item--noback item-announcement card mb-8\">\r\n\t\t\t\t<div class=\"entry-meta\">\r\n\t\t\t\t\t<time class=\"updated\" datetime=\"2024-05-01T10:00:51+02:00\">01\/05\/2024<\/time>\r\n\t\t\t\t<\/div>\r\n\t\t\t\t<div class=\"featured-card-body\">\r\n\t\t\t\t\t<p class=\"featured-item-title\"><a href=\"https:\/\/mila.uvigo.gal\/es\/avisos\/calendario-de-preinscricion-e-matricula-para-o-curso-2024-2025\/\">Calendario de preinscrici\u00f3n e matr\u00edcula para o curso 2024\/2025<\/a><\/p>\r\n\t\t\t\t<\/div>\r\n\t\t\t<\/div>\r\n\t\t<\/div>\r\n\r\n\t\t\r\n\t\t<div class=\"col-md-6 col-lg-3\">\r\n\t\t\t<div class=\"featured-item featured-item--noback item-announcement card mb-8\">\r\n\t\t\t\t<div class=\"entry-meta\">\r\n\t\t\t\t\t<time class=\"updated\" datetime=\"2023-11-15T10:00:33+01:00\">15\/11\/2023<\/time>\r\n\t\t\t\t<\/div>\r\n\t\t\t\t<div class=\"featured-card-body\">\r\n\t\t\t\t\t<p class=\"featured-item-title\"><a href=\"https:\/\/mila.uvigo.gal\/es\/avisos\/calendario-e-pautas-de-redaccion-e-presentacion-do-tfm-2023-2024\/\">Calendario e pautas de redacci\u00f3n e presentaci\u00f3n do TFM 2023\/2024<\/a><\/p>\r\n\t\t\t\t<\/div>\r\n\t\t\t<\/div>\r\n\t\t<\/div>\r\n\r\n\t\t\r\n\t\t<div class=\"col-md-6 col-lg-3\">\r\n\t\t\t<div class=\"featured-item featured-item--noback item-announcement card mb-8\">\r\n\t\t\t\t<div class=\"entry-meta\">\r\n\t\t\t\t\t<time class=\"updated\" datetime=\"2023-11-14T10:00:46+01:00\">14\/11\/2023<\/time>\r\n\t\t\t\t<\/div>\r\n\t\t\t\t<div class=\"featured-card-body\">\r\n\t\t\t\t\t<p class=\"featured-item-title\"><a href=\"https:\/\/mila.uvigo.gal\/es\/avisos\/oferta-de-linas-tfm-curso-2023-2024\/\">Oferta de li\u00f1as TFM curso 2023\/2024<\/a><\/p>\r\n\t\t\t\t<\/div>\r\n\t\t\t<\/div>\r\n\t\t<\/div>\r\n\r\n\t\t\r\n\t\t<div class=\"col-md-6 col-lg-3\">\r\n\t\t\t<div class=\"featured-item featured-item--noback item-announcement card mb-8\">\r\n\t\t\t\t<div class=\"entry-meta\">\r\n\t\t\t\t\t<time class=\"updated\" datetime=\"2023-07-27T10:00:19+02:00\">27\/07\/2023<\/time>\r\n\t\t\t\t<\/div>\r\n\t\t\t\t<div class=\"featured-card-body\">\r\n\t\t\t\t\t<p class=\"featured-item-title\"><a href=\"https:\/\/mila.uvigo.gal\/es\/avisos\/matricula-2023-2024-listaxe-definitiva-de-persoas-admitidas-e-excluidas-do-primeiro-prazo\/\">Matr\u00edcula 2023\/2024: listaxe definitiva de persoas admitidas e exclu\u00eddas do primeiro prazo<\/a><\/p>\r\n\t\t\t\t<\/div>\r\n\t\t\t<\/div>\r\n\t\t<\/div>\r\n\r\n\t\t\r\n\t\t<div class=\"col-md-6 col-lg-3\">\r\n\t\t\t<div class=\"featured-item featured-item--noback item-announcement card mb-8\">\r\n\t\t\t\t<div class=\"entry-meta\">\r\n\t\t\t\t\t<time class=\"updated\" datetime=\"2023-07-20T10:00:08+02:00\">20\/07\/2023<\/time>\r\n\t\t\t\t<\/div>\r\n\t\t\t\t<div class=\"featured-card-body\">\r\n\t\t\t\t\t<p class=\"featured-item-title\"><a href=\"https:\/\/mila.uvigo.gal\/es\/avisos\/matricula-2023-2024-listaxe-provisoria-de-persoas-admitidas-e-excluidas-do-primeiro-prazo\/\">Matr\u00edcula 2023\/2024: listaxe provisoria de persoas admitidas e exclu\u00eddas do primeiro prazo<\/a><\/p>\r\n\t\t\t\t<\/div>\r\n\t\t\t<\/div>\r\n\t\t<\/div>\r\n\r\n\t\t\t\t\t\t\r\n      <\/div>\r\n\r\n      <div class=\"featured-footer row justify-content-end\">\r\n\t  \t<a class=\"btn btn-primary btn-icon\" href=\"avisos\">Ver todos los avisos<\/a>\r\n      <\/div>\r\n\r\n    <\/div>\r\n  <\/div>\r\n<\/section>\r\n\n<div class=\"research floor\">\n<div class=\"container\">\n<p>&nbsp;<\/p>\n<p>El m\u00e1ster constituye una reorganizaci\u00f3n y transformaci\u00f3n de cuatro t\u00edtulos: el M\u00e1ster Interuniversitario en Ling\u00fc\u00edstica Gallega (Universidad de Vigo, Universidad de Santiago de Compostela y Universidade da Coru\u00f1a), el M\u00e1ster Universitario en Estudios Ling\u00fc\u00edsticos (Universidad de Santiago de Compostela), el M\u00e1ster Interuniversitario en Ling\u00fc\u00edstica y sus Aplicaciones (Universidad de Vigo y Universidade da Coru\u00f1a) y el M\u00e1ster Universitario en Lengua y Usos Profesionales (Universidade da Coru\u00f1a).<\/p>\n<p>De estos cuatro m\u00e1steres, los tres primeros, de orientaci\u00f3n investigadora, provienen de la reconversi\u00f3n de otros tantos programas de doctorado que recibieron la Menci\u00f3n de Calidad del Ministerio.<\/p>\n<\/div>\n<\/div>\n","protected":false},"excerpt":{"rendered":"<p>&nbsp; El m\u00e1ster constituye una reorganizaci\u00f3n y transformaci\u00f3n de cuatro t\u00edtulos: el M\u00e1ster Interuniversitario en Ling\u00fc\u00edstica Gallega (Universidad de Vigo, Universidad de Santiago de Compostela &hellip; <a class=\"excerpt_more\" href=\"https:\/\/mila.uvigo.gal\/es\/avisos\/matricula-2023-2024-listaxe-provisoria-de-persoas-admitidas-e-excluidas-do-primeiro-prazo\/\">Contin\u00faa<\/a><\/p>\n","protected":false},"author":2,"featured_media":0,"parent":0,"menu_order":0,"comment_status":"closed","ping_status":"closed","template":"","meta":{"footnotes":""},"class_list":["post-16","page","type-page","status-publish","hentry"],"_links":{"self":[{"href":"https:\/\/mila.uvigo.gal\/es\/wp-json\/wp\/v2\/pages\/16","targetHints":{"allow":["GET"]}}],"collection":[{"href":"https:\/\/mila.uvigo.gal\/es\/wp-json\/wp\/v2\/pages"}],"about":[{"href":"https:\/\/mila.uvigo.gal\/es\/wp-json\/wp\/v2\/types\/page"}],"author":[{"embeddable":true,"href":"https:\/\/mila.uvigo.gal\/es\/wp-json\/wp\/v2\/users\/2"}],"replies":[{"embeddable":true,"href":"https:\/\/mila.uvigo.gal\/es\/wp-json\/wp\/v2\/comments?post=16"}],"version-history":[{"count":41,"href":"https:\/\/mila.uvigo.gal\/es\/wp-json\/wp\/v2\/pages\/16\/revisions"}],"predecessor-version":[{"id":25640,"href":"https:\/\/mila.uvigo.gal\/es\/wp-json\/wp\/v2\/pages\/16\/revisions\/25640"}],"wp:attachment":[{"href":"https:\/\/mila.uvigo.gal\/es\/wp-json\/wp\/v2\/media?parent=16"}],"curies":[{"name":"wp","href":"https:\/\/api.w.org\/{rel}","templated":true}]}}