{"id":25641,"date":"2019-05-29T10:56:26","date_gmt":"2019-05-29T08:56:26","guid":{"rendered":"http:\/\/linguisticaaplicada.webs7.uvigo.es\/descricion-do-titulo\/"},"modified":"2020-07-23T00:22:37","modified_gmt":"2020-07-22T22:22:37","slug":"descripcion-del-titulo","status":"publish","type":"page","link":"https:\/\/mila.uvigo.gal\/es\/informacion\/descripcion-del-titulo\/","title":{"rendered":"Descripci\u00f3n del t\u00edtulo"},"content":{"rendered":"<table>\n<tbody>\n<tr>\n<td><strong>Denominaci\u00f3n<\/strong><\/td>\n<td>M\u00e1ster Interuniversitario en Ling\u00fcistica Aplicada<\/td>\n<\/tr>\n<tr>\n<td class=\"th3\"><strong>C\u00f3digo RUCT del t\u00edtulo<\/strong><\/td>\n<td><strong><a href=\"https:\/\/www.educacion.gob.es\/ruct\/estudio.action?codigoCiclo=SC&amp;codigoTipo=M&amp;CodigoEstudio=4314271&amp;actual=estudios\" target=\"_blank\" rel=\"noopener noreferrer\">4314271<\/a><\/strong><\/td>\n<\/tr>\n<tr>\n<td><strong>Nivel acad\u00e9mico<\/strong><\/td>\n<td>M\u00e1ster &#8211; <a href=\"https:\/\/www.boe.es\/buscar\/act.php?id=BOE-A-2007-18770\" target=\"_blank\" rel=\"noopener noreferrer\">Real Decreto 1393\/2007<\/a>, de 29 de outubro<\/td>\n<\/tr>\n<tr>\n<td><strong>Rama de conocimiento<\/strong><\/td>\n<td>Artes y humanidades<\/td>\n<\/tr>\n<tr>\n<td><strong>Tipo de ense\u00f1anza<\/strong><\/td>\n<td>Oficial (adaptada al EEES)<\/td>\n<\/tr>\n<tr>\n<td><strong>Modalidad de ense\u00f1anza<\/strong><\/td>\n<td>Presencial<\/td>\n<\/tr>\n<tr>\n<td><strong>N\u00famero de plazas ofertadas<\/strong><\/td>\n<td>30 plazas (10 en UDC + 10 en USC + 10 en UVIGO)<\/td>\n<\/tr>\n<tr>\n<td><strong>Lengua de impartici\u00f3n<\/strong><\/td>\n<td>Castellano, Gallego<\/td>\n<\/tr>\n<tr>\n<td><strong>Curso acad\u00e9mico de implantaci\u00f3n<\/strong><\/td>\n<td>2013\/2014<\/td>\n<\/tr>\n<tr>\n<td><strong>N\u00famero de cr\u00e9ditos ECTS<\/strong><\/td>\n<td>60 cr\u00e9ditos, distribuidos en 2 cuatrimestres<\/td>\n<\/tr>\n<tr>\n<td><strong>R\u00e9gimen de permanencia<\/strong><\/td>\n<td><a href=\"https:\/\/secretaria.uvigo.gal\/uv\/web\/normativa\/public\/show\/275\" target=\"_blank\" rel=\"noopener noreferrer\">Normativa de permanencia en la UVigo<\/a><\/td>\n<\/tr>\n<tr>\n<td><strong>Duraci\u00f3n del programa<\/strong><\/td>\n<td>2 cuatrimestres, 1 a\u00f1o<\/td>\n<\/tr>\n<tr>\n<td><strong>Suplemento Europeo al T\u00edtulo<\/strong><\/td>\n<td>Requisitos: RD 22\/2015 <a href=\"https:\/\/www.boe.es\/diario_boe\/txt.php?id=BOE-A-2015-1158\" target=\"_blank\" rel=\"noopener noreferrer\">(BOE 07\/02\/2015)<\/a><\/td>\n<\/tr>\n<tr>\n<td><strong>Fecha de verificaci\u00f3n, publicaci\u00f3n, etc<\/strong><\/td>\n<td>25\/09\/2013 &#8211; Verificaci\u00f3n (Secretar\u00eda General de Universidades 01\/10\/2012)<\/p>\n<p>05\/12\/2013 &#8211; Autorizaci\u00f3n en la\u00a0 Comunidad Aut\u00f3noma de Galicia (<a href=\"http:\/\/www.xunta.es\/dog\/Publicados\/2013\/20131220\/AnuncioG0164-121213-0002_es.html\" target=\"_blank\" rel=\"noopener noreferrer\">DOG 20\/12\/2013<\/a>)<\/p>\n<p>01\/04\/2014 &#8211; Publicaci\u00f3n del Plan de Estudios (<a href=\"http:\/\/www.boe.es\/boe\/dias\/2014\/04\/16\/pdfs\/BOE-A-2014-4178.pdf\" target=\"_blank\" rel=\"noopener noreferrer\">BOE 16\/04\/2014<\/a>)<\/p>\n<p>11\/07\/2017 &#8211; <a href=\"https:\/\/sede.educacion.gob.es\/cid\/consultaCID?cid=259448732090769310804539\" target=\"_blank\" rel=\"noopener noreferrer\">Renovaci\u00f3n de la acreditaci\u00f3n<\/a><\/td>\n<\/tr>\n<tr>\n<td><strong>Centros en los que se imparte<\/strong><\/td>\n<td><a href=\"http:\/\/fft.uvigo.es\" target=\"_blank\" rel=\"noopener noreferrer\">Facultad de Filolog\u00eda y Traduci\u00f3n (UVigo)<\/a><\/p>\n<p><a href=\"http:\/\/www.usc.es\/gl\/centros\/filoloxia\/\" target=\"_blank\" rel=\"noopener noreferrer\">Facultad de Filolog\u00eda (USC)<\/a><\/p>\n<p><a href=\"https:\/\/www.udc.es\/gl\/filo\/\" target=\"_blank\" rel=\"noopener noreferrer\">Facultad de Filolog\u00eda (UDC)<\/a><\/td>\n<\/tr>\n<tr>\n<td><strong>Memoria del t\u00edtulo<\/strong><\/td>\n<td><a href=\"https:\/\/sede.educacion.gob.es\/cid\/consultaCID?cid=129785156477757719969226\" target=\"_blank\" rel=\"noopener noreferrer\">Memoria verificada del t\u00edtulo<\/a><\/td>\n<\/tr>\n<\/tbody>\n<\/table>\n","protected":false},"excerpt":{"rendered":"<p>Denominaci\u00f3n M\u00e1ster Interuniversitario en Ling\u00fcistica Aplicada C\u00f3digo RUCT del t\u00edtulo 4314271 Nivel acad\u00e9mico M\u00e1ster &#8211; Real Decreto 1393\/2007, de 29 de outubro Rama de conocimiento &hellip; <a class=\"excerpt_more\" href=\"https:\/\/mila.uvigo.gal\/es\/informacion\/descripcion-del-titulo\/\">Contin\u00faa<\/a><\/p>\n","protected":false},"author":2,"featured_media":0,"parent":25656,"menu_order":1,"comment_status":"closed","ping_status":"closed","template":"","meta":{"footnotes":""},"class_list":["post-25641","page","type-page","status-publish","hentry"],"_links":{"self":[{"href":"https:\/\/mila.uvigo.gal\/es\/wp-json\/wp\/v2\/pages\/25641","targetHints":{"allow":["GET"]}}],"collection":[{"href":"https:\/\/mila.uvigo.gal\/es\/wp-json\/wp\/v2\/pages"}],"about":[{"href":"https:\/\/mila.uvigo.gal\/es\/wp-json\/wp\/v2\/types\/page"}],"author":[{"embeddable":true,"href":"https:\/\/mila.uvigo.gal\/es\/wp-json\/wp\/v2\/users\/2"}],"replies":[{"embeddable":true,"href":"https:\/\/mila.uvigo.gal\/es\/wp-json\/wp\/v2\/comments?post=25641"}],"version-history":[{"count":2,"href":"https:\/\/mila.uvigo.gal\/es\/wp-json\/wp\/v2\/pages\/25641\/revisions"}],"predecessor-version":[{"id":25643,"href":"https:\/\/mila.uvigo.gal\/es\/wp-json\/wp\/v2\/pages\/25641\/revisions\/25643"}],"up":[{"embeddable":true,"href":"https:\/\/mila.uvigo.gal\/es\/wp-json\/wp\/v2\/pages\/25656"}],"wp:attachment":[{"href":"https:\/\/mila.uvigo.gal\/es\/wp-json\/wp\/v2\/media?parent=25641"}],"curies":[{"name":"wp","href":"https:\/\/api.w.org\/{rel}","templated":true}]}}