{"id":25686,"date":"2019-05-29T11:57:07","date_gmt":"2019-05-29T09:57:07","guid":{"rendered":"http:\/\/linguisticaaplicada.webs7.uvigo.es\/docencia\/practicas-externas\/"},"modified":"2024-04-26T11:59:01","modified_gmt":"2024-04-26T09:59:01","slug":"practicas-externas","status":"publish","type":"page","link":"https:\/\/mila.uvigo.gal\/es\/docencia\/practicas-externas\/","title":{"rendered":"Pr\u00e1cticas externas"},"content":{"rendered":"<p>Las pr\u00e1cticas realizadas en este m\u00e1ster se rigen por el Reglamento de pr\u00e1cticas acad\u00e9micas externas de las universidades participantes.<\/p>\n<p>Para ello, el alumnado deber\u00e1 estar matriculado en el m\u00e1ster y solicitar en su momento la realizaci\u00f3n de dichas pr\u00e1cticas en los plazos que se indiquen.<\/p>\n<p>&nbsp;<\/p>\n<h2>Pr\u00e1cticas externas &#8211; curso 2023\/2024<\/h2>\n<div class=\"row\">\n<div class=\"col-sm-6\">\n<p class=\"header-list\">Documentaci\u00f3n<\/p>\n<ul class=\"list-peak\">\n<li><a href=\"\/images\/docs\/docencia\/practicas\/Convocatoria_practicas_MILA_2023-24.pdf\" target=\"_blank\" rel=\"noopener noreferrer\">Convocatoria de pr\u00e1cticas<\/a><\/li>\n<li><a href=\"\/images\/docs\/docencia\/practicas\/Convocatoria_practicas_MILA_2023-24_anexo1.pdf\" target=\"_blank\" rel=\"noopener noreferrer\">Anexo 1 &#8211; Listado de plazas ofertadas<\/a><\/li>\n<li><a href=\"\/images\/docs\/docencia\/practicas\/Solicitude_practicas_MILA.pdf\" target=\"_blank\" rel=\"noopener noreferrer\">Anexo 2 &#8211; Impreso de solicitud de pr\u00e1cticas<\/a><\/li>\n<li><a href=\"\/images\/docs\/docencia\/practicas\/Convocatoria_practicas_MILA_2023-24_anexo3.pdf\" target=\"_blank\" rel=\"noopener noreferrer\">Anexo 3 &#8211; Criterios de baremaci\u00f3n<\/a><\/li>\n<li><a href=\"\/images\/docs\/informacion\/normativa\/practicas\/Guia_practicas_MILA.pdf\" target=\"_blank\" rel=\"noopener noreferrer\">Gu\u00eda para tutores\/as y estudiantado<\/a><\/li>\n<\/ul>\n<\/div>\n<div class=\"col-sm-6\">\n<p class=\"header-list\">Impresos<\/p>\n<ul class=\"list-peak\">\n<li><a href=\"\/images\/docs\/docencia\/practicas\/Informe_titor_academico_practicas_MILA.pdf\" target=\"_blank\" rel=\"noopener noreferrer\">Informe del\/a tutor\/a acad\u00e9mico\/a<\/a><\/li>\n<li><a href=\"\/images\/docs\/docencia\/practicas\/Informe_titor_profesional_practicas_MILA.pdf\" target=\"_blank\" rel=\"noopener noreferrer\">Informe del\/a tutor\/a profesional<\/a><\/li>\n<li><a href=\"\/images\/docs\/docencia\/practicas\/Modelo_memoria_practicas_MILA.docx\" target=\"_blank\" rel=\"noopener noreferrer\">Modelo de memoria de pr\u00e1cticas<\/a><\/li>\n<li><a href=\"\/images\/docs\/docencia\/practicas\/Proxecto_formativo_MILA.pdf\" target=\"_blank\" rel=\"noopener noreferrer\">Modelo de proyecto formativo<\/a><\/li>\n<\/ul>\n<\/div>\n<\/div>\n<p>&nbsp;<\/p>\n<h3>Calendario de adjudicaci\u00f3n de pr\u00e1cticas<\/h3>\n<table>\n<thead>\n<tr>\n<th>Proceso<\/th>\n<th>Fecha<\/th>\n<\/tr>\n<\/thead>\n<tbody>\n<tr>\n<td>Publicaci\u00f3n de la convocatoria<\/td>\n<td>15 de marzo | <i class=\"fa fa-file-pdf-o\"><\/i> <a href=\"\/images\/docs\/docencia\/practicas\/Convocatoria_practicas_MILA_2023-24.pdf\" target=\"_blank\" rel=\"noopener noreferrer\">Convocatoria de pr\u00e1cticas<\/a><\/td>\n<\/tr>\n<tr>\n<td>Presentaci\u00f3n de solicitudes<\/td>\n<td>Del 18 al 22 de marzo hasta las 14.00 h | <a href=\"\/images\/docs\/docencia\/practicas\/Solicitude_practicas_MILA.pdf\" target=\"_blank\" rel=\"noopener noreferrer\">Impreso de solicitud<\/a><\/td>\n<\/tr>\n<tr>\n<td>Publicaci\u00f3n del listado provisional de adjudicaci\u00f3n de plazas<\/td>\n<td>5 de abril | <i class=\"fa fa-file-pdf-o\"><\/i> <a href=\"\/images\/docs\/docencia\/practicas\/LP_adxudicacion_practicas_MILA_2023-24.pdf\" target=\"_blank\" rel=\"noopener noreferrer\">Listado<\/a><\/td>\n<\/tr>\n<tr>\n<td>Reclamaciones al listado provisional de adjudicaci\u00f3n de plazas<\/td>\n<td>Del 8 al 9 de abril hasta las 14.00 h<\/td>\n<\/tr>\n<tr>\n<td>Publicaci\u00f3n del listado definitivo de adjudicaci\u00f3n de plazas<\/td>\n<td>12 de abril | <i class=\"fa fa-file-pdf-o\"><\/i> <a href=\"\/images\/docs\/docencia\/practicas\/LD_adxudicacion_practicas_MILA_2023-24.pdf\" target=\"_blank\" rel=\"noopener noreferrer\">Listado<\/a><\/td>\n<\/tr>\n<\/tbody>\n<\/table>\n<p>&nbsp;<\/p>\n<h3>Empresas e instituciones colaboradoras<\/h3>\n<div class=\"row\">\n<div class=\"col-sm-6\">\n<ul class=\"list-peak\">\n<li>Instituto da Lingua Galega<\/li>\n<li>Servizo de Normalizaci\u00f3n Ling\u00fc\u00edstica -USC<\/li>\n<li>CiTIUS: Centro Singular de Investigaci\u00f3n en Tecnolox\u00edas Intelixentes<\/li>\n<li>Grupo Metaling\u00fc\u00edsTIC<\/li>\n<li>Grupo LitLInal<\/li>\n<li>Escolas Oficiais de Idiomas (Pontevedra, A Coru\u00f1a e Vigo)<\/li>\n<li>Consello da Cultura Galega<\/li>\n<li>Tagenata<\/li>\n<li>Real Academia Galega<\/li>\n<li>C\u00e1lamo @ Cran<\/li>\n<li>Centro Ram\u00f3n Pi\u00f1eiro para a investigaci\u00f3n en Humanidades<\/li>\n<li>Servicio de Publicaci\u00f3ns da USC<\/li>\n<li>Centro de Linguas Modernas \u2013 USC<\/li>\n<li>Centro de Linguas \u2013 UDC<\/li>\n<\/ul>\n<\/div>\n<div class=\"col-sm-6\">\n<ul class=\"list-peak\">\n<li>True Spanish Experience<\/li>\n<li>Servizo de Normalizaci\u00f3n Concello de Redondela<\/li>\n<li>Editorial Rinoceronte<\/li>\n<li>Imaxin<\/li>\n<li>Instituto da Lingua Galega<\/li>\n<li>Imaxin<\/li>\n<li>Servizo de Normalizaci\u00f3n Ling\u00fc\u00edstica- UDC<\/li>\n<li>\u00c1rea de Normalizaci\u00f3n Ling\u00fc\u00edstica- UVigo<\/li>\n<li>Centro de Normalizaci\u00f3n Ling\u00fc\u00edstica de la Lengua de Signos Espa\u00f1ola<\/li>\n<li>Fundaci\u00f3n Ux\u00edo Novoneyra<\/li>\n<li>Servizo de Publicaci\u00f3ns &#8211; UVigo<\/li>\n<li>Grupo de Investigaci\u00f3n TALG &#8211; UVigo<\/li>\n<li>Grupo de Investigaci\u00f3n GRILES &#8211; UVigo<\/li>\n<\/ul>\n<\/div>\n<\/div>\n","protected":false},"excerpt":{"rendered":"<p>Las pr\u00e1cticas realizadas en este m\u00e1ster se rigen por el Reglamento de pr\u00e1cticas acad\u00e9micas externas de las universidades participantes. Para ello, el alumnado deber\u00e1 estar &hellip; <a class=\"excerpt_more\" href=\"https:\/\/mila.uvigo.gal\/es\/docencia\/practicas-externas\/\">Contin\u00faa<\/a><\/p>\n","protected":false},"author":2,"featured_media":0,"parent":25674,"menu_order":8,"comment_status":"closed","ping_status":"closed","template":"","meta":{"footnotes":""},"class_list":["post-25686","page","type-page","status-publish","hentry"],"_links":{"self":[{"href":"https:\/\/mila.uvigo.gal\/es\/wp-json\/wp\/v2\/pages\/25686","targetHints":{"allow":["GET"]}}],"collection":[{"href":"https:\/\/mila.uvigo.gal\/es\/wp-json\/wp\/v2\/pages"}],"about":[{"href":"https:\/\/mila.uvigo.gal\/es\/wp-json\/wp\/v2\/types\/page"}],"author":[{"embeddable":true,"href":"https:\/\/mila.uvigo.gal\/es\/wp-json\/wp\/v2\/users\/2"}],"replies":[{"embeddable":true,"href":"https:\/\/mila.uvigo.gal\/es\/wp-json\/wp\/v2\/comments?post=25686"}],"version-history":[{"count":19,"href":"https:\/\/mila.uvigo.gal\/es\/wp-json\/wp\/v2\/pages\/25686\/revisions"}],"predecessor-version":[{"id":57595,"href":"https:\/\/mila.uvigo.gal\/es\/wp-json\/wp\/v2\/pages\/25686\/revisions\/57595"}],"up":[{"embeddable":true,"href":"https:\/\/mila.uvigo.gal\/es\/wp-json\/wp\/v2\/pages\/25674"}],"wp:attachment":[{"href":"https:\/\/mila.uvigo.gal\/es\/wp-json\/wp\/v2\/media?parent=25686"}],"curies":[{"name":"wp","href":"https:\/\/api.w.org\/{rel}","templated":true}]}}