{"id":25694,"date":"2019-05-29T11:49:33","date_gmt":"2019-05-29T09:49:33","guid":{"rendered":"http:\/\/linguisticaaplicada.webs7.uvigo.es\/mobilidade\/"},"modified":"2020-07-23T01:04:01","modified_gmt":"2020-07-22T23:04:01","slug":"movilidad","status":"publish","type":"page","link":"https:\/\/mila.uvigo.gal\/es\/estudiantes\/movilidad\/","title":{"rendered":"Movilidad"},"content":{"rendered":"\n<table style=\"margin-left:0px;\" cellpadding=\"0\" cellspacing=\"0\">\n\t<thead>\n\t\t<tr>\n\t\t\t<th>Programa<\/th>\n\t\t\t<th>Plazo<\/th>\n\t\t\t<th>Comienzo<\/th>\n\t\t\t<th>Fin<\/th>\n\t\t<\/tr>\n\t<\/thead>\n\t<tbody>\n\t\t\t\t\t\t\t\t\t\t\t\t\t\t\t\t\t\t\t\t\t\t\t\t\t\t\t\t\t\t\t\t\n\t\t\n\t\t<tr>\n\t\t\t<td><a href=\"https:\/\/secretaria.uvigo.gal\/uv\/web\/convocatoria\/public\/show\/1475\" target=\"_blank\">Erasmus+ estudios<\/a><br \/><span class=\"badge\" style=\"color:#fff;background-color:#ea9789;\">Convocatoria cerrada<\/span><\/td>\n\t\t\t<td>1\u00ba plazo<\/td>\n\t\t\t<td>06\/12\/2024<\/td>\n\t\t\t<td>20\/12\/2024<\/td>\n\t\t<\/tr>\n\t\t\t\t\t\t\t\t\t\t\t\t\n\t\t\n\t\t<tr>\n\t\t\t<td><a href=\"https:\/\/secretaria.uvigo.gal\/uv\/web\/convocatoria\/public\/show\/13595\" target=\"_blank\">Erasmus+ pr\u00e1cticas<\/a><br \/><span class=\"badge\" style=\"color:#fff;background-color:#ea9789;\">Convocatoria cerrada<\/span><\/td>\n\t\t\t<td>1\u00ba plazo<\/td>\n\t\t\t<td>22\/05\/2025<\/td>\n\t\t\t<td>30\/11\/2025<\/td>\n\t\t<\/tr>\n\t\t\t\t\t\t\t\t\t\t\t\t\n\t\t\n\t\t<tr>\n\t\t\t<td><a href=\"https:\/\/secretaria.uvigo.gal\/uv\/web\/convocatoria\/public\/tipo\/mobilidade-estudantes?qSearch=isep\" target=\"_blank\">ISEP<\/a><br \/><span class=\"badge\" style=\"color:#fff;background-color:#ea9789;\">Convocatoria cerrada<\/span><\/td>\n\t\t\t<td>\u00fanico<\/td>\n\t\t\t<td>22\/11\/2025<\/td>\n\t\t\t<td>13\/12\/2025<\/td>\n\t\t<\/tr>\n\t\t\t\t\t\t\t\t\t\t\t\t\t\t\t\t\t\t\t\t\n\t\t\n\t\t<tr>\n\t\t\t<td><a href=\"https:\/\/secretaria.uvigo.gal\/uv\/web\/convocatoria\/public\/tipo\/mobilidade-estudantes?qSearch=extracomunitarios\" target=\"_blank\">Becas de intercambio UVIGO<\/a><br \/><span class=\"badge\" style=\"color:#fff;background-color:#ea9789;\">Convocatoria cerrada<\/span><\/td>\n\t\t\t<td>\u00fanico<\/td>\n\t\t\t<td>11\/01\/2025<\/td>\n\t\t\t<td>30\/01\/2025<\/td>\n\t\t<\/tr>\n\t\t\t\t\t\t\t\t\t\t\t\t\n\t\t\n\t\t<tr>\n\t\t\t<td><a href=\"https:\/\/secretaria.uvigo.gal\/uv\/web\/normativa\/public\/show\/211\" target=\"_blank\">Libre movilidad<\/a><br \/><span class=\"badge\" style=\"color:#fff;background-color:#ea9789;\">Convocatoria cerrada<\/span><\/td>\n\t\t\t<td>\u00fanico<\/td>\n\t\t\t<td>01\/01\/2025<\/td>\n\t\t\t<td>31\/12\/2025<\/td>\n\t\t<\/tr>\n\t\t\t\t\t\t\t\t\t\t\t\t\t\t\t\t\t\t\t\t\t\t\t\t\t\t\t\t\t\t\t<\/tbody>\n<\/table>\n<!--<p><i class=\"fa fa-square i-success\"><\/i> Convocatoria aberta | <i class=\"fa fa-square i-danger\"><\/i> Convocatoria pechada<\/p>-->\n<br\/>\n\n\t<h3 id=\"101\">Erasmus+ estudios<\/h3>\n\t<p><p>El programa Erasmus+ estudios facilita cursar un per\u00edodo de estudios (un semestre o curso completo) en otra universidad europea con la que exista el convenio correspondiente, con total reconocimiento acad\u00e9mico de los estudios realizados.<\/p><p>Antes de comenzar la estancia, se debe cumplimentar el contrato de estudios o <em>learning agreement<\/em>. Este documento, que debe ser aprobado y firmado por las personas coordinadoras de movilidad del centro propio y de destino, establece las asignaturas cursadas en la universidad de destino que ser\u00e1n reconocidas localmente.<\/p><\/p>\n\t<p class=\"mb-2\"><a class=\"btn btn-outline-primary btn-icon\" style=\"text-transform: none;\" href=\"https:\/\/secretaria.uvigo.gal\/uv\/web\/convocatoria\/public\/show\/1475\" target=\"_blank\" rel=\"noopener\">Consulta a convocatoria<\/a><\/p>\n\t<br\/><br\/>\n\n\t<h3 id=\"102\">Erasmus+ pr\u00e1cticas<\/h3>\n\t<p><p>El programa Erasmus+ pr\u00e1cticas oferta un m\u00ednimo de 65 plazas para realizar un per\u00edodo de pr\u00e1cticas (entre 2 y 12 meses) en empresas, centros de ense\u00f1anza superior, centros de investigaci\u00f3n y otras organizaciones de otro pa\u00eds europeo.<\/p><\/p>\n\t<p class=\"mb-2\"><a class=\"btn btn-outline-primary btn-icon\" style=\"text-transform: none;\" href=\"https:\/\/secretaria.uvigo.gal\/uv\/web\/convocatoria\/public\/show\/13595\" target=\"_blank\" rel=\"noopener\">Consulta a convocatoria<\/a><\/p>\n\t<br\/><br\/>\n\n\t<h3 id=\"103\">ISEP<\/h3>\n\t<p><p>El programa ISEP permite que el estudiantado de \u00faltimos cursos de grado (3\u00ba y 4\u00ba) o de posgrado de la Universidade de Vigo realice en una universidad estadounidense un curso completo (agosto-mayo) o un semestre (agosto-diciembre\/enero o enero-mayo\/junio) eligiendo entre m\u00e1s de 150 universidades y una amplia gama de programas de estudios.<\/p><\/p>\n\t<p class=\"mb-2\"><a class=\"btn btn-outline-primary btn-icon\" style=\"text-transform: none;\" href=\"https:\/\/secretaria.uvigo.gal\/uv\/web\/convocatoria\/public\/tipo\/mobilidade-estudantes?qSearch=isep\" target=\"_blank\" rel=\"noopener\">Consulta a convocatoria<\/a><\/p>\n\t<br\/><br\/>\n\n\t<h3 id=\"105\">Becas de intercambio UVIGO<\/h3>\n\t<p><p>La Universidade de Vigo, dentro de su programa de movilidad internacional, financia mediante becas de intercambio propias, estancias de estudio (un semestre o curso completo) en diversas universidades de todo el mundo en funci\u00f3n de los distintos convenios establecidos.<\/p><\/p>\n\t<p class=\"mb-2\"><a class=\"btn btn-outline-primary btn-icon\" style=\"text-transform: none;\" href=\"https:\/\/secretaria.uvigo.gal\/uv\/web\/convocatoria\/public\/tipo\/mobilidade-estudantes?qSearch=extracomunitarios\" target=\"_blank\" rel=\"noopener\">Consulta a convocatoria<\/a><\/p>\n\t<br\/><br\/>\n\n\t<h3 id=\"107\">Libre movilidad<\/h3>\n\t<p><p>La Universidade de Vigo permite la realizaci\u00f3n de movilidad internacional por iniciativa propia del estudiantado, fuera de los programas oficiales de intercambio. En estos casos, realizar\u00e1 una estancia acad\u00e9mica temporal en otra universidad extranjera cursando un programa formativo compatible con el de la titulaci\u00f3n de la UVigo, sin la concesi\u00f3n de una plaza de movilidad de un programa oficial de intercambio.<\/p>\r\n<p>El programa formativo que se desarrollar\u00e1 en la universidad de destino tiene que ser aprobado previamente por la persona coordinadora de movilidad del centro. En el caso del estudiantado de grado es necesario tener superados por lo menos 60 cr\u00e9ditos ECTS antes de realizar la estancia.<\/p>\r\n<p><a href=\"https:\/\/www.uvigo.gal\/sites\/uvigo.gal\/files\/contents\/paragraph-file\/2018-10\/proposta_estudos.pdf\" target=\"_blank\" rel=\"noopener\">Propuesta de estudios<\/a><br \/>\r\n<a href=\"https:\/\/www.uvigo.gal\/sites\/uvigo.gal\/files\/contents\/paragraph-file\/2018-12\/certificado-de-estadia.pdf\" target=\"_blank\" rel=\"noopener\">Certificado de estancia<\/a><\/p>\r\n<\/p>\n\t<p class=\"mb-2\"><a class=\"btn btn-outline-primary btn-icon\" style=\"text-transform: none;\" href=\"https:\/\/secretaria.uvigo.gal\/uv\/web\/normativa\/public\/show\/211\" target=\"_blank\" rel=\"noopener\">Consulta a convocatoria<\/a><\/p>\n\t<br\/><br\/>\n\n","protected":false},"excerpt":{"rendered":"","protected":false},"author":2,"featured_media":0,"parent":25696,"menu_order":4,"comment_status":"closed","ping_status":"closed","template":"","meta":{"footnotes":""},"class_list":["post-25694","page","type-page","status-publish","hentry"],"_links":{"self":[{"href":"https:\/\/mila.uvigo.gal\/es\/wp-json\/wp\/v2\/pages\/25694","targetHints":{"allow":["GET"]}}],"collection":[{"href":"https:\/\/mila.uvigo.gal\/es\/wp-json\/wp\/v2\/pages"}],"about":[{"href":"https:\/\/mila.uvigo.gal\/es\/wp-json\/wp\/v2\/types\/page"}],"author":[{"embeddable":true,"href":"https:\/\/mila.uvigo.gal\/es\/wp-json\/wp\/v2\/users\/2"}],"replies":[{"embeddable":true,"href":"https:\/\/mila.uvigo.gal\/es\/wp-json\/wp\/v2\/comments?post=25694"}],"version-history":[{"count":1,"href":"https:\/\/mila.uvigo.gal\/es\/wp-json\/wp\/v2\/pages\/25694\/revisions"}],"predecessor-version":[{"id":25695,"href":"https:\/\/mila.uvigo.gal\/es\/wp-json\/wp\/v2\/pages\/25694\/revisions\/25695"}],"up":[{"embeddable":true,"href":"https:\/\/mila.uvigo.gal\/es\/wp-json\/wp\/v2\/pages\/25696"}],"wp:attachment":[{"href":"https:\/\/mila.uvigo.gal\/es\/wp-json\/wp\/v2\/media?parent=25694"}],"curies":[{"name":"wp","href":"https:\/\/api.w.org\/{rel}","templated":true}]}}