{"id":25709,"date":"2019-05-29T11:31:07","date_gmt":"2019-05-29T09:31:07","guid":{"rendered":"http:\/\/linguisticaaplicada.webs7.uvigo.es\/calidad\/seguimento-do-titulo\/"},"modified":"2022-11-09T22:10:01","modified_gmt":"2022-11-09T21:10:01","slug":"seguimiento-del-titulo","status":"publish","type":"page","link":"https:\/\/mila.uvigo.gal\/es\/calidad\/seguimiento-del-titulo\/","title":{"rendered":"Seguimiento del t\u00edtulo"},"content":{"rendered":"<a href=\"https:\/\/sede.educacion.gob.es\/cid\/297787295491262181558963.pdf\" target=\"_blank\" rel=\"noopener noreferrer\" class=\"btn btn-outline-primary btn-icon\">Memoria verificada del t\u00edtulo<\/a>\n<p>&nbsp;<\/p>\n<h2>Seguimiento anual del t\u00edtulo<\/h2>\n<p class=\"header-list\">Curso 2019\/2020<\/p>\n<ul class=\"list-peak\">\n<li><a href=\"https:\/\/udc.gal\/export\/sites\/udc\/filo\/_galeria_down\/calidade\/Informes_de_seguimento_ou_acreditacion\/Informe_de_resultados_do_SGC_2019_2020.pdf_2063069239.pdf\" target=\"_blank\" rel=\"noopener noreferrer\">Informe de seguimiento institucional de la Facultad de Filolog\u00eda (UDC)<\/a><\/li>\n<\/ul>\n<p class=\"header-list\">Curso 2018\/2019<\/p>\n<ul class=\"list-peak\">\n<li><a href=\"https:\/\/udc.gal\/export\/sites\/udc\/filo\/_galeria_down\/calidade\/Informes_de_seguimento_ou_acreditacion\/PM01_ANEXO02.pdf_2063069239.pdf\" target=\"_blank\" rel=\"noopener noreferrer\">Informe de seguimiento institucional de la Facultad de Filolog\u00eda (UDC)<\/a><\/li>\n<\/ul>\n<p class=\"header-list\">Curso 2017\/2018<\/p>\n<ul class=\"list-peak\">\n<li><a href=\"https:\/\/udc.gal\/export\/sites\/udc\/filo\/_galeria_down\/calidade\/Informes_de_seguimento_e_acreditacion\/Institucional_2017-2018\/Autoinforme-Seguimento-Filoloxia-UDC-1718.pdf_2063069239.pdf\" target=\"_blank\" rel=\"noopener noreferrer\">Informe de seguimiento institucional de la Facultad de Filolog\u00eda (UDC)<\/a><\/li>\n<\/ul>\n<p class=\"header-list\">Curso 2016\/2017<\/p>\n<ul class=\"list-peak\">\n<li><a href=\"http:\/\/fft.uvigo.es\/images\/docs\/calidade\/seguimento\/R1_DO-0102_P1_MILA_2016-17.pdf\" target=\"_blank\" rel=\"noopener noreferrer\">Autoinforme de seguimiento<\/a><\/li>\n<li><a href=\"http:\/\/fft.uvigo.es\/images\/docs\/calidade\/seguimento\/R3_DO-0102_P1_2016-17.pdf\" target=\"_blank\" rel=\"noopener noreferrer\">Informe final de seguimiento (UVIGO)<\/a><\/li>\n<\/ul>\n<p class=\"header-list\">Curso 2015\/2016<\/p>\n<ul class=\"list-peak\">\n<li>Autoinforme de evaluaci\u00f3n para la renovaci\u00f3n de la acreditaci\u00f3n<\/li>\n<li><a href=\"http:\/\/fft.uvigo.es\/images\/docs\/calidade\/acreditacion\/IFARA_MILA_2017.pdf\" target=\"_blank\" rel=\"noopener noreferrer\">Informe final de evaluaci\u00f3n para la renovaci\u00f3n de la acreditaci\u00f3n (ACSUG)<\/a><\/li>\n<\/ul>\n<p class=\"header-list\">Curso 2014\/2015<\/p>\n<ul class=\"list-peak\">\n<li><a href=\"http:\/\/fft.uvigo.es\/images\/docs\/calidade\/seguimento\/R1_DO-0102_P1_MILA_2014-15.pdf\" target=\"_blank\" rel=\"noopener noreferrer\">Autoinforme de seguimiento<\/a><\/li>\n<li><a href=\"http:\/\/fft.uvigo.es\/images\/docs\/calidade\/seguimento\/R2_DO-0102_P1_MILA_2014-15.pdf\" target=\"_blank\" rel=\"noopener noreferrer\">Informe final de seguimiento (ACSUG)<\/a><\/li>\n<\/ul>\n<p class=\"header-list\">Curso 2013\/2014<\/p>\n<ul class=\"list-peak\">\n<li><a href=\"http:\/\/fft.uvigo.es\/images\/docs\/calidade\/seguimento\/R1_DO-0102_P1_MILA_2013-14.pdf\" target=\"_blank\" rel=\"noopener noreferrer\">Autoinforme de seguimiento<\/a><\/li>\n<\/ul>\n","protected":false},"excerpt":{"rendered":"<p>&nbsp; Seguimiento anual del t\u00edtulo Curso 2019\/2020 Informe de seguimiento institucional de la Facultad de Filolog\u00eda (UDC) Curso 2018\/2019 Informe de seguimiento institucional de la &hellip; <a class=\"excerpt_more\" href=\"https:\/\/mila.uvigo.gal\/es\/calidad\/seguimiento-del-titulo\/\">Contin\u00faa<\/a><\/p>\n","protected":false},"author":2,"featured_media":0,"parent":25702,"menu_order":3,"comment_status":"closed","ping_status":"closed","template":"","meta":{"footnotes":""},"class_list":["post-25709","page","type-page","status-publish","hentry"],"_links":{"self":[{"href":"https:\/\/mila.uvigo.gal\/es\/wp-json\/wp\/v2\/pages\/25709","targetHints":{"allow":["GET"]}}],"collection":[{"href":"https:\/\/mila.uvigo.gal\/es\/wp-json\/wp\/v2\/pages"}],"about":[{"href":"https:\/\/mila.uvigo.gal\/es\/wp-json\/wp\/v2\/types\/page"}],"author":[{"embeddable":true,"href":"https:\/\/mila.uvigo.gal\/es\/wp-json\/wp\/v2\/users\/2"}],"replies":[{"embeddable":true,"href":"https:\/\/mila.uvigo.gal\/es\/wp-json\/wp\/v2\/comments?post=25709"}],"version-history":[{"count":3,"href":"https:\/\/mila.uvigo.gal\/es\/wp-json\/wp\/v2\/pages\/25709\/revisions"}],"predecessor-version":[{"id":57323,"href":"https:\/\/mila.uvigo.gal\/es\/wp-json\/wp\/v2\/pages\/25709\/revisions\/57323"}],"up":[{"embeddable":true,"href":"https:\/\/mila.uvigo.gal\/es\/wp-json\/wp\/v2\/pages\/25702"}],"wp:attachment":[{"href":"https:\/\/mila.uvigo.gal\/es\/wp-json\/wp\/v2\/media?parent=25709"}],"curies":[{"name":"wp","href":"https:\/\/api.w.org\/{rel}","templated":true}]}}