{"id":11757,"date":"2019-12-16T10:42:57","date_gmt":"2019-12-16T09:42:57","guid":{"rendered":"http:\/\/masterapoioeducativo.webs7.uvigo.es\/?page_id=11757"},"modified":"2020-07-16T10:38:16","modified_gmt":"2020-07-16T08:38:16","slug":"obxectivos","status":"publish","type":"page","link":"https:\/\/mila.uvigo.gal\/gl\/informacion\/obxectivos\/","title":{"rendered":"Obxectivos"},"content":{"rendered":"<p>O principal obxectivo deste t\u00edtulo \u00e9 permitir que o estudantado, segundo a s\u00faa formaci\u00f3n previa, adquira e\/ou reforce a formaci\u00f3n en ling\u00fc\u00edstica avanzada (m\u00f3dulo de cursos obrigatorios, con materias de car\u00e1cter metodol\u00f3xico e fundamental) e se especialice nun dos bloques tem\u00e1ticos de car\u00e1cter esencialmente aplicado nos que est\u00e1n agrupadas as materias optativas:<\/p>\n<ul class=\"list-peak\">\n<li>Adquisici\u00f3n e ensino de linguas<\/li>\n<li>Comunicaci\u00f3n e recursos ling\u00fc\u00edsticos<\/li>\n<li>L\u00e9xico, gram\u00e1tica e variaci\u00f3n<\/li>\n<\/ul>\n","protected":false},"excerpt":{"rendered":"<p>O principal obxectivo deste t\u00edtulo \u00e9 permitir que o estudantado, segundo a s\u00faa formaci\u00f3n previa, adquira e\/ou reforce a formaci\u00f3n en ling\u00fc\u00edstica avanzada (m\u00f3dulo de &hellip; <a class=\"excerpt_more\" href=\"https:\/\/mila.uvigo.gal\/gl\/informacion\/obxectivos\/\">Continuar<\/a><\/p>\n","protected":false},"author":2,"featured_media":0,"parent":1677,"menu_order":0,"comment_status":"closed","ping_status":"closed","template":"","meta":{"footnotes":""},"class_list":["post-11757","page","type-page","status-publish","hentry"],"_links":{"self":[{"href":"https:\/\/mila.uvigo.gal\/gl\/wp-json\/wp\/v2\/pages\/11757","targetHints":{"allow":["GET"]}}],"collection":[{"href":"https:\/\/mila.uvigo.gal\/gl\/wp-json\/wp\/v2\/pages"}],"about":[{"href":"https:\/\/mila.uvigo.gal\/gl\/wp-json\/wp\/v2\/types\/page"}],"author":[{"embeddable":true,"href":"https:\/\/mila.uvigo.gal\/gl\/wp-json\/wp\/v2\/users\/2"}],"replies":[{"embeddable":true,"href":"https:\/\/mila.uvigo.gal\/gl\/wp-json\/wp\/v2\/comments?post=11757"}],"version-history":[{"count":4,"href":"https:\/\/mila.uvigo.gal\/gl\/wp-json\/wp\/v2\/pages\/11757\/revisions"}],"predecessor-version":[{"id":25210,"href":"https:\/\/mila.uvigo.gal\/gl\/wp-json\/wp\/v2\/pages\/11757\/revisions\/25210"}],"up":[{"embeddable":true,"href":"https:\/\/mila.uvigo.gal\/gl\/wp-json\/wp\/v2\/pages\/1677"}],"wp:attachment":[{"href":"https:\/\/mila.uvigo.gal\/gl\/wp-json\/wp\/v2\/media?parent=11757"}],"curies":[{"name":"wp","href":"https:\/\/api.w.org\/{rel}","templated":true}]}}