{"id":1687,"date":"2019-05-29T11:02:59","date_gmt":"2019-05-29T09:02:59","guid":{"rendered":"http:\/\/masteravogacia.webs7.uvigo.es\/?page_id=1687"},"modified":"2020-09-11T19:00:29","modified_gmt":"2020-09-11T17:00:29","slug":"coordinacion","status":"publish","type":"page","link":"https:\/\/mila.uvigo.gal\/gl\/informacion\/coordinacion\/","title":{"rendered":"Coordinaci\u00f3n"},"content":{"rendered":"<h2>Coordinaci\u00f3n do t\u00edtulo<\/h2>\n<div class=\"row\">\n<div class=\"col-sm-4\">\n<h3>Coordinador\/a<\/h3>\n<p><strong>Margarita Alonso Ramos<\/strong><br \/>\n<a href=\"mailto:margarita.alonso@udc.es\">margarita.alonso@udc.es<\/a><\/p>\n<\/div>\n<div class=\"col-sm-4\">\n<h3>Secretario\/a<\/h3>\n<p><strong>Esperanza Ac\u00edn Villa<\/strong><br \/>\n<a href=\"mailto:eacin@udc.es\">eacin@udc.es<\/a><\/p>\n<\/div>\n<div class=\"col-sm-4\">\n<h3>Coord. UVigo<\/h3>\n<p><strong>Fernando Ramallo<\/strong><br \/>\n<a href=\"mailto:mila@uvigo.gal\">mila@uvigo.gal<\/a><\/p>\n<\/div>\n<\/div>\n<p>&nbsp;<\/p>\n<h2>Comisi\u00f3ns acad\u00e9micas<\/h2>\n<div class=\"row\">\n<div class=\"col-sm-4\">\n<h3>UDC<\/h3>\n<p><strong>Coordinador\/a<br \/>\n<\/strong>Margarita Alonso Ramos<\/p>\n<p><strong>Secretario\/a<\/strong><br \/>\nEsperanza Ac\u00edn Villa<\/p>\n<p><strong>Representante do decanato<\/strong><br \/>\nF\u00e9lix C\u00f3rdoba Rodr\u00edguez<\/p>\n<p><strong>Vogal<\/strong><br \/>\nIssac Lourido<\/p>\n<\/div>\n<div class=\"col-sm-4\">\n<h3>USC<\/h3>\n<p><strong>Coordinador\/a<\/strong><br \/>\nGabriela V\u00e1zquez Prego<\/p>\n<p><strong>Secretario\/a<\/strong><br \/>\nPablo Gamallo Otero<\/p>\n<p><strong>Representante do decanato<\/strong><br \/>\nEl\u00edas Torres Feij\u00f3<\/p>\n<\/div>\n<div class=\"col-sm-4\">\n<h3>UVigo<\/h3>\n<p><strong>Coordinador\/a<\/strong><br \/>\nFernando Ramallo<\/p>\n<p><strong>Secretario\/a<\/strong><br \/>\nAlexandre Rodr\u00edguez Guerra<\/p>\n<p><strong>Representante do decanato<\/strong><br \/>\nMar\u00eda Seijas Montero<\/p>\n<\/div>\n<\/div>\n<h3><\/h3>\n","protected":false},"excerpt":{"rendered":"<p>Coordinaci\u00f3n do t\u00edtulo &nbsp; Comisi\u00f3ns acad\u00e9micas<\/p>\n","protected":false},"author":2,"featured_media":0,"parent":1677,"menu_order":5,"comment_status":"closed","ping_status":"closed","template":"","meta":{"footnotes":""},"class_list":["post-1687","page","type-page","status-publish","hentry"],"_links":{"self":[{"href":"https:\/\/mila.uvigo.gal\/gl\/wp-json\/wp\/v2\/pages\/1687","targetHints":{"allow":["GET"]}}],"collection":[{"href":"https:\/\/mila.uvigo.gal\/gl\/wp-json\/wp\/v2\/pages"}],"about":[{"href":"https:\/\/mila.uvigo.gal\/gl\/wp-json\/wp\/v2\/types\/page"}],"author":[{"embeddable":true,"href":"https:\/\/mila.uvigo.gal\/gl\/wp-json\/wp\/v2\/users\/2"}],"replies":[{"embeddable":true,"href":"https:\/\/mila.uvigo.gal\/gl\/wp-json\/wp\/v2\/comments?post=1687"}],"version-history":[{"count":33,"href":"https:\/\/mila.uvigo.gal\/gl\/wp-json\/wp\/v2\/pages\/1687\/revisions"}],"predecessor-version":[{"id":28555,"href":"https:\/\/mila.uvigo.gal\/gl\/wp-json\/wp\/v2\/pages\/1687\/revisions\/28555"}],"up":[{"embeddable":true,"href":"https:\/\/mila.uvigo.gal\/gl\/wp-json\/wp\/v2\/pages\/1677"}],"wp:attachment":[{"href":"https:\/\/mila.uvigo.gal\/gl\/wp-json\/wp\/v2\/media?parent=1687"}],"curies":[{"name":"wp","href":"https:\/\/api.w.org\/{rel}","templated":true}]}}