{"id":1691,"date":"2019-05-29T11:12:37","date_gmt":"2019-05-29T09:12:37","guid":{"rendered":"http:\/\/masteravogacia.webs7.uvigo.es\/?page_id=1691"},"modified":"2020-07-23T10:55:24","modified_gmt":"2020-07-23T08:55:24","slug":"requisitos-de-acceso","status":"publish","type":"page","link":"https:\/\/mila.uvigo.gal\/gl\/acceso\/requisitos-de-acceso\/","title":{"rendered":"Requisitos de acceso"},"content":{"rendered":"<h2>Requisitos de acceso<\/h2>\n<p>Poder\u00e1n acceder \u00e1s ensinanzas oficiais de m\u00e1ster:<\/p>\n<ul class=\"list-peak\">\n<li>As persoas que estean en posesi\u00f3n dun t\u00edtulo universitario oficial espa\u00f1ol.<\/li>\n<li>Aquelas que te\u00f1an un t\u00edtulo expedido por unha institucion de educaci\u00f3n superior do EEES que faculta no pa\u00eds expedidor do t\u00edtulo para o acceso a ensinanzas de m\u00e1ster.<\/li>\n<li>As persoas tituladas conforme sistemas educativos alleos ao EEES sen necesidade de homologaci\u00f3n dos seus t\u00edtulos, previa comprobaci\u00f3n pola Universidade de que os ditos t\u00edtulos acreditan un nivel de formaci\u00f3n equivalente aos correspondentes t\u00edtulos universitarios espa\u00f1ois e que facultan no pa\u00eds expedidor do t\u00edtulo para o acceso a ensinanzas de posgrao.<\/li>\n<\/ul>\n<p>No caso de haber m\u00e1is solicitudes que prazas ofertadas aplicaranse os criterios que a Comisi\u00f3n Acad\u00e9mica publica cada ano, vixentes do t\u00edtulo e as normativas das diferentes universidades.<\/p>\n<p>&nbsp;<\/p>\n<h2>Perfil de ingreso<\/h2>\n<p>Resulta recomend\u00e1bel, como perfil de ingreso, a existencia dunha formaci\u00f3n acad\u00e9mica previa no \u00e1mbito de Artes e Humanidades ou das Ciencias Sociais, especialmente ter cursado un t\u00edtulo de Grao ou equivalente que contemple unha formaci\u00f3n espec\u00edfica nos estudos ling\u00fc\u00edsticos, no \u00e1mbito da comunicaci\u00f3n.<\/p>\n<p>&nbsp;<\/p>\n","protected":false},"excerpt":{"rendered":"<p>Requisitos de acceso Poder\u00e1n acceder \u00e1s ensinanzas oficiais de m\u00e1ster: As persoas que estean en posesi\u00f3n dun t\u00edtulo universitario oficial espa\u00f1ol. Aquelas que te\u00f1an un &hellip; <a class=\"excerpt_more\" href=\"https:\/\/mila.uvigo.gal\/gl\/acceso\/requisitos-de-acceso\/\">Continuar<\/a><\/p>\n","protected":false},"author":2,"featured_media":0,"parent":1689,"menu_order":1,"comment_status":"closed","ping_status":"closed","template":"","meta":{"footnotes":""},"class_list":["post-1691","page","type-page","status-publish","hentry"],"_links":{"self":[{"href":"https:\/\/mila.uvigo.gal\/gl\/wp-json\/wp\/v2\/pages\/1691","targetHints":{"allow":["GET"]}}],"collection":[{"href":"https:\/\/mila.uvigo.gal\/gl\/wp-json\/wp\/v2\/pages"}],"about":[{"href":"https:\/\/mila.uvigo.gal\/gl\/wp-json\/wp\/v2\/types\/page"}],"author":[{"embeddable":true,"href":"https:\/\/mila.uvigo.gal\/gl\/wp-json\/wp\/v2\/users\/2"}],"replies":[{"embeddable":true,"href":"https:\/\/mila.uvigo.gal\/gl\/wp-json\/wp\/v2\/comments?post=1691"}],"version-history":[{"count":7,"href":"https:\/\/mila.uvigo.gal\/gl\/wp-json\/wp\/v2\/pages\/1691\/revisions"}],"predecessor-version":[{"id":25820,"href":"https:\/\/mila.uvigo.gal\/gl\/wp-json\/wp\/v2\/pages\/1691\/revisions\/25820"}],"up":[{"embeddable":true,"href":"https:\/\/mila.uvigo.gal\/gl\/wp-json\/wp\/v2\/pages\/1689"}],"wp:attachment":[{"href":"https:\/\/mila.uvigo.gal\/gl\/wp-json\/wp\/v2\/media?parent=1691"}],"curies":[{"name":"wp","href":"https:\/\/api.w.org\/{rel}","templated":true}]}}