{"id":1693,"date":"2019-05-29T11:13:18","date_gmt":"2019-05-29T09:13:18","guid":{"rendered":"http:\/\/masteravogacia.webs7.uvigo.es\/?page_id=1693"},"modified":"2021-04-30T11:26:09","modified_gmt":"2021-04-30T09:26:09","slug":"criterios-de-admision","status":"publish","type":"page","link":"https:\/\/mila.uvigo.gal\/gl\/acceso\/criterios-de-admision\/","title":{"rendered":"Criterios de admisi\u00f3n"},"content":{"rendered":"<h2>Baremo e criterios espec\u00edficos de selecci\u00f3n<\/h2>\n<ul class=\"list-peak\">\n<li>Expediente acad\u00e9mico: 75%.<\/li>\n<li>Curr\u00edculo: 20% (valorarase a posesi\u00f3n do nivel C1 en espa\u00f1ol ou en galego para estudantes estranxeiros).<\/li>\n<li>Estar en posesi\u00f3n dunha Licenciatura ou dun Grao en Filolox\u00eda, Ling\u00fc\u00edstica, Traduci\u00f3n e Interpretaci\u00f3n, Linguas \/ Letras ou en outras licenciaturas ou graos das \u00c1reas de Humanidades ou Ciencias Sociais: 5%.<\/li>\n<\/ul>\n<h2>Comisi\u00f3n de admisi\u00f3n<\/h2>\n<ul class=\"list-peak\">\n<li><a href=\"\/images\/docs\/acceso\/admision\/Comision_admision_21-22.pdf\" target=\"_blank\" rel=\"noopener noreferrer\">Composici\u00f3n da comisi\u00f3n de admisi\u00f3n<\/a><\/li>\n<\/ul>\n<p>&nbsp;<\/p>\n<h2>Oferta de prazas<\/h2>\n<ul class=\"list-peak\">\n<li>Universidade da Coru\u00f1a: 10<\/li>\n<li>Universidade de Vigo: 10<\/li>\n<li>Universidade de Santiago de Compostela: 10<\/li>\n<\/ul>\n","protected":false},"excerpt":{"rendered":"<p>Baremo e criterios espec\u00edficos de selecci\u00f3n Expediente acad\u00e9mico: 75%. Curr\u00edculo: 20% (valorarase a posesi\u00f3n do nivel C1 en espa\u00f1ol ou en galego para estudantes estranxeiros). &hellip; <a class=\"excerpt_more\" href=\"https:\/\/mila.uvigo.gal\/gl\/acceso\/criterios-de-admision\/\">Continuar<\/a><\/p>\n","protected":false},"author":2,"featured_media":0,"parent":1689,"menu_order":2,"comment_status":"closed","ping_status":"closed","template":"","meta":{"footnotes":""},"class_list":["post-1693","page","type-page","status-publish","hentry"],"_links":{"self":[{"href":"https:\/\/mila.uvigo.gal\/gl\/wp-json\/wp\/v2\/pages\/1693","targetHints":{"allow":["GET"]}}],"collection":[{"href":"https:\/\/mila.uvigo.gal\/gl\/wp-json\/wp\/v2\/pages"}],"about":[{"href":"https:\/\/mila.uvigo.gal\/gl\/wp-json\/wp\/v2\/types\/page"}],"author":[{"embeddable":true,"href":"https:\/\/mila.uvigo.gal\/gl\/wp-json\/wp\/v2\/users\/2"}],"replies":[{"embeddable":true,"href":"https:\/\/mila.uvigo.gal\/gl\/wp-json\/wp\/v2\/comments?post=1693"}],"version-history":[{"count":11,"href":"https:\/\/mila.uvigo.gal\/gl\/wp-json\/wp\/v2\/pages\/1693\/revisions"}],"predecessor-version":[{"id":39823,"href":"https:\/\/mila.uvigo.gal\/gl\/wp-json\/wp\/v2\/pages\/1693\/revisions\/39823"}],"up":[{"embeddable":true,"href":"https:\/\/mila.uvigo.gal\/gl\/wp-json\/wp\/v2\/pages\/1689"}],"wp:attachment":[{"href":"https:\/\/mila.uvigo.gal\/gl\/wp-json\/wp\/v2\/media?parent=1693"}],"curies":[{"name":"wp","href":"https:\/\/api.w.org\/{rel}","templated":true}]}}