{"id":1695,"date":"2019-05-29T11:14:06","date_gmt":"2019-05-29T09:14:06","guid":{"rendered":"http:\/\/masteravogacia.webs7.uvigo.es\/?page_id=1695"},"modified":"2025-05-07T16:18:35","modified_gmt":"2025-05-07T14:18:35","slug":"matricula","status":"publish","type":"page","link":"https:\/\/mila.uvigo.gal\/gl\/acceso\/matricula\/","title":{"rendered":"Matr\u00edcula"},"content":{"rendered":"<p><strong>Prazas ofertadas<\/strong><br \/>\n10 prazas (UDC) | 10 prazas (USC) | 10 prazas (UVigo)<\/p>\n<p><strong>Preinscrici\u00f3n e matr\u00edcula<\/strong><br \/>\n<a href=\"\/gl\/acceso\/calendario-de-matricula\">Calendario de matr\u00edcula<\/a><\/p>\n<h3>Matr\u00edcula<\/h3>\n<table style=\"margin-left:0px;\" cellpadding=\"0\" cellspacing=\"0\">\n<thead>\n<tr>\n<th>Proceso<\/th>\n<th>UDC<\/th>\n<th>USC<\/th>\n<th>UVIGO<\/th>\n<\/tr>\n<tr>\n<td>Convocatoria<\/td>\n<td><a href=\"https:\/\/sede.udc.gal\/services\/electronic_board\/EXP2023\/013497\" target=\"_blank\" rel=\"noopener noreferrer\">CONV UDC<\/a> <i class=\"fa fa-external-link\"><\/i><\/td>\n<td><a target=\"_blank\" rel=\"noopener noreferrer\">CONV USC<\/a> <i class=\"fa fa-external-link\"><\/i><\/td>\n<td><a href=\"https:\/\/secretaria.uvigo.gal\/uv\/web\/convocatoria\/public\/show\/1568\" target=\"_blank\" rel=\"noopener noreferrer\">CONV UVIGO<\/a> <i class=\"fa fa-external-link\"><\/i><\/td>\n<\/tr>\n<tr>\n<td>Preinscrici\u00f3n<\/td>\n<td><a href=\"https:\/\/matricula.udc.es\/preinsMaster\/identif.asp\" target=\"_blank\" rel=\"noopener noreferrer\">PRE UDC<\/a> <i class=\"fa fa-external-link\"><\/td>\n<td>PRE USC <i class=\"fa fa-external-link\"><\/td>\n<td><a href=\"https:\/\/secretaria.uvigo.gal\/uv\/web\/axuda\/faq\/show\/32\/\" target=\"_blank\" rel=\"noopener noreferrer\">PRE UVIGO<\/a> <i class=\"fa fa-external-link\"><\/td>\n<\/tr>\n<tr>\n<td>Automatr\u00edcula<\/td>\n<td><a href=\"https:\/\/matricula.udc.es\/LoginX\" target=\"_blank\" rel=\"noopener noreferrer\">MAT UDC<\/a> <i class=\"fa fa-external-link\"><\/td>\n<td><a href=\"https:\/\/matricula.usc.es\/loginx\/Login.asp\" target=\"_blank\" rel=\"noopener noreferrer\">MAT USC<\/a> <i class=\"fa fa-external-link\"><\/td>\n<td><a href=\"https:\/\/matricula.uvigo.es\/loginX\/login.asp\" target=\"_blank\" rel=\"noopener noreferrer\">MAT UVIGO<\/a> <i class=\"fa fa-external-link\"><\/td>\n<\/tr>\n<tr>\n<td>Prezos<\/td>\n<td><a href=\"https:\/\/matricula.udc.es\/LoginX\" target=\"_blank\" rel=\"noopener noreferrer\">Prezos UDC<\/a> <i class=\"fa fa-external-link\"><\/td>\n<td><a href=\"https:\/\/www.usc.gal\/gl\/admision\/prezos-titulacions-academicas\" target=\"_blank\" rel=\"noopener noreferrer\">Prezos USC<\/a> <i class=\"fa fa-external-link\"><\/td>\n<td><a href=\"https:\/\/www.uvigo.gal\/estudar\/xestions-estudantes\/matriculate\/prezos-publicos\" target=\"_blank\" rel=\"noopener noreferrer\">Prezos UVIGO<\/a> <i class=\"fa fa-external-link\"><\/td>\n<\/tr>\n<\/thead>\n<\/table>\n<p>&nbsp;<\/p>\n<div class=\"custom-block graylight\">\n<h3>M\u00e1is informaci\u00f3n<\/h3>\n<div class=\"row\">\n<div class=\"col-lg-4\">\n<h4>UDC<\/h3>\n<p>\t\t<strong>Servizo de Org. Acad\u00e9mica<\/strong><br \/>\n\t\t+34 981 161 040<br \/>\n\t\t<a href=\"mailto:soa@udc.es\">soa@udc.es<\/a>\n\t<\/div>\n<div class=\"col-lg-4\">\n<h4>USC<\/h3>\n<p>\t\t<strong>Servizo de Xest. Acad\u00e9mica<\/strong><br \/>\n\t\t+34 881 814 530<br \/>\n\t\t<a href=\"mailto:sxa@usc.gal\">sxa@usc.gal<\/a>\n\t<\/div>\n<div class=\"col-lg-4\">\n<h4>UVIGO<\/h3>\n<p>\t\t<strong>\u00c1rea de estudos de posgrao<\/strong><br \/>\n\t\t+34 986 130 219<br \/>\n\t\t<a href=\"mailto:posgraoxsh4@uvigo.es\">posgraoxsh4@uvigo.es<\/a>\n\t<\/div>\n<\/div>\n<\/div>\n","protected":false},"excerpt":{"rendered":"<p>Prazas ofertadas 10 prazas (UDC) | 10 prazas (USC) | 10 prazas (UVigo) Preinscrici\u00f3n e matr\u00edcula Calendario de matr\u00edcula Matr\u00edcula Proceso UDC USC UVIGO Convocatoria &hellip; <a class=\"excerpt_more\" href=\"https:\/\/mila.uvigo.gal\/gl\/acceso\/matricula\/\">Continuar<\/a><\/p>\n","protected":false},"author":2,"featured_media":0,"parent":1689,"menu_order":3,"comment_status":"closed","ping_status":"closed","template":"","meta":{"footnotes":""},"class_list":["post-1695","page","type-page","status-publish","hentry"],"_links":{"self":[{"href":"https:\/\/mila.uvigo.gal\/gl\/wp-json\/wp\/v2\/pages\/1695","targetHints":{"allow":["GET"]}}],"collection":[{"href":"https:\/\/mila.uvigo.gal\/gl\/wp-json\/wp\/v2\/pages"}],"about":[{"href":"https:\/\/mila.uvigo.gal\/gl\/wp-json\/wp\/v2\/types\/page"}],"author":[{"embeddable":true,"href":"https:\/\/mila.uvigo.gal\/gl\/wp-json\/wp\/v2\/users\/2"}],"replies":[{"embeddable":true,"href":"https:\/\/mila.uvigo.gal\/gl\/wp-json\/wp\/v2\/comments?post=1695"}],"version-history":[{"count":51,"href":"https:\/\/mila.uvigo.gal\/gl\/wp-json\/wp\/v2\/pages\/1695\/revisions"}],"predecessor-version":[{"id":57879,"href":"https:\/\/mila.uvigo.gal\/gl\/wp-json\/wp\/v2\/pages\/1695\/revisions\/57879"}],"up":[{"embeddable":true,"href":"https:\/\/mila.uvigo.gal\/gl\/wp-json\/wp\/v2\/pages\/1689"}],"wp:attachment":[{"href":"https:\/\/mila.uvigo.gal\/gl\/wp-json\/wp\/v2\/media?parent=1695"}],"curies":[{"name":"wp","href":"https:\/\/api.w.org\/{rel}","templated":true}]}}