{"id":1741,"date":"2019-05-29T11:48:50","date_gmt":"2019-05-29T09:48:50","guid":{"rendered":"http:\/\/masteravogacia.webs7.uvigo.es\/?page_id=1741"},"modified":"2020-07-16T13:02:10","modified_gmt":"2020-07-16T11:02:10","slug":"orientacion-ao-estudantado","status":"publish","type":"page","link":"https:\/\/mila.uvigo.gal\/gl\/estudantes\/orientacion-ao-estudantado\/","title":{"rendered":"Orientaci\u00f3n ao estudantado"},"content":{"rendered":"<h2>Na Facultade de Filolox\u00eda e Traduci\u00f3n<\/h2>\n<p>A Facultade de Filolox\u00eda e Traduci\u00f3n disp\u00f3n dos seguintes mecanismos de apoio e orientaci\u00f3n ao estudantado matriculado no centro:<\/p>\n<h3>Plan de Acci\u00f3n Titorial<\/h3>\n<p>O Plan de Acci\u00f3n Titorial (PAT) config\u00farase como o instrumento a trav\u00e9s do cal se dese\u00f1a o contido e a execuci\u00f3n das distintas acci\u00f3ns relativas \u00e1 titor\u00eda universitaria. Pr\u00e9staselle unha especial atenci\u00f3n ao estudantado de novo ingreso, de cara a favorecer a s\u00faa integraci\u00f3n na vida universitaria e a atender as s\u00faas necesidades formativas e informativas, e ao que est\u00e1 rematando os seus estudos.<\/p>\n<a href=\"http:\/\/fft.uvigo.es\/gl\/alumnado\/plan-de-accion-titorial\" target=\"_blank\" rel=\"noopener noreferrer\" class=\"btn btn-outline-primary btn-icon\">M\u00e1is informaci\u00f3n<\/a>\n<p>&nbsp;<\/p>\n<h2>Na Universidade de Vigo<\/h2>\n<p>A Universidade de Vigo conta cos seguintes sistemas de apoio e orientaci\u00f3n do estudantado unha vez matriculado:<\/p>\n<div id=\"accordion0\" class=\"accordion \" role=\"tablist\" aria-multiselectable=\"true\" >\n<div class=\"card\" >\n<div class=\"card-header\"><a class=\"collapse  collapsed\" data-toggle=\"collapse\" data-parent=\"#accordion0\" href=\"#collapse0\" aria-controls=\"collapse0\">1. Gabinete psicopedag\u00f3xico<\/a><\/div>\n<div id=\"collapse0\" class=\"collapse\" role=\"tabpanel\" data-parent=\"#accordion0\"><div class=\"card-body\">\n<p class=\"card-text\">A disposici\u00f3n do estudantado para orientar e asistir tanto en cuesti\u00f3ns acad\u00e9micas como noutras de \u00edndole persoal. Pret\u00e9ndese cumprir os seguintes obxectivos:<\/p>\n<ul class=\"list-peak\">\n<li>Asesorar ao estudantado na planificaci\u00f3n e desenvolvemento da s\u00faa traxectoria acad\u00e9mica e profesional.<\/li>\n<li>Adecuar e optimizar as decisi\u00f3ns acad\u00e9micas, maximizando a variedade das posibilidades das sa\u00eddas profesionais.<\/li>\n<li>Incrementar os niveis de autoestima e de motivaci\u00f3n persoal e profesional.<\/li>\n<li>Mellorar os h\u00e1bitos de estudo, a organizaci\u00f3n dos traballos e aprender distintas t\u00e9cnicas de estudo para acadar un maior \u00e9xito ao longo da carreira.<\/li>\n<\/ul>\n<p class=\"card-text\">Visita a p\u00e1xina web do <a href=\"https:\/\/www.uvigo.gal\/campus\/saude-benestar\/gabinete-psicopedagoxico\" target=\"_blank\" rel=\"noopener noreferrer\" class=\"card-link\">Gabinete psicopedag\u00f3xico<\/a><\/p>\n<\/div><\/div>\n<\/div>\n<div class=\"card\" >\n<div class=\"card-header\"><a class=\"collapse  collapsed\" data-toggle=\"collapse\" data-parent=\"#accordion0\" href=\"#collapse1\" aria-controls=\"collapse1\">2. Programa de Apoio \u00e1 Integraci\u00f3n do Alumnado con Necesidades Especiais (PIUNE)<\/a><\/div>\n<div id=\"collapse1\" class=\"collapse\" role=\"tabpanel\" data-parent=\"#accordion0\"><div class=\"card-body\">\n<p class=\"card-text\">O Programa de Apoio \u00e1 Integraci\u00f3n do Alumnado con Necesidades Especiais (PIUNE) foi dese\u00f1ado para facilitar a s\u00faa vida acad\u00e9mica e garantir o seu dereito ao estudo.<\/p>\n<p class=\"card-text\">Visita a p\u00e1xina web do <a href=\"https:\/\/www.uvigo.gal\/campus\/atencion-diversidade\/que-podemos-axudar\" target=\"_blank\" rel=\"noopener noreferrer\" class=\"card-link\">PIUNE<\/a><\/p>\n<\/div><\/div>\n<\/div>\n<div class=\"card\" >\n<div class=\"card-header\"><a class=\"collapse  collapsed\" data-toggle=\"collapse\" data-parent=\"#accordion0\" href=\"#collapse2\" aria-controls=\"collapse2\">3. Secci\u00f3n de informaci\u00f3n ao estudante (SIE)<\/a><\/div>\n<div id=\"collapse2\" class=\"collapse\" role=\"tabpanel\" data-parent=\"#accordion0\"><div class=\"card-body\">\n<p class=\"card-text\">Os obxectivos deste servizo son:<\/p>\n<ul class=\"list-peak\">\n<li>Informar e orientar ao futuro estudantado universitario sobre:\n<ul class=\"list-peak\">\n<li>O acceso \u00e1 universidade, notas de corte, vinculaci\u00f3ns dos estudos medios c\u00f3s universitarios, pasarelas, etc\u2026<\/li>\n<li>A oferta educativa da Universidade de Vigo e outras universidades nacionais.<\/li>\n<\/ul>\n<\/li>\n<li>Informar tanto ao actual estudantado universitarios, como ao que xa rematou a s\u00faa carreira sobre:\n<ul class=\"list-peak\">\n<li>Todo o que a Universidade de Vigo ofrece durante a s\u00faa permanencia na mesma.<\/li>\n<li>As posibilidades de formaci\u00f3n unha vez rematada a carreira (masteres e cursos de especializaci\u00f3n, outros cursos, xornadas, premios, congresos, \u2026) e tam\u00e9n bolsas ou axudas convocadas por instituci\u00f3ns externas \u00e1 Universidade de Vigo.<\/li>\n<\/ul>\n<\/li>\n<\/ul>\n<p class=\"card-text\">Visita a p\u00e1xina web do <a href=\"https:\/\/www.uvigo.gal\/estudar\/asesoramoste\" target=\"_blank\" rel=\"noopener noreferrer\" class=\"card-link\">SIE<\/a><\/p>\n<\/div><\/div>\n<\/div>\n<div class=\"card\" >\n<div class=\"card-header\"><a class=\"collapse  collapsed\" data-toggle=\"collapse\" data-parent=\"#accordion0\" href=\"#collapse3\" aria-controls=\"collapse3\">4. Fundaci\u00f3n Universidade de Vigo<\/a><\/div>\n<div id=\"collapse3\" class=\"collapse\" role=\"tabpanel\" data-parent=\"#accordion0\"><div class=\"card-body\">\n<p class=\"card-text\">At\u00f3pase dotada de persoal t\u00e9cnico que traballa para:<\/p>\n<ul class=\"list-peak\">\n<li>Proporcionar un servizo integral de informaci\u00f3n, asesoramento e formaci\u00f3n no \u00e1mbito da orientaci\u00f3n profesional para o emprego.<\/li>\n<li>Fomentar as oportunidades de achegamento \u00e1 pr\u00e1ctica e ao exercicio profesional do estudantado.<\/li>\n<li>As principais \u00e1reas de actuaci\u00f3n son:\n<ul class=\"list-peak\">\n<li>Xesti\u00f3n de pr\u00e1cticas en empresas e instituci\u00f3ns p\u00fablicas e privadas.<\/li>\n<li>Xesti\u00f3n de ofertas de emprego.<\/li>\n<li>Orientaci\u00f3n e asesoramento individualizado na busca de emprego.<\/li>\n<li>Formaci\u00f3n para o emprego.<\/li>\n<\/ul>\n<\/li>\n<\/ul>\n<p class=\"card-text\">Visita a p\u00e1xina web da <a href=\"http:\/\/www.fundacionuvigo.es\/\" target=\"_blank\" rel=\"noopener noreferrer\" class=\"card-link\">Fundaci\u00f3n Universidade de Vigo<\/a><\/p>\n<\/div><\/div>\n<\/div>\n<div class=\"card\" >\n<div class=\"card-header\"><a class=\"collapse  collapsed\" data-toggle=\"collapse\" data-parent=\"#accordion0\" href=\"#collapse4\" aria-controls=\"collapse4\">5. \u00c1rea de Emprego<\/a><\/div>\n<div id=\"collapse4\" class=\"collapse\" role=\"tabpanel\" data-parent=\"#accordion0\"><div class=\"card-body\">\n<p class=\"card-text\">As principais \u00e1reas de actuaci\u00f3n son:<\/p>\n<ul class=\"list-peak\">\n<li>Xesti\u00f3n de pr\u00e1cticas preprofesionais en empresas e instituci\u00f3ns p\u00fablicas e privadas.<\/li>\n<li>Xesti\u00f3n de ofertas de emprego.<\/li>\n<li>Asesoramento personalizado para a elaboraci\u00f3n do itinerario profesional axustado a cada perfil.<\/li>\n<li>Orientaci\u00f3n e asesoramento individualizado na busca de emprego.<\/li>\n<li>Acci\u00f3ns en grupo para a busca activa de emprego.<\/li>\n<li>Informaci\u00f3n e asesoramento a empresas e instituci\u00f3ns na busca do perfil universitario axustado para cubrir pr\u00e1cticas\/postos de traballo.<\/li>\n<li>Dese\u00f1o e implementaci\u00f3n de estudos sobre diversos temas que afecten ao mercado laboral e \u00e1 inserci\u00f3n laboral do estudantado.<\/li>\n<\/ul>\n<p class=\"card-text\">Visita a p\u00e1xina web da <a href=\"https:\/\/www.uvigo.gal\/estudar\/empregabilidade\" target=\"_blank\" rel=\"noopener noreferrer\" class=\"card-link\">\u00c1rea de Emprego<\/a><\/p>\n<\/div><\/div>\n<\/div>\n<div class=\"card\" >\n<div class=\"card-header\"><a class=\"collapse  collapsed\" data-toggle=\"collapse\" data-parent=\"#accordion0\" href=\"#collapse5\" aria-controls=\"collapse5\">6. Oficina de Relaci\u00f3ns Internacionais (ORI)<\/a><\/div>\n<div id=\"collapse5\" class=\"collapse\" role=\"tabpanel\" data-parent=\"#accordion0\"><div class=\"card-body\">\n<p class=\"card-text\">Leva a cabo, entre outras, as seguintes actividades:<\/p>\n<ul class=\"list-peak\">\n<li>Informaci\u00f3n e asesoramento \u00e1 comunidade universitaria sobre os diferentes programas internacionais no \u00e1mbito da educaci\u00f3n superior.<\/li>\n<li>Fomento e xesti\u00f3n da mobilidade de estudantado e profesorado propio e estranxeiro, en especial no marco dos programas S\u00f3crates, ISEP, bolsas MAE e programas de cooperaci\u00f3n da Universidade de Vigo.<\/li>\n<li>Con respecto ao estudantado da Universidade de Vigo proporciona: asesoramento \u00e1s persoas seleccionadas con estes programas sobre a documentaci\u00f3n que deben presentar, informaci\u00f3n sobre a cont\u00eda das bolsas e posibles axudas complementarias, as\u00ed como sobre as xesti\u00f3ns que te\u00f1en que realizar coas universidades de destino.<\/li>\n<li>Con respecto ao profesorado da Universidade de Vigo, a ORI facilita informaci\u00f3n sobre os programas de intercambio de docencia e programas de cooperaci\u00f3n internacional.<\/li>\n<li>Con respecto ao estudantado estranxeiro, xestiona a aceptaci\u00f3n do que participa nun programa de intercambio, elabora a Gu\u00eda do estudantado estranxeiro e env\u00eda os paquetes informativos sobre a Universidade de Vigo, con informaci\u00f3n sobre os diferentes campus e cidades, recepci\u00f3n, visados, viaxe, busca de aloxamento, matr\u00edcula e posibilidades de estudos en colaboraci\u00f3n cos responsables de relaci\u00f3ns internacionais.<\/li>\n<li>Elaboraci\u00f3n e negociaci\u00f3n de acordos de cooperaci\u00f3n internacional.<\/li>\n<li>Asegura a presenza da Universidade de Vigo en foros e encontros de educaci\u00f3n internacionais.<\/li>\n<\/ul>\n<p class=\"card-text\">Visita a p\u00e1xina web da <a href=\"https:\/\/www.uvigo.gal\/estudar\/mobilidade\" target=\"_blank\" rel=\"noopener noreferrer\" class=\"card-link\">Oficina de Relaci\u00f3ns Internacionais (ORI)<\/a><\/p>\n<\/div><\/div>\n<\/div>\n<div class=\"card\" >\n<div class=\"card-header\"><a class=\"collapse  collapsed\" data-toggle=\"collapse\" data-parent=\"#accordion0\" href=\"#collapse6\" aria-controls=\"collapse6\">7. Unidade de Igualdade<\/a><\/div>\n<div id=\"collapse6\" class=\"collapse\" role=\"tabpanel\" data-parent=\"#accordion0\"><div class=\"card-body\">\n<p class=\"card-text\">A Universidade de Vigo ten como prioridade, en li\u00f1a coa Axenda 2030, favorecer a cultura do respecto, da igualdade e da inclusi\u00f3n, garantindo que todas as persoas que conforman a nosa comunidade poidan desenvolver a s\u00faa actividade acad\u00e9mica e laboral con dignidade e nun espazo libre de violencias de x\u00e9nero e de m\u00e1ximo respecto dos dereitos humanos.<\/p>\n<p class=\"card-text\">A Unidade de Igualdade disp\u00f3n dos seguintes recursos:<\/p>\n<ul class=\"list-peak\">\n<li><a href=\"https:\/\/www.uvigo.gal\/campus\/igualdade\/politicas-igualdade\" target=\"_blank\" rel=\"noopener noreferrer\" class=\"card-link\">Pol\u00edticas de igualdade<\/a><\/li>\n<li><a href=\"https:\/\/www.uvigo.gal\/campus\/igualdade\/prevencion-acoso-sexual-razon-sexo\" target=\"_blank\" rel=\"noopener noreferrer\" class=\"card-link\">Prevenci\u00f3n do acoso<\/a><\/li>\n<li><a href=\"https:\/\/www.uvigo.gal\/campus\/igualdade\/afondar-igualdade\" target=\"_blank\" rel=\"noopener noreferrer\" class=\"card-link\">Para afondar na igualdade<\/a><\/li>\n<li><a href=\"https:\/\/www.uvigo.gal\/campus\/igualdade\/boletin-recursos\" target=\"_blank\" rel=\"noopener noreferrer\" class=\"card-link\">Bolet\u00edn e recursos<\/a><\/li>\n<\/ul>\n<p class=\"card-text\">Visita a p\u00e1xina web da <a href=\"https:\/\/www.uvigo.gal\/campus\/igualdade\" target=\"_blank\" rel=\"noopener noreferrer\" class=\"card-link\">Unidade de Igualdade<\/a><\/p>\n<\/div><\/div>\n<\/div>\n<\/div>\n","protected":false},"excerpt":{"rendered":"<p>Na Facultade de Filolox\u00eda e Traduci\u00f3n A Facultade de Filolox\u00eda e Traduci\u00f3n disp\u00f3n dos seguintes mecanismos de apoio e orientaci\u00f3n ao estudantado matriculado no centro: &hellip; <a class=\"excerpt_more\" href=\"https:\/\/mila.uvigo.gal\/gl\/estudantes\/orientacion-ao-estudantado\/\">Continuar<\/a><\/p>\n","protected":false},"author":2,"featured_media":0,"parent":1713,"menu_order":1,"comment_status":"closed","ping_status":"closed","template":"","meta":{"footnotes":""},"class_list":["post-1741","page","type-page","status-publish","hentry"],"_links":{"self":[{"href":"https:\/\/mila.uvigo.gal\/gl\/wp-json\/wp\/v2\/pages\/1741","targetHints":{"allow":["GET"]}}],"collection":[{"href":"https:\/\/mila.uvigo.gal\/gl\/wp-json\/wp\/v2\/pages"}],"about":[{"href":"https:\/\/mila.uvigo.gal\/gl\/wp-json\/wp\/v2\/types\/page"}],"author":[{"embeddable":true,"href":"https:\/\/mila.uvigo.gal\/gl\/wp-json\/wp\/v2\/users\/2"}],"replies":[{"embeddable":true,"href":"https:\/\/mila.uvigo.gal\/gl\/wp-json\/wp\/v2\/comments?post=1741"}],"version-history":[{"count":24,"href":"https:\/\/mila.uvigo.gal\/gl\/wp-json\/wp\/v2\/pages\/1741\/revisions"}],"predecessor-version":[{"id":25231,"href":"https:\/\/mila.uvigo.gal\/gl\/wp-json\/wp\/v2\/pages\/1741\/revisions\/25231"}],"up":[{"embeddable":true,"href":"https:\/\/mila.uvigo.gal\/gl\/wp-json\/wp\/v2\/pages\/1713"}],"wp:attachment":[{"href":"https:\/\/mila.uvigo.gal\/gl\/wp-json\/wp\/v2\/media?parent=1741"}],"curies":[{"name":"wp","href":"https:\/\/api.w.org\/{rel}","templated":true}]}}