{"id":1743,"date":"2019-05-29T11:49:33","date_gmt":"2019-05-29T09:49:33","guid":{"rendered":"http:\/\/masteravogacia.webs7.uvigo.es\/?page_id=1743"},"modified":"2019-12-18T16:57:50","modified_gmt":"2019-12-18T15:57:50","slug":"mobilidade","status":"publish","type":"page","link":"https:\/\/mila.uvigo.gal\/gl\/estudantes\/mobilidade\/","title":{"rendered":"Mobilidade"},"content":{"rendered":"\n<table style=\"margin-left:0px;\" cellpadding=\"0\" cellspacing=\"0\">\n\t<thead>\n\t\t<tr>\n\t\t\t<th>Programa<\/th>\n\t\t\t<th>Prazo<\/th>\n\t\t\t<th>Comezo<\/th>\n\t\t\t<th>Fin<\/th>\n\t\t<\/tr>\n\t<\/thead>\n\t<tbody>\n\t\t\t\t\t\t\t\t\n\t\t\n\t\t<tr>\n\t\t\t<td><a href=\"https:\/\/secretaria.uvigo.gal\/uv\/web\/convocatoria\/public\/show\/1475\" target=\"_blank\">Erasmus+ estudos<\/a><br \/><span class=\"badge\" style=\"color:#fff;background-color:#ea9789;\">Convocatoria pechada<\/span><\/td>\n\t\t\t<td>1\u00ba prazo<\/td>\n\t\t\t<td>06\/12\/2024<\/td>\n\t\t\t<td>20\/12\/2024<\/td>\n\t\t<\/tr>\n\t\t\t\t\t\t\t\t\t\t\t\t\n\t\t\n\t\t<tr>\n\t\t\t<td><a href=\"https:\/\/secretaria.uvigo.gal\/uv\/web\/convocatoria\/public\/show\/1595\" target=\"_blank\">Erasmus+ pr\u00e1cticas<\/a><br \/><span class=\"badge\" style=\"color:#fff;background-color:#ea9789;\">Convocatoria pechada<\/span><\/td>\n\t\t\t<td>1\u00ba prazo<\/td>\n\t\t\t<td>22\/05\/2025<\/td>\n\t\t\t<td>30\/11\/2025<\/td>\n\t\t<\/tr>\n\t\t\t\t\t\t\t\t\t\t\t\t\n\t\t\n\t\t<tr>\n\t\t\t<td><a href=\"https:\/\/secretaria.uvigo.gal\/uv\/web\/convocatoria\/public\/tipo\/mobilidade-estudantes?qSearch=isep\" target=\"_blank\">ISEP<\/a><br \/><span class=\"badge\" style=\"color:#fff;background-color:#ea9789;\">Convocatoria pechada<\/span><\/td>\n\t\t\t<td>\u00fanico<\/td>\n\t\t\t<td>22\/11\/2025<\/td>\n\t\t\t<td>13\/12\/2025<\/td>\n\t\t<\/tr>\n\t\t\t\t\t\t\t\t\t\t\t\t\t\t\t\t\t\t\t\t\n\t\t\n\t\t<tr>\n\t\t\t<td><a href=\"https:\/\/secretaria.uvigo.gal\/uv\/web\/convocatoria\/public\/tipo\/mobilidade-estudantes?qSearch=extracomunitarios\" target=\"_blank\">Bolsas de intercambio UVIGO<\/a><br \/><span class=\"badge\" style=\"color:#fff;background-color:#ea9789;\">Convocatoria pechada<\/span><\/td>\n\t\t\t<td>\u00fanico<\/td>\n\t\t\t<td>11\/01\/2025<\/td>\n\t\t\t<td>30\/01\/2025<\/td>\n\t\t<\/tr>\n\t\t\t\t\t\t\t\t\t\t\t\t\n\t\t\n\t\t<tr>\n\t\t\t<td><a href=\"https:\/\/secretaria.uvigo.gal\/uv\/web\/normativa\/public\/show\/211\" target=\"_blank\">Libre mobilidade<\/a><br \/><span class=\"badge\" style=\"color:#fff;background-color:#ea9789;\">Convocatoria pechada<\/span><\/td>\n\t\t\t<td>\u00fanico<\/td>\n\t\t\t<td>01\/01\/2025<\/td>\n\t\t\t<td>31\/12\/2025<\/td>\n\t\t<\/tr>\n\t\t\t\t\t\t\t\t\t\t\t\t\t\t\t\t\t\t\t\t\t\t\t\t\t\t\t\t\t\t\t\t\t\t\t\t\t\t\t\t\t\t\t\t\t\t\t\t\t\t\t\t\t\t\t<\/tbody>\n<\/table>\n<!--<p><i class=\"fa fa-square i-success\"><\/i> Convocatoria aberta | <i class=\"fa fa-square i-danger\"><\/i> Convocatoria pechada<\/p>-->\n<br\/>\n\n\t<h3 id=\"1\">Erasmus+ estudos<\/h3>\n\t<p><p>O programa Erasmus+ estudos facilita cursar un per\u00edodo de estudos (un semestre ou curso completo) noutra universidade europea coa que exista o convenio correspondente, con total reco\u00f1ecemento acad\u00e9mico dos estudos realizados.<\/p>\r\n<p>Antes de comezar a estad\u00eda, d\u00e9bese cumprimentar o contrato de estudos ou <em>learning agreement<\/em>. Este documento, que debe ser aprobado e asinado polas persoas coordinadoras de mobilidade do centro propio e de destino, establece as materias cursadas na universidade de destino que ser\u00e1n reco\u00f1ecidas localmente.<\/p> <\/p>\n\t<p class=\"mb-2\"><a class=\"btn btn-outline-primary btn-icon\" style=\"text-transform: none;\" href=\"https:\/\/secretaria.uvigo.gal\/uv\/web\/convocatoria\/public\/show\/1475\" target=\"_blank\" rel=\"noopener\">Consulta a convocatoria<\/a><\/p>\n\t<br\/><br\/>\n\n\t<h3 id=\"2\">Erasmus+ pr\u00e1cticas<\/h3>\n\t<p><p>O programa Erasmus+ pr\u00e1cticas oferta un m\u00ednimo de 65 prazas para realizar un per\u00edodo de pr\u00e1cticas (entre 2 e 12 meses) en empresas, centros de ensino superior, centros de investigaci\u00f3n e outras organizaci\u00f3ns doutro pa\u00eds europeo.<\/p><\/p>\n\t<p class=\"mb-2\"><a class=\"btn btn-outline-primary btn-icon\" style=\"text-transform: none;\" href=\"https:\/\/secretaria.uvigo.gal\/uv\/web\/convocatoria\/public\/show\/1595\" target=\"_blank\" rel=\"noopener\">Consulta a convocatoria<\/a><\/p>\n\t<br\/><br\/>\n\n\t<h3 id=\"3\">ISEP<\/h3>\n\t<p><p>O programa ISEP permite que o estudantado de \u00faltimos cursos de grao (3\u00ba e 4\u00ba) ou de posgrao da Universidade de Vigo realice nunha universidade estadounidense un curso completo (agosto-maio) ou un semestre (agosto-decembro\/xaneiro ou xaneiro-maio\/xu\u00f1o) elixindo entre m\u00e1is de 150 universidades e unha ampla gama de programas de estudos.<\/p><\/p>\n\t<p class=\"mb-2\"><a class=\"btn btn-outline-primary btn-icon\" style=\"text-transform: none;\" href=\"https:\/\/secretaria.uvigo.gal\/uv\/web\/convocatoria\/public\/tipo\/mobilidade-estudantes?qSearch=isep\" target=\"_blank\" rel=\"noopener\">Consulta a convocatoria<\/a><\/p>\n\t<br\/><br\/>\n\n\t<h3 id=\"5\">Bolsas de intercambio UVIGO<\/h3>\n\t<p><p>A Universidade de Vigo, dentro do seu programa de mobilidade internacional, financia mediante bolsas de intercambio propias, estad\u00edas de estudo (un semestre ou curso completo) en diversas universidades de todo o mundo en funci\u00f3n dos distintos convenios establecidos.<\/p><\/p>\n\t<p class=\"mb-2\"><a class=\"btn btn-outline-primary btn-icon\" style=\"text-transform: none;\" href=\"https:\/\/secretaria.uvigo.gal\/uv\/web\/convocatoria\/public\/tipo\/mobilidade-estudantes?qSearch=extracomunitarios\" target=\"_blank\" rel=\"noopener\">Consulta a convocatoria<\/a><\/p>\n\t<br\/><br\/>\n\n\t<h3 id=\"7\">Libre mobilidade<\/h3>\n\t<p><p>A Universidade de Vigo permite a realizaci\u00f3n de mobilidade internacional por iniciativa propia do estudantado, f\u00f3ra dos programas oficiais de intercambio. Nestes casos, real\u00edzase unha estad\u00eda acad\u00e9mica temporal noutra universidade estranxeira cursando un programa formativo compatible co da titulaci\u00f3n da UVigo, sen a concesi\u00f3n dunha praza de mobilidade dun programa oficial de intercambio.<\/p><p>O programa formativo que se desenvolver\u00e1 na universidade de destino ten que ser aprobado previamente pola persoa coordinadora de mobilidade do centro. No caso do estudantado de grao \u00e9 necesario ter superados polo menos 60 ECTs antes de realizar a estad\u00eda.<\/p>\r\n<p> <a href=\"https:\/\/www.uvigo.gal\/sites\/uvigo.gal\/files\/contents\/paragraph-file\/2018-10\/proposta_estudos.pdf\" target=\"_blank\" rel=\"noopener\">Proposta de estudos<\/a><br \/>\r\n<a href=\"https:\/\/www.uvigo.gal\/sites\/uvigo.gal\/files\/contents\/paragraph-file\/2018-12\/certificado-de-estadia.pdf\" target=\"_blank\" rel=\"noopener\">Certificado de estad\u00eda<\/a><\/p>\r\n<\/p>\n\t<p class=\"mb-2\"><a class=\"btn btn-outline-primary btn-icon\" style=\"text-transform: none;\" href=\"https:\/\/secretaria.uvigo.gal\/uv\/web\/normativa\/public\/show\/211\" target=\"_blank\" rel=\"noopener\">Consulta a convocatoria<\/a><\/p>\n\t<br\/><br\/>\n\n","protected":false},"excerpt":{"rendered":"","protected":false},"author":2,"featured_media":0,"parent":1713,"menu_order":4,"comment_status":"closed","ping_status":"closed","template":"","meta":{"footnotes":""},"class_list":["post-1743","page","type-page","status-publish","hentry"],"_links":{"self":[{"href":"https:\/\/mila.uvigo.gal\/gl\/wp-json\/wp\/v2\/pages\/1743","targetHints":{"allow":["GET"]}}],"collection":[{"href":"https:\/\/mila.uvigo.gal\/gl\/wp-json\/wp\/v2\/pages"}],"about":[{"href":"https:\/\/mila.uvigo.gal\/gl\/wp-json\/wp\/v2\/types\/page"}],"author":[{"embeddable":true,"href":"https:\/\/mila.uvigo.gal\/gl\/wp-json\/wp\/v2\/users\/2"}],"replies":[{"embeddable":true,"href":"https:\/\/mila.uvigo.gal\/gl\/wp-json\/wp\/v2\/comments?post=1743"}],"version-history":[{"count":3,"href":"https:\/\/mila.uvigo.gal\/gl\/wp-json\/wp\/v2\/pages\/1743\/revisions"}],"predecessor-version":[{"id":12022,"href":"https:\/\/mila.uvigo.gal\/gl\/wp-json\/wp\/v2\/pages\/1743\/revisions\/12022"}],"up":[{"embeddable":true,"href":"https:\/\/mila.uvigo.gal\/gl\/wp-json\/wp\/v2\/pages\/1713"}],"wp:attachment":[{"href":"https:\/\/mila.uvigo.gal\/gl\/wp-json\/wp\/v2\/media?parent=1743"}],"curies":[{"name":"wp","href":"https:\/\/api.w.org\/{rel}","templated":true}]}}